{"id":1341,"date":"2020-05-20T13:31:03","date_gmt":"2020-05-20T13:31:03","guid":{"rendered":"https:\/\/solium.legal\/?page_id=1341"},"modified":"2025-12-12T14:14:51","modified_gmt":"2025-12-12T14:14:51","slug":"mercantil-societario","status":"publish","type":"page","link":"https:\/\/solium.legal\/en\/areas-practicas\/mercantil-societario\/","title":{"rendered":"Corporate"},"content":{"rendered":"<div  data-mk-stretch-content=\"true\" class=\"wpb_row vc_row vc_row-fluid jupiter-donut- mk-fullwidth-false  attched-false     js-master-row  mk-grid\">\n\t\t\t\t\n<div class=\"vc_col-sm-12 wpb_column column_container  jupiter-donut- _ jupiter-donut-height-full\">\n\t\n<div id=\"padding-2\" class=\"mk-padding-divider jupiter-donut-  jupiter-donut-clearfix\"><\/div>\n\n<h2 style=\"color: #1e73be;text-align: left;font-family:Quicksand;font-weight:300;font-style:normal\" class=\"vc_custom_heading\" ><a href=\"\"><strong>CORPORATE<\/strong><\/a><\/h2>\n<div id=\"padding-3\" class=\"mk-padding-divider jupiter-donut-  jupiter-donut-clearfix\"><\/div>\n\n\n<div id=\"box-icon-4\" class=\"mk-box-icon  jupiter-donut- simple_minimal-style   jupiter-donut-clearfix\">\n\n    <h4 class=\"icon-box-title\"><i class=\"mk-main-ico small\"><svg  class=\"mk-svg-icon\" data-name=\"mk-icon-bookmark-o\" data-cacheid=\"icon-69de9bc9c91e2\" xmlns=\"http:\/\/www.w3.org\/2000\/svg\" viewbox=\"0 0 1280 1792\"><path d=\"M1152 256h-1024v1242l423-406 89-85 89 85 423 406v-1242zm12-128q23 0 44 9 33 13 52.5 41t19.5 62v1289q0 34-19.5 62t-52.5 41q-19 8-44 8-48 0-83-32l-441-424-441 424q-36 33-83 33-23 0-44-9-33-13-52.5-41t-19.5-62v-1289q0-34 19.5-62t52.5-41q21-9 44-9h1048z\"\/><\/svg><\/i><span>MANAGER<\/span><div class=\"clearboth\"><\/div><\/h4><p><a href=\"https:\/\/solium.legal\/en\/team\/eugenio-llamas-pombo\/\"><strong>Eugenio Llamas Pombo<\/strong><\/a><\/p>\n\n    <div class=\"clearboth\"><\/div>\n<\/div>\n\n\n\n\n<div class=\"vc_empty_space\"   style=\"height: 15px\"><span class=\"vc_empty_space_inner\"><\/span><\/div>\n<div id=\"box-icon-5\" class=\"mk-box-icon  jupiter-donut- simple_minimal-style   jupiter-donut-clearfix\">\n\n    <h4 class=\"icon-box-title\"><i class=\"mk-main-ico small\"><svg  class=\"mk-svg-icon\" data-name=\"mk-icon-bookmark-o\" data-cacheid=\"icon-69de9bc9c9961\" xmlns=\"http:\/\/www.w3.org\/2000\/svg\" viewbox=\"0 0 1280 1792\"><path d=\"M1152 256h-1024v1242l423-406 89-85 89 85 423 406v-1242zm12-128q23 0 44 9 33 13 52.5 41t19.5 62v1289q0 34-19.5 62t-52.5 41q-19 8-44 8-48 0-83-32l-441-424-441 424q-36 33-83 33-23 0-44-9-33-13-52.5-41t-19.5-62v-1289q0-34 19.5-62t52.5-41q21-9 44-9h1048z\"\/><\/svg><\/i><span>ASSOCIATE PARTNERS<\/span><div class=\"clearboth\"><\/div><\/h4><p><a href=\"https:\/\/solium.legal\/en\/team\/gonzalo-diaz\/\"><strong>Gonzalo D\u00edaz Rodr\u00edguez<\/strong><\/a><\/p>\n\n    <div class=\"clearboth\"><\/div>\n<\/div>\n\n\n\n\n<div class=\"vc_separator wpb_content_element vc_separator_align_center vc_sep_width_100 vc_sep_pos_align_center vc_separator_no_text vc_custom_1594762870707  vc_custom_1594762870707\" ><span class=\"vc_sep_holder vc_sep_holder_l\"><span  style=\"border-color:#1e73be;\" class=\"vc_sep_line\"><\/span><\/span><span class=\"vc_sep_holder vc_sep_holder_r\"><span  style=\"border-color:#1e73be;\" class=\"vc_sep_line\"><\/span><\/span>\n<\/div>\t<div class=\"vc_custom_1594418653087\">\n\n<div id=\"text-block-6\" class=\"mk-text-block  jupiter-donut-\">\n\n\t\n\t<p style=\"text-align: justify;\">Our professionals have extensive experience in the resolution of legal-business conflicts and specifically in the area of commercial and corporate law, assisting the company in all phases of its social life, both in its internal relations (partners-company) and external (other commercial entities, individuals and national and foreign Public Entities). Our firm focuses on offering its clients tailor-made solutions that guarantee their efficiency without losing sight of the legal risks that the client may face in the future.<\/p>\n<p>In this area we develop the following activities:<\/p>\n<ul>\n<li>Assistance in all legal areas related to the company's activity.<\/li>\n<li>General commercial contracts and, especially, distribution and commercial agency contracts, franchising and cession of rights.<\/li>\n<li>Formation and companies.<\/li>\n<li>Statutory reforms.<\/li>\n<li>Advising the corporate management bodies, including acting as secretaries (not directors) of the Board.<\/li>\n<li>Assistance and counseling in the holding of General Meetings.<\/li>\n<li>Corporate reestructurings (mergers, spin-offs, global assignment of assets and liabilities, etc...)<\/li>\n<li>Evaluation of the liability of the administrators in the corporate acts and of the risk inherent to the development of the provision of their services, before the company and third parties.<\/li>\n<li>Agreements between partners.<\/li>\n<li>Capital increases and reductions.<\/li>\n<li>Advice on the preparation of \"due diligence\".<\/li>\n<li>Legal assistance in acquisitions and sales of companies.<\/li>\n<\/ul>\n\n\t<div class=\"clearboth\"><\/div>\n<\/div>\n\n\t<\/div>\n\n<div id=\"padding-7\" class=\"mk-padding-divider jupiter-donut-  jupiter-donut-clearfix\"><\/div>\n\n<div class=\"vc_btn3-container vc_btn3-center vc_custom_1595090232408\" ><a class=\"vc_general vc_btn3 vc_btn3-size-lg vc_btn3-shape-square vc_btn3-style-modern vc_btn3-color-peacoc\" href=\"https:\/\/solium.legal\/en\/contacto\/\" title=\"CONTACT US\">CONTACT US<\/a><\/div><\/div>\n\t<\/div>","protected":false},"excerpt":{"rendered":"MERCANTIL Y SOCIETARIO RESPONSABLE DE \u00c1REAEugenio Llamas Pombo socios adscritosGonzalo D\u00edaz Rodr\u00edguez Nuestros profesionales tienen una dilatada experiencia en la resoluci\u00f3n de la problem\u00e1tica jur\u00eddica-empresarial y concretamente en el \u00e1rea de derecho mercantil y societario, asistiendo a la empresa en todas las fases de su vida social, tanto en sus relaciones internas (socios-sociedad) como externas [...]","protected":false},"author":2,"featured_media":0,"parent":17,"menu_order":0,"comment_status":"closed","ping_status":"closed","template":"","meta":{"footnotes":""},"class_list":["post-1341","page","type-page","status-publish","hentry"],"_links":{"self":[{"href":"https:\/\/solium.legal\/en\/wp-json\/wp\/v2\/pages\/1341","targetHints":{"allow":["GET"]}}],"collection":[{"href":"https:\/\/solium.legal\/en\/wp-json\/wp\/v2\/pages"}],"about":[{"href":"https:\/\/solium.legal\/en\/wp-json\/wp\/v2\/types\/page"}],"author":[{"embeddable":true,"href":"https:\/\/solium.legal\/en\/wp-json\/wp\/v2\/users\/2"}],"replies":[{"embeddable":true,"href":"https:\/\/solium.legal\/en\/wp-json\/wp\/v2\/comments?post=1341"}],"version-history":[{"count":39,"href":"https:\/\/solium.legal\/en\/wp-json\/wp\/v2\/pages\/1341\/revisions"}],"predecessor-version":[{"id":3308,"href":"https:\/\/solium.legal\/en\/wp-json\/wp\/v2\/pages\/1341\/revisions\/3308"}],"up":[{"embeddable":true,"href":"https:\/\/solium.legal\/en\/wp-json\/wp\/v2\/pages\/17"}],"wp:attachment":[{"href":"https:\/\/solium.legal\/en\/wp-json\/wp\/v2\/media?parent=1341"}],"curies":[{"name":"wp","href":"https:\/\/api.w.org\/{rel}","templated":true}]}}