{"id":1392,"date":"2020-05-20T17:01:52","date_gmt":"2020-05-20T17:01:52","guid":{"rendered":"https:\/\/solium.legal\/?page_id=1392"},"modified":"2025-11-28T18:31:05","modified_gmt":"2025-11-28T18:31:05","slug":"concursal-y-reestructuraciones","status":"publish","type":"page","link":"https:\/\/solium.legal\/en\/areas-practicas\/concursal-y-reestructuraciones\/","title":{"rendered":"Insolvency &amp; Restructuring"},"content":{"rendered":"<div  data-mk-stretch-content=\"true\" class=\"wpb_row vc_row vc_row-fluid jupiter-donut- mk-fullwidth-false  attched-false     js-master-row  mk-grid\">\n\t\t\t\t\n<div class=\"vc_col-sm-12 wpb_column column_container  jupiter-donut- _ jupiter-donut-height-full\">\n\t\n<div id=\"padding-2\" class=\"mk-padding-divider jupiter-donut-  jupiter-donut-clearfix\"><\/div>\n\n<h2 style=\"color: #1e73be;text-align: left;font-family:Quicksand;font-weight:400;font-style:normal\" class=\"vc_custom_heading\" ><strong>Insolvency &amp; Restructuring <\/strong><\/h2>\n<div id=\"padding-3\" class=\"mk-padding-divider jupiter-donut-  jupiter-donut-clearfix\"><\/div>\n\n\n<div id=\"box-icon-4\" class=\"mk-box-icon  jupiter-donut- simple_minimal-style   jupiter-donut-clearfix\">\n\n    <h4 class=\"icon-box-title\"><i class=\"mk-main-ico small\"><svg  class=\"mk-svg-icon\" data-name=\"mk-icon-bookmark-o\" data-cacheid=\"icon-69d97ec8d127b\" xmlns=\"http:\/\/www.w3.org\/2000\/svg\" viewbox=\"0 0 1280 1792\"><path d=\"M1152 256h-1024v1242l423-406 89-85 89 85 423 406v-1242zm12-128q23 0 44 9 33 13 52.5 41t19.5 62v1289q0 34-19.5 62t-52.5 41q-19 8-44 8-48 0-83-32l-441-424-441 424q-36 33-83 33-23 0-44-9-33-13-52.5-41t-19.5-62v-1289q0-34 19.5-62t52.5-41q21-9 44-9h1048z\"\/><\/svg><\/i><span>MANAGERS<\/span><div class=\"clearboth\"><\/div><\/h4><p><a href=\"https:\/\/solium.legal\/en\/team\/eugenio-llamas-pombo\/\"><strong>Eugenio Llamas Pombo<\/strong><\/a><\/p>\n<p><a href=\"https:\/\/solium.legal\/en\/team\/gonzalo-diaz\/\"><strong>Gonzalo D\u00edaz Rodr\u00edguez<\/strong><\/a><\/p>\n\n    <div class=\"clearboth\"><\/div>\n<\/div>\n\n\n\n\n\n<div id=\"padding-5\" class=\"mk-padding-divider jupiter-donut-  jupiter-donut-clearfix\"><\/div>\n\n\n<div id=\"box-icon-6\" class=\"mk-box-icon  jupiter-donut- simple_minimal-style   jupiter-donut-clearfix\">\n\n    <h4 class=\"icon-box-title\"><i class=\"mk-main-ico small\"><svg  class=\"mk-svg-icon\" data-name=\"mk-icon-bookmark-o\" data-cacheid=\"icon-69d97ec8d1a4b\" xmlns=\"http:\/\/www.w3.org\/2000\/svg\" viewbox=\"0 0 1280 1792\"><path d=\"M1152 256h-1024v1242l423-406 89-85 89 85 423 406v-1242zm12-128q23 0 44 9 33 13 52.5 41t19.5 62v1289q0 34-19.5 62t-52.5 41q-19 8-44 8-48 0-83-32l-441-424-441 424q-36 33-83 33-23 0-44-9-33-13-52.5-41t-19.5-62v-1289q0-34 19.5-62t52.5-41q21-9 44-9h1048z\"\/><\/svg><\/i><span>ASSOCIATE PARTNERS<\/span><div class=\"clearboth\"><\/div><\/h4><p><a href=\"https:\/\/solium.legal\/en\/team\/rafael-sanchez-garcia\/\"><strong>Rafael S\u00e1nchez Garc\u00eda<\/strong><\/a><\/p>\n\n    <div class=\"clearboth\"><\/div>\n<\/div>\n\n\n\n\n\n<div id=\"padding-7\" class=\"mk-padding-divider jupiter-donut-  jupiter-donut-clearfix\"><\/div>\n\n<div class=\"vc_separator wpb_content_element vc_separator_align_center vc_sep_width_100 vc_sep_pos_align_center vc_separator_no_text vc_custom_1594763889129  vc_custom_1594763889129\" ><span class=\"vc_sep_holder vc_sep_holder_l\"><span  style=\"border-color:#1e73be;\" class=\"vc_sep_line\"><\/span><\/span><span class=\"vc_sep_holder vc_sep_holder_r\"><span  style=\"border-color:#1e73be;\" class=\"vc_sep_line\"><\/span><\/span>\n<\/div><\/div>\n\t<\/div>\n\n<div  data-mk-stretch-content=\"true\" class=\"wpb_row vc_row vc_row-fluid jupiter-donut- mk-fullwidth-false  attched-false     js-master-row  mk-grid\">\n\t\t\t\t\n<div class=\"vc_col-sm-12 wpb_column column_container  jupiter-donut- _ jupiter-donut-height-full\">\n\t\t<div class=\"vc_custom_1712743883831\">\n\n<div id=\"text-block-9\" class=\"mk-text-block  jupiter-donut-\">\n\n\t\n\t<p style=\"text-align: left;\">On September 26, 2022, Law 16\/2022: Main novelties of the insolvency reform entered into force. It is a reform carried out as a consequence of the Restructuring Directive 2019\/1023. The aim of the reform is to solve the limitations of the Spanish insolvency system, focusing on the insolvency pre-pack and introducing major novelties in the benefit of exoneration of unsatisfied liabilities.<\/p>\n<p>The core of the new regulations are the restructuring plans, which are defined as an action at a stage of difficulties prior to the current pre-bankruptcy instruments, without the stigma associated with bankruptcy and with characteristics that increase their effectiveness.<\/p>\n<p>For all these reasons, the new insolvency legislation represents a radical change in the insolvency processing of companies and individuals.<\/p>\n<p>&nbsp;<\/p>\n<p><strong>WE ARE PROFESSIONAL SPECIALISTS IN INSOLVENCY LAW<\/strong><\/p>\n<p style=\"text-align: justify;\">Specifically, in this practice area we offer our clients the following services:<\/p>\n<ul>\n<li>Analysis and advice in pre-bankruptcy phase.<\/li>\n<li>Debt renegotiation and refinancing agreements.<\/li>\n<li>Elaboration of all the necessary documentation in the request for tender.<\/li>\n<li>Preparation of Viability Plans and negotiation with creditors.<\/li>\n<li>Management of labor issues within the insolvency proceedings.<\/li>\n<li>Liability of the corporate administrators in voluntary and\/or necessary insolvency proceedings.<\/li>\n<li>Preparation of liquidation plans. Assistance in orderly liquidation.<\/li>\n<li>Protection of credits: challenge and recognition of credits in bankruptcy proceedings, as well as their claim outside the bankruptcy to company administrators and partners in cases of communication of patrimonial responsibility.<\/li>\n<li>Legal direction and defense in bankruptcy proceedings.<br \/>\nThis area will deal with matters arising from insolvency, both of legal entities and individuals, extending to pre-bankruptcy, bankruptcy and financial restructuring.<\/li>\n<\/ul>\n<p>&nbsp;<\/p>\n<p><strong>WE ARE INSOLVENCY ADMINISTRATORS<\/strong><\/p>\n<p style=\"text-align: justify;\">The appointment of SOLIUM LEGAL S.L.P. as insolvency administrator, in any type of procedure and type of insolvent entity, involves the creation of a multidisciplinary team that, under the direct direction and control of one of the partners, appointed as representative in the procedure, will integrate legal professionals, specialized in insolvency, commercial and labor law, economists and auditors with experience in company management and economic-financial analysis, as well as in refinancing and debt restructuring processes.<\/p>\n<p style=\"text-align: justify;\">In addition to the qualified staff of SOLIUM LEGAL S.L.P., we have human resources, technical and material means to successfully face the responsibility of managing bankrupt entities, always with the ultimate goal of defending the rights of creditors, of the bankrupt entity or individual and, ultimately, to collaborate with the head of the commercial court in the development of the bankruptcy proceedings.<\/p>\n<p style=\"text-align: justify;\">SOLIUM LEGAL S.L.P. offers a qualified, homogeneous and comprehensive service thanks to the legal, economic, financial, banking, management and accounting specialization of the lawyers and economists who are part of the firm and covers the different areas of practice inherent to any bankruptcy: labor (ERES, individual terminations, resolution of labor conflicts), civil-procedural, corporate restructuring (mergers and acquisitions), economic viability analysis, tax and tax management.<\/p>\n\n\t<div class=\"clearboth\"><\/div>\n<\/div>\n\n\t<\/div>\n\n<div id=\"padding-10\" class=\"mk-padding-divider jupiter-donut-  jupiter-donut-clearfix\"><\/div>\n\n<div class=\"vc_btn3-container vc_btn3-center vc_custom_1595090146018\" ><a class=\"vc_general vc_btn3 vc_btn3-size-lg vc_btn3-shape-square vc_btn3-style-modern vc_btn3-color-peacoc\" href=\"https:\/\/solium.legal\/en\/contacto\/\" title=\"CONTACT US\">CONTACT US<\/a><\/div><\/div>\n\t<\/div>","protected":false},"excerpt":{"rendered":"Concursal y Reestructuraciones RESPONSABLES DE \u00c1REAEugenio Llamas Pombo Gonzalo D\u00edaz Rodr\u00edguez SOCIOS ADSCRITOSRafael S\u00e1nchez Garc\u00eda El 26 de septiembre de 2022 entr\u00f3 en vigor Ley 16\/2022: Principales novedades de la reforma concursal, en vigor desde el pasado 26 de septiembre. Se trata de una reforma que se realiza a consecuencia de la Directiva de reestructuraciones [...]","protected":false},"author":2,"featured_media":0,"parent":17,"menu_order":0,"comment_status":"closed","ping_status":"closed","template":"","meta":{"footnotes":""},"class_list":["post-1392","page","type-page","status-publish","hentry"],"_links":{"self":[{"href":"https:\/\/solium.legal\/en\/wp-json\/wp\/v2\/pages\/1392","targetHints":{"allow":["GET"]}}],"collection":[{"href":"https:\/\/solium.legal\/en\/wp-json\/wp\/v2\/pages"}],"about":[{"href":"https:\/\/solium.legal\/en\/wp-json\/wp\/v2\/types\/page"}],"author":[{"embeddable":true,"href":"https:\/\/solium.legal\/en\/wp-json\/wp\/v2\/users\/2"}],"replies":[{"embeddable":true,"href":"https:\/\/solium.legal\/en\/wp-json\/wp\/v2\/comments?post=1392"}],"version-history":[{"count":61,"href":"https:\/\/solium.legal\/en\/wp-json\/wp\/v2\/pages\/1392\/revisions"}],"predecessor-version":[{"id":3265,"href":"https:\/\/solium.legal\/en\/wp-json\/wp\/v2\/pages\/1392\/revisions\/3265"}],"up":[{"embeddable":true,"href":"https:\/\/solium.legal\/en\/wp-json\/wp\/v2\/pages\/17"}],"wp:attachment":[{"href":"https:\/\/solium.legal\/en\/wp-json\/wp\/v2\/media?parent=1392"}],"curies":[{"name":"wp","href":"https:\/\/api.w.org\/{rel}","templated":true}]}}