{"id":1402,"date":"2020-05-20T17:05:35","date_gmt":"2020-05-20T17:05:35","guid":{"rendered":"https:\/\/solium.legal\/?page_id=1402"},"modified":"2025-09-04T15:35:51","modified_gmt":"2025-09-04T15:35:51","slug":"laboral-y-seguridad-social","status":"publish","type":"page","link":"https:\/\/solium.legal\/en\/areas-practicas\/laboral-y-seguridad-social\/","title":{"rendered":"LABOR LAW &amp; SOCIAL INSURANCE"},"content":{"rendered":"<div  data-mk-stretch-content=\"true\" class=\"wpb_row vc_row vc_row-fluid jupiter-donut- mk-fullwidth-false  attched-false     js-master-row  mk-grid\">\n\t\t\t\t\n<div class=\"vc_col-sm-12 wpb_column column_container  jupiter-donut- _ jupiter-donut-height-full\">\n\t\n<div id=\"padding-2\" class=\"mk-padding-divider jupiter-donut-  jupiter-donut-clearfix\"><\/div>\n\n<h2 style=\"color: #1e73be;text-align: left;font-family:Quicksand;font-weight:300;font-style:normal\" class=\"vc_custom_heading\" ><a href=\"\"><strong>LABOR LAW &amp; SOCIAL INSURANCE<\/strong><\/a><\/h2>\n<div id=\"padding-3\" class=\"mk-padding-divider jupiter-donut-  jupiter-donut-clearfix\"><\/div>\n\n\n<div id=\"padding-4\" class=\"mk-padding-divider jupiter-donut-  jupiter-donut-clearfix\"><\/div>\n\n<div class=\"vc_separator wpb_content_element vc_separator_align_center vc_sep_width_100 vc_sep_pos_align_center vc_separator_no_text vc_custom_1594765421622  vc_custom_1594765421622\" ><span class=\"vc_sep_holder vc_sep_holder_l\"><span  style=\"border-color:#126fb4;\" class=\"vc_sep_line\"><\/span><\/span><span class=\"vc_sep_holder vc_sep_holder_r\"><span  style=\"border-color:#126fb4;\" class=\"vc_sep_line\"><\/span><\/span>\n<\/div>\t<div class=\"vc_custom_1594417840601\">\n\n<div id=\"text-block-5\" class=\"mk-text-block  jupiter-donut-\">\n\n\t\n\t<p style=\"text-align: justify;\">This department is in charge of all the services that fall within this practice of law. Among the most outstanding are:<\/p>\n<ul>\n<li>Labor law in general.<\/li>\n<li>Social Security, mutual insurance companies for occupational accidents, occupational hazard prevention and systems for making working conditions more flexible.<\/li>\n<li>Employment Regulation Proceedings and Temporary Employment Regulation Proceedings.<\/li>\n<\/ul>\n<p style=\"text-align: justify;\">Our professionals are also in charge of proceedings related with General State, regional and local administrations.<\/p>\n<p style=\"text-align: justify;\">Planning of labor relations, with advice on hiring, remuneration and systems of flexible working conditions.<\/p>\n<p style=\"text-align: justify;\">Assistance and representation of companies in colective negotiations (agreements and covenants).<\/p>\n<p style=\"text-align: justify;\">Assistance and counseling to companies in crisis: modification of working conditions, restructuring of workforces (EREs, individual cancellation of jobs, labor mobility), temporary layoffs and other legal instruments that allow adapting social costs to the needs of the company.<\/p>\n<p style=\"text-align: justify;\">Defense and legal direction before the Labor Administration Bodies and before the Social Jurisdiction Bodies in any disputes that may be brought against the company.<\/p>\n<p style=\"text-align: justify;\">Advice and representation in the transfer of companies, insofar as it affects a possible business succession.<\/p>\n<p style=\"text-align: justify;\">Outsourcing and subcontracting of activities.<\/p>\n<p style=\"text-align: left;\">Labor and social security audits (due diligence).<\/p>\n\n\t<div class=\"clearboth\"><\/div>\n<\/div>\n\n\t<\/div>\n\n<div id=\"padding-6\" class=\"mk-padding-divider jupiter-donut-  jupiter-donut-clearfix\"><\/div>\n\n<div class=\"vc_btn3-container vc_btn3-center vc_custom_1595090195454\" ><a class=\"vc_general vc_btn3 vc_btn3-size-lg vc_btn3-shape-square vc_btn3-style-modern vc_btn3-color-peacoc\" href=\"https:\/\/solium.legal\/en\/contacto\/\" title=\"CONTACT US\">CONTACT US<\/a><\/div><\/div>\n\t<\/div>","protected":false},"excerpt":{"rendered":"LABORAL Y SEGURIDAD SOCIAL Este departamento se encarga de todos los servicios que se encuadran dentro de esta pr\u00e1ctica del Derecho. Entre los m\u00e1s destacados est\u00e1n: Derecho laboral en general. Seguridad social, mutuas de accidentes de trabajo, prevenci\u00f3n de riesgos laborales e incapacidades. Expedientes de Regulaci\u00f3n de Empleo y Expedientes de Regulaci\u00f3n Temporal de Empleo. [...]","protected":false},"author":2,"featured_media":0,"parent":17,"menu_order":0,"comment_status":"closed","ping_status":"closed","template":"","meta":{"footnotes":""},"class_list":["post-1402","page","type-page","status-publish","hentry"],"_links":{"self":[{"href":"https:\/\/solium.legal\/en\/wp-json\/wp\/v2\/pages\/1402","targetHints":{"allow":["GET"]}}],"collection":[{"href":"https:\/\/solium.legal\/en\/wp-json\/wp\/v2\/pages"}],"about":[{"href":"https:\/\/solium.legal\/en\/wp-json\/wp\/v2\/types\/page"}],"author":[{"embeddable":true,"href":"https:\/\/solium.legal\/en\/wp-json\/wp\/v2\/users\/2"}],"replies":[{"embeddable":true,"href":"https:\/\/solium.legal\/en\/wp-json\/wp\/v2\/comments?post=1402"}],"version-history":[{"count":22,"href":"https:\/\/solium.legal\/en\/wp-json\/wp\/v2\/pages\/1402\/revisions"}],"predecessor-version":[{"id":3193,"href":"https:\/\/solium.legal\/en\/wp-json\/wp\/v2\/pages\/1402\/revisions\/3193"}],"up":[{"embeddable":true,"href":"https:\/\/solium.legal\/en\/wp-json\/wp\/v2\/pages\/17"}],"wp:attachment":[{"href":"https:\/\/solium.legal\/en\/wp-json\/wp\/v2\/media?parent=1402"}],"curies":[{"name":"wp","href":"https:\/\/api.w.org\/{rel}","templated":true}]}}