{"id":1408,"date":"2020-05-20T17:07:14","date_gmt":"2020-05-20T17:07:14","guid":{"rendered":"https:\/\/solium.legal\/?page_id=1408"},"modified":"2025-09-04T15:35:07","modified_gmt":"2025-09-04T15:35:07","slug":"economico-y-financiero","status":"publish","type":"page","link":"https:\/\/solium.legal\/en\/areas-practicas\/economico-y-financiero\/","title":{"rendered":"Economy &amp; Finance"},"content":{"rendered":"<div  data-mk-stretch-content=\"true\" class=\"wpb_row vc_row vc_row-fluid jupiter-donut- mk-fullwidth-false  attched-false     js-master-row  mk-grid\">\n\t\t\t\t\n<div class=\"vc_col-sm-12 wpb_column column_container  jupiter-donut- _ jupiter-donut-height-full\">\n\t\n<div id=\"padding-2\" class=\"mk-padding-divider jupiter-donut-  jupiter-donut-clearfix\"><\/div>\n\n<h2 style=\"color: #1e73be;text-align: left;font-family:Quicksand;font-weight:300;font-style:normal\" class=\"vc_custom_heading\" ><a href=\"\"><strong>Economy &amp; Finance<\/strong><\/a><\/h2>\n<div id=\"padding-3\" class=\"mk-padding-divider jupiter-donut-  jupiter-donut-clearfix\"><\/div>\n\n\n<div id=\"box-icon-4\" class=\"mk-box-icon  jupiter-donut- simple_minimal-style   jupiter-donut-clearfix\">\n\n    <h4 class=\"icon-box-title\"><i class=\"mk-main-ico small\"><\/i><span><\/span><div class=\"clearboth\"><\/div><\/h4>\n    <div class=\"clearboth\"><\/div>\n<\/div>\n\n\n\n\n<div class=\"vc_separator wpb_content_element vc_separator_align_center vc_sep_width_100 vc_sep_pos_align_center vc_separator_no_text vc_custom_1594764114580  vc_custom_1594764114580\" ><span class=\"vc_sep_holder vc_sep_holder_l\"><span  style=\"border-color:#1e73be;\" class=\"vc_sep_line\"><\/span><\/span><span class=\"vc_sep_holder vc_sep_holder_r\"><span  style=\"border-color:#1e73be;\" class=\"vc_sep_line\"><\/span><\/span>\n<\/div>\t<div class=\"vc_custom_1594764192366\">\n\n<div id=\"text-block-5\" class=\"mk-text-block  jupiter-donut-\">\n\n\t\n\t<p style=\"text-align: justify;\">Our firm has highly specialized personnel in business economics, organization, management and economic and financial planning, trained to support and advise companies in expansion and growth, in the national and global market, as well as to face crisis situations. We assist the company in the restructuring processes necessary to successfully achieve the proposed strategic objectives and, if necessary, to get out of foreseeable or current insolvency situations, collaborating in the modification of the company's organizational, financial and management structures. SOLIUM LEGAL S.L.P. takes special interest in all the support and advice required by entrepreneurs, investors and start ups, in the beginning of the business project, its development, national and international expansion, attracting investment, and \/ or, where appropriate, sale of the company, and all this, from the closeness and dedication of our services.<\/p>\n<p style=\"text-align: justify;\"><strong>Specific services in this area:<\/strong><\/p>\n<ul>\n<li style=\"text-align: justify;\">Preparation of investment projects and profitability studies.<\/li>\n<li style=\"text-align: justify;\">Presentation to investors of Business Plan and negotiation protocols.<\/li>\n<li style=\"text-align: justify;\">Strategic and Operational Diagnosis of the Company: highlighting its weaknesses and inefficient structures.<\/li>\n<li style=\"text-align: justify;\">Elaboration of Feasibility Plans and assistance in their execution.<\/li>\n<li style=\"text-align: justify;\">Implementation of management control systems. Integral Management Control. (Financial Management).<\/li>\n<li style=\"text-align: justify;\">Annual Budget and Budgetary Control.<\/li>\n<li style=\"text-align: justify;\">Assistance in obtaining external financing. Negotiation with Financial Entities and Stakeholders.<\/li>\n<li style=\"text-align: justify;\">Advice on the sale and acquisition of companies: valuation and due diligence.<\/li>\n<li style=\"text-align: justify;\">Advice and assistance in the operational processes of the company: analysis of accounting and its compliance with accounting law (set of rules governing the preparation of accounting and its presentation to third parties), consolidation procedures for the accounting of groups of companies, implementation of computerized management and accounting systems.<\/li>\n<li style=\"text-align: justify;\">Preparation and defense of expert reports in business, financial and corporate conflicts and in any contentious situation, before judicial and administrative bodies.<\/li>\n<\/ul>\n\n\t<div class=\"clearboth\"><\/div>\n<\/div>\n\n\t<\/div>\n\n<div id=\"padding-6\" class=\"mk-padding-divider jupiter-donut-  jupiter-donut-clearfix\"><\/div>\n\n<div class=\"vc_btn3-container vc_btn3-center vc_custom_1595090160237\" ><a class=\"vc_general vc_btn3 vc_btn3-size-lg vc_btn3-shape-square vc_btn3-style-modern vc_btn3-color-peacoc\" href=\"https:\/\/solium.legal\/en\/contacto\/\" title=\"CONTACT US\">CONTACT US<\/a><\/div><\/div>\n\t<\/div>","protected":false},"excerpt":{"rendered":"Econ\u00f3mico y Financiero Nuestra Firma cuenta con personal altamente especializado en la econom\u00eda de la empresa, su organizaci\u00f3n, gesti\u00f3n y planificaci\u00f3n econ\u00f3mica y financiera, capacitado tanto para apoyar y asesorar a empresas en expansi\u00f3n y crecimiento, en el mercado nacional y global, como para afrontar situaciones de crisis. Asistimos a la empresa en los procesos [...]","protected":false},"author":2,"featured_media":0,"parent":17,"menu_order":0,"comment_status":"closed","ping_status":"closed","template":"","meta":{"footnotes":""},"class_list":["post-1408","page","type-page","status-publish","hentry"],"_links":{"self":[{"href":"https:\/\/solium.legal\/en\/wp-json\/wp\/v2\/pages\/1408","targetHints":{"allow":["GET"]}}],"collection":[{"href":"https:\/\/solium.legal\/en\/wp-json\/wp\/v2\/pages"}],"about":[{"href":"https:\/\/solium.legal\/en\/wp-json\/wp\/v2\/types\/page"}],"author":[{"embeddable":true,"href":"https:\/\/solium.legal\/en\/wp-json\/wp\/v2\/users\/2"}],"replies":[{"embeddable":true,"href":"https:\/\/solium.legal\/en\/wp-json\/wp\/v2\/comments?post=1408"}],"version-history":[{"count":35,"href":"https:\/\/solium.legal\/en\/wp-json\/wp\/v2\/pages\/1408\/revisions"}],"predecessor-version":[{"id":3192,"href":"https:\/\/solium.legal\/en\/wp-json\/wp\/v2\/pages\/1408\/revisions\/3192"}],"up":[{"embeddable":true,"href":"https:\/\/solium.legal\/en\/wp-json\/wp\/v2\/pages\/17"}],"wp:attachment":[{"href":"https:\/\/solium.legal\/en\/wp-json\/wp\/v2\/media?parent=1408"}],"curies":[{"name":"wp","href":"https:\/\/api.w.org\/{rel}","templated":true}]}}