{"id":1410,"date":"2020-05-20T17:08:21","date_gmt":"2020-05-20T17:08:21","guid":{"rendered":"https:\/\/solium.legal\/?page_id=1410"},"modified":"2021-10-25T17:56:42","modified_gmt":"2021-10-25T17:56:42","slug":"compliance","status":"publish","type":"page","link":"https:\/\/solium.legal\/en\/areas-practicas\/compliance\/","title":{"rendered":"Compliance"},"content":{"rendered":"<div  data-mk-stretch-content=\"true\" class=\"wpb_row vc_row vc_row-fluid jupiter-donut- mk-fullwidth-false  attched-false     js-master-row  mk-grid\">\n\t\t\t\t\n<div class=\"vc_col-sm-12 wpb_column column_container  jupiter-donut- _ jupiter-donut-height-full\">\n\t\n<div id=\"padding-2\" class=\"mk-padding-divider jupiter-donut-  jupiter-donut-clearfix\"><\/div>\n\n<h2 style=\"color: #1e73be;text-align: left;font-family:Quicksand;font-weight:400;font-style:normal\" class=\"vc_custom_heading\" ><strong> Compliance<\/strong><\/h2>\n<div id=\"padding-3\" class=\"mk-padding-divider jupiter-donut-  jupiter-donut-clearfix\"><\/div>\n\n\n<div id=\"box-icon-4\" class=\"mk-box-icon  jupiter-donut- simple_minimal-style   jupiter-donut-clearfix\">\n\n    <h4 class=\"icon-box-title\"><i class=\"mk-main-ico small\"><svg  class=\"mk-svg-icon\" data-name=\"mk-icon-bookmark-o\" data-cacheid=\"icon-69d97ef0cff16\" xmlns=\"http:\/\/www.w3.org\/2000\/svg\" viewbox=\"0 0 1280 1792\"><path d=\"M1152 256h-1024v1242l423-406 89-85 89 85 423 406v-1242zm12-128q23 0 44 9 33 13 52.5 41t19.5 62v1289q0 34-19.5 62t-52.5 41q-19 8-44 8-48 0-83-32l-441-424-441 424q-36 33-83 33-23 0-44-9-33-13-52.5-41t-19.5-62v-1289q0-34 19.5-62t52.5-41q21-9 44-9h1048z\"\/><\/svg><\/i><span>MANAGER<\/span><div class=\"clearboth\"><\/div><\/h4><p><a href=\"https:\/\/solium.legal\/en\/team\/lourdes-del-amo\/\"><strong>Lourdes del Amo de la Fuente<\/strong><\/a><\/p>\n\n    <div class=\"clearboth\"><\/div>\n<\/div>\n\n\n\n\n\n<div id=\"padding-5\" class=\"mk-padding-divider jupiter-donut-  jupiter-donut-clearfix\"><\/div>\n\n\n<div id=\"box-icon-6\" class=\"mk-box-icon  jupiter-donut- simple_minimal-style   jupiter-donut-clearfix\">\n\n    <h4 class=\"icon-box-title\"><i class=\"mk-main-ico small\"><svg  class=\"mk-svg-icon\" data-name=\"mk-icon-bookmark-o\" data-cacheid=\"icon-69d97ef0d0592\" xmlns=\"http:\/\/www.w3.org\/2000\/svg\" viewbox=\"0 0 1280 1792\"><path d=\"M1152 256h-1024v1242l423-406 89-85 89 85 423 406v-1242zm12-128q23 0 44 9 33 13 52.5 41t19.5 62v1289q0 34-19.5 62t-52.5 41q-19 8-44 8-48 0-83-32l-441-424-441 424q-36 33-83 33-23 0-44-9-33-13-52.5-41t-19.5-62v-1289q0-34 19.5-62t52.5-41q21-9 44-9h1048z\"\/><\/svg><\/i><span>ASSOCIATE PARTNER<\/span><div class=\"clearboth\"><\/div><\/h4><p><a href=\"https:\/\/solium.legal\/en\/team\/gonzalo-diaz\/\"><strong>Gonzalo D\u00edaz Rodr\u00edguez<\/strong><\/a><\/p>\n\n    <div class=\"clearboth\"><\/div>\n<\/div>\n\n\n\n\n<div class=\"vc_separator wpb_content_element vc_separator_align_center vc_sep_width_100 vc_sep_pos_align_center vc_separator_no_text vc_custom_1594763558009  vc_custom_1594763558009\" ><span class=\"vc_sep_holder vc_sep_holder_l\"><span  style=\"border-color:#1e73be;\" class=\"vc_sep_line\"><\/span><\/span><span class=\"vc_sep_holder vc_sep_holder_r\"><span  style=\"border-color:#1e73be;\" class=\"vc_sep_line\"><\/span><\/span>\n<\/div>\t<div class=\"vc_custom_1635182174204\">\n\n<div id=\"text-block-7\" class=\"mk-text-block  jupiter-donut-\">\n\n\t\n\t<p>Spanish companies are subject to compliance with a wide range of regulations in different areas (industry regulations, data protection, information security, business continuity), the non-compliance with which can generate various risks (legal, economic, reputational) in their organizations.<\/p>\n<p>The implementation of <strong>Risk &amp; Compliance<\/strong> systems aims to minimize these risks and ensure regulatory compliance in all business processes.<\/p>\n<p>A new category of corporate risk was added to this, carried out through the important <strong>reform of the Penal Code (Organic Law 5\/2010, of June 22),<\/strong> \u00a0extending criminal liability to companies, regardless of their size, and obliging them to implement management and crime prevention systems that are effective in detecting and preventing criminal risks that may arise from their organization.<\/p>\n<p>SOLIUM LEGAL offers its clients a team of highly qualified professionals and provides, among others, the following services:<\/p>\n<ul>\n<li>General Compliance. ISO 19600:2014 and UNE-ISO 19600:2015.<\/li>\n<li>Criminal Compliance. UNE 19601:2017.<\/li>\n<li>Tax Compliance. UNE 19602:2019.<\/li>\n<li>Anti-Bribery and Anti-Corruption Compliance. Money Laundering. ISO 37001 and UNE-ISO 37001:2017.<\/li>\n<li>Labor compliance (prevention of labor risks, data protection, money laundering, antitrust...).<\/li>\n<li>Corporate defense: legal assistance in proceedings that may be initiated.<\/li>\n<li>Expert Reports on Compliance Programs, for this purpose SOLIUM LEGAL has <strong>Judicial Experts in Compliance<\/strong> with a nationwide presence.<\/li>\n<\/ul>\n<p>The implementation of Compliance Programs involves:<\/p>\n<ul>\n<li>Advice on the drafting of internal rules: Code of Ethics, Code of Conduct, Corporate Policies, Action Protocols, Disciplinary System, Communication Plan, Training Plan, etc.<\/li>\n<li>Advising the management body on regulatory compliance.<\/li>\n<li>Compliance officer advisory services, Compliance Officer.<\/li>\n<li>Assistance in processes of investigation of conduct contrary to the company's principles.<\/li>\n<li>Advice and implementation of communication or whistleblower channels.<\/li>\n<li>Compliance culture: Training and awareness.<\/li>\n<\/ul>\n\n\t<div class=\"clearboth\"><\/div>\n<\/div>\n\n\t<\/div>\n\n<div id=\"padding-8\" class=\"mk-padding-divider jupiter-donut-  jupiter-donut-clearfix\"><\/div>\n\n<div class=\"vc_btn3-container vc_btn3-center vc_custom_1595090100450\" ><a class=\"vc_general vc_btn3 vc_btn3-size-lg vc_btn3-shape-square vc_btn3-style-modern vc_btn3-color-peacoc\" href=\"https:\/\/solium.legal\/en\/contacto\/\" title=\"CONTACT US\">CONTACT US<\/a><\/div><\/div>\n\t<\/div>","protected":false},"excerpt":{"rendered":"Compliance RESPONSABLE DE \u00c1REALourdes del Amo de la Fuente SOCIO ADSCRITOGonzalo D\u00edaz Rodr\u00edguez Las empresas espa\u00f1olas est\u00e1n sometidas al cumplimiento de abundante regulaci\u00f3n normativa de distintos \u00e1mbitos (normativa sectorial, protecci\u00f3n de datos, seguridad de la informaci\u00f3n, continuidad del negocio), cuyo incumplimiento puede generar diversos riesgos (legales, econ\u00f3micos, reputacionales) en sus organizaciones. La implantaci\u00f3n de sistemas [...]","protected":false},"author":2,"featured_media":0,"parent":17,"menu_order":0,"comment_status":"closed","ping_status":"closed","template":"","meta":{"footnotes":""},"class_list":["post-1410","page","type-page","status-publish","hentry"],"_links":{"self":[{"href":"https:\/\/solium.legal\/en\/wp-json\/wp\/v2\/pages\/1410","targetHints":{"allow":["GET"]}}],"collection":[{"href":"https:\/\/solium.legal\/en\/wp-json\/wp\/v2\/pages"}],"about":[{"href":"https:\/\/solium.legal\/en\/wp-json\/wp\/v2\/types\/page"}],"author":[{"embeddable":true,"href":"https:\/\/solium.legal\/en\/wp-json\/wp\/v2\/users\/2"}],"replies":[{"embeddable":true,"href":"https:\/\/solium.legal\/en\/wp-json\/wp\/v2\/comments?post=1410"}],"version-history":[{"count":27,"href":"https:\/\/solium.legal\/en\/wp-json\/wp\/v2\/pages\/1410\/revisions"}],"predecessor-version":[{"id":2808,"href":"https:\/\/solium.legal\/en\/wp-json\/wp\/v2\/pages\/1410\/revisions\/2808"}],"up":[{"embeddable":true,"href":"https:\/\/solium.legal\/en\/wp-json\/wp\/v2\/pages\/17"}],"wp:attachment":[{"href":"https:\/\/solium.legal\/en\/wp-json\/wp\/v2\/media?parent=1410"}],"curies":[{"name":"wp","href":"https:\/\/api.w.org\/{rel}","templated":true}]}}