{"id":1415,"date":"2020-05-20T17:09:41","date_gmt":"2020-05-20T17:09:41","guid":{"rendered":"https:\/\/solium.legal\/?page_id=1415"},"modified":"2025-12-12T10:22:00","modified_gmt":"2025-12-12T10:22:00","slug":"resolucion-alternativa-de-conflictos","status":"publish","type":"page","link":"https:\/\/solium.legal\/en\/areas-practicas\/resolucion-alternativa-de-conflictos\/","title":{"rendered":"Dispute Resolution (ADR)"},"content":{"rendered":"<div  data-mk-stretch-content=\"true\" class=\"wpb_row vc_row vc_row-fluid jupiter-donut- mk-fullwidth-false  attched-false     js-master-row  mk-grid\">\n\t\t\t\t\n<div class=\"vc_col-sm-12 wpb_column column_container  jupiter-donut- _ jupiter-donut-height-full\">\n\t\n<div id=\"padding-2\" class=\"mk-padding-divider jupiter-donut-  jupiter-donut-clearfix\"><\/div>\n\n<h2 style=\"color: #1e73be;text-align: left;font-family:Quicksand;font-weight:300;font-style:normal\" class=\"vc_custom_heading\" ><a href=\"\"><strong> DISPUTE RESOLUTION (ADR)<\/strong><\/a><\/h2>\n<div id=\"padding-3\" class=\"mk-padding-divider jupiter-donut-  jupiter-donut-clearfix\"><\/div>\n\n\n<div id=\"box-icon-4\" class=\"mk-box-icon  jupiter-donut- simple_minimal-style   jupiter-donut-clearfix\">\n\n    <h4 class=\"icon-box-title\"><i class=\"mk-main-ico small\"><svg  class=\"mk-svg-icon\" data-name=\"mk-icon-bookmark-o\" data-cacheid=\"icon-69d9989d38778\" xmlns=\"http:\/\/www.w3.org\/2000\/svg\" viewbox=\"0 0 1280 1792\"><path d=\"M1152 256h-1024v1242l423-406 89-85 89 85 423 406v-1242zm12-128q23 0 44 9 33 13 52.5 41t19.5 62v1289q0 34-19.5 62t-52.5 41q-19 8-44 8-48 0-83-32l-441-424-441 424q-36 33-83 33-23 0-44-9-33-13-52.5-41t-19.5-62v-1289q0-34 19.5-62t52.5-41q21-9 44-9h1048z\"\/><\/svg><\/i><span>MANAGER<\/span><div class=\"clearboth\"><\/div><\/h4><p><a href=\"https:\/\/solium.legal\/en\/team\/lourdes-del-amo\/\"><strong>Lourdes del Amo de la Fuente<\/strong><\/a><\/p>\n\n    <div class=\"clearboth\"><\/div>\n<\/div>\n\n\n\n\n\n<div id=\"padding-5\" class=\"mk-padding-divider jupiter-donut-  jupiter-donut-clearfix\"><\/div>\n\n\n<div id=\"box-icon-6\" class=\"mk-box-icon  jupiter-donut- simple_minimal-style   jupiter-donut-clearfix\">\n\n    <h4 class=\"icon-box-title\"><i class=\"mk-main-ico small\"><svg  class=\"mk-svg-icon\" data-name=\"mk-icon-bookmark-o\" data-cacheid=\"icon-69d9989d38dbf\" xmlns=\"http:\/\/www.w3.org\/2000\/svg\" viewbox=\"0 0 1280 1792\"><path d=\"M1152 256h-1024v1242l423-406 89-85 89 85 423 406v-1242zm12-128q23 0 44 9 33 13 52.5 41t19.5 62v1289q0 34-19.5 62t-52.5 41q-19 8-44 8-48 0-83-32l-441-424-441 424q-36 33-83 33-23 0-44-9-33-13-52.5-41t-19.5-62v-1289q0-34 19.5-62t52.5-41q21-9 44-9h1048z\"\/><\/svg><\/i><span>ASSOCIATE PARTNER<\/span><div class=\"clearboth\"><\/div><\/h4><p><a href=\"https:\/\/solium.legal\/en\/team\/gonzalo-diaz\/\"><strong>Gonzalo D\u00edaz Rodr\u00edguez<\/strong><\/a><\/p>\n\n    <div class=\"clearboth\"><\/div>\n<\/div>\n\n\n\n\n<div class=\"vc_separator wpb_content_element vc_separator_align_center vc_sep_width_100 vc_sep_pos_align_center vc_separator_no_text vc_custom_1594765856526  vc_custom_1594765856526\" ><span class=\"vc_sep_holder vc_sep_holder_l\"><span  style=\"border-color:#1e73be;\" class=\"vc_sep_line\"><\/span><\/span><span class=\"vc_sep_holder vc_sep_holder_r\"><span  style=\"border-color:#1e73be;\" class=\"vc_sep_line\"><\/span><\/span>\n<\/div>\t<div class=\"vc_custom_1765534811639\">\n\n<div id=\"text-block-7\" class=\"mk-text-block  jupiter-donut-\">\n\n\t\n\t<p>Contamos con un \u00e1rea de Medios Adecuados de Soluci\u00f3n de Controversias (MASC) \/ Alternative Dispute Resolution (ADR), integrada por un equipo de profesionales cualificados y con la competencia necesaria para ayudar a las partes (organizaciones, instituciones y particulares) a alcanzar acuerdos con plena validez jur\u00eddica, fuera de los procesos judiciales tradicionales.<\/p>\n<p data-start=\"476\" data-end=\"750\">En el \u00e1mbito civil y mercantil, la Ley Org\u00e1nica 1\/2025, de 2 de enero, ha reforzado el uso de los MASC, estableciendo en determinados supuestos la necesidad de acreditar un intento previo de MASC antes de interponer demanda, con las excepciones legalmente previstas.<\/p>\n<p data-start=\"752\" data-end=\"864\">Nuestros profesionales est\u00e1n capacitados para asistir a sus clientes, entre otros, en los siguientes medios:<\/p>\n<p data-start=\"866\" data-end=\"940\">MEDIATION, CONCILIATION, ARBITRATION, COLLABORATIVE LAW, NEGOTIATION.<\/p>\n<p data-start=\"942\" data-end=\"1165\">Contamos con profesionales habilitados para el ejercicio de sus funciones (mediadores, \u00e1rbitros y conciliadores, seg\u00fan corresponda), preservando con rigor los principios de imparcialidad, neutralidad y confidencialidad.<\/p>\n<p data-start=\"1167\" data-end=\"1398\">Adem\u00e1s, prestamos asesoramiento continuo, asistencia y acompa\u00f1amiento jur\u00eddico en los procesos de MASC en los que nuestros clientes est\u00e9n inmersos, incluyendo la redacci\u00f3n y formalizaci\u00f3n de los acuerdos que se puedan alcanzar.<\/p>\n\n\t<div class=\"clearboth\"><\/div>\n<\/div>\n\n\t<\/div>\n\n<div id=\"padding-8\" class=\"mk-padding-divider jupiter-donut-  jupiter-donut-clearfix\"><\/div>\n\n<div class=\"vc_btn3-container vc_btn3-center vc_custom_1595090218956\" ><a class=\"vc_general vc_btn3 vc_btn3-size-lg vc_btn3-shape-square vc_btn3-style-modern vc_btn3-color-peacoc\" href=\"https:\/\/solium.legal\/en\/contacto\/\" title=\"CONTACT US\">CONTACT US<\/a><\/div><\/div>\n\t<\/div>","protected":false},"excerpt":{"rendered":"RESOLUCI\u00d3N ALTERNATIVA DE CONFLICTOS (MASC - ADR) RESPONSABLE DE \u00c1REALourdes del Amo de la Fuente SOCIO ADSCRITOGonzalo D\u00edaz Rodr\u00edguez Contamos con un \u00e1rea de Medios Adecuados de Soluci\u00f3n de Controversias (MASC) \/ Alternative Dispute Resolution (ADR), integrada por un equipo de profesionales cualificados y con la competencia necesaria para ayudar a las partes (organizaciones, instituciones [...]","protected":false},"author":2,"featured_media":1218,"parent":17,"menu_order":0,"comment_status":"closed","ping_status":"closed","template":"","meta":{"footnotes":""},"class_list":["post-1415","page","type-page","status-publish","has-post-thumbnail","hentry"],"_links":{"self":[{"href":"https:\/\/solium.legal\/en\/wp-json\/wp\/v2\/pages\/1415","targetHints":{"allow":["GET"]}}],"collection":[{"href":"https:\/\/solium.legal\/en\/wp-json\/wp\/v2\/pages"}],"about":[{"href":"https:\/\/solium.legal\/en\/wp-json\/wp\/v2\/types\/page"}],"author":[{"embeddable":true,"href":"https:\/\/solium.legal\/en\/wp-json\/wp\/v2\/users\/2"}],"replies":[{"embeddable":true,"href":"https:\/\/solium.legal\/en\/wp-json\/wp\/v2\/comments?post=1415"}],"version-history":[{"count":40,"href":"https:\/\/solium.legal\/en\/wp-json\/wp\/v2\/pages\/1415\/revisions"}],"predecessor-version":[{"id":3305,"href":"https:\/\/solium.legal\/en\/wp-json\/wp\/v2\/pages\/1415\/revisions\/3305"}],"up":[{"embeddable":true,"href":"https:\/\/solium.legal\/en\/wp-json\/wp\/v2\/pages\/17"}],"wp:featuredmedia":[{"embeddable":true,"href":"https:\/\/solium.legal\/en\/wp-json\/wp\/v2\/media\/1218"}],"wp:attachment":[{"href":"https:\/\/solium.legal\/en\/wp-json\/wp\/v2\/media?parent=1415"}],"curies":[{"name":"wp","href":"https:\/\/api.w.org\/{rel}","templated":true}]}}