{"id":17,"date":"2018-01-02T21:39:53","date_gmt":"2018-01-02T21:39:53","guid":{"rendered":"https:\/\/solium.legal\/?page_id=17"},"modified":"2025-11-28T19:05:28","modified_gmt":"2025-11-28T19:05:28","slug":"areas-practicas","status":"publish","type":"page","link":"https:\/\/solium.legal\/en\/areas-practicas\/","title":{"rendered":"EXPERTISE"},"content":{"rendered":"<div  data-mk-stretch-content=\"true\" class=\"wpb_row vc_row vc_row-fluid jupiter-donut-visible-sm mk-fullwidth-false  attched-false    vc_custom_1594840345630  js-master-row  mk-grid\">\n\t\t\t\t\n<div class=\"vc_col-sm-12 wpb_column column_container vc_custom_1589992769169 jupiter-donut- _ jupiter-donut-height-full\">\n\t\n<div id=\"padding-2\" class=\"mk-padding-divider jupiter-donut-  jupiter-donut-clearfix\"><\/div>\n\n<\/div>\n\t<\/div>\n\n<div  data-mk-stretch-content=\"true\" class=\"wpb_row vc_row vc_row-fluid jupiter-donut- mk-fullwidth-false  attched-false    vc_custom_1589903555155  js-master-row  mk-grid\">\n\t\t\t\t\n<div class=\"vc_col-sm-12 wpb_column column_container vc_custom_1589992769169 jupiter-donut- _ jupiter-donut-height-full\">\n\t\n<div id=\"padding-4\" class=\"mk-padding-divider jupiter-donut-  jupiter-donut-clearfix\"><\/div>\n\n\n\t<div  class=\"wpb_single_image wpb_content_element vc_align_center\">\n\t\t\n\t\t<figure class=\"wpb_wrapper vc_figure\">\n\t\t\t<div class=\"vc_single_image-wrapper   vc_box_border_grey\"><img loading=\"lazy\" decoding=\"async\" class=\"vc_single_image-img\" src=\"https:\/\/solium.legal\/wp-content\/uploads\/2020\/07\/simbolo-50x50.png\" width=\"50\" height=\"50\" alt=\"simbolo\" title=\"simbolo\" \/><\/div>\n\t\t<\/figure>\n\t<\/div>\n\n<h2 id=\"fancy-title-5\" class=\"mk-fancy-title  simple-style jupiter-donut-  color-single\">\n\t<span>\n\t\t\t\t<p style=\"text-align: center;\">EXPERTISE<\/p>\n\t\t\t<\/span>\n<\/h2>\n<div class=\"clearboth\"><\/div>\n\n\n\n<div id=\"mk-ornamental-title-6\" class=\"mk-ornamental-title lemo-single align-center title_as_text jupiter-donut-\"> <h2 class=\"title\"><span class=\"title-text\">\nWe help individuals and companies to solve their conflicts in any area of legal practice\n\u00a0\n<\/span><\/h2>\n<\/div>\n<div id=\"padding-7\" class=\"mk-padding-divider jupiter-donut-  jupiter-donut-clearfix\"><\/div>\n\n<\/div>\n\t<\/div>\n\n<div  data-mk-full-width=\"true\" data-mk-full-width-init=\"false\" class=\"wpb_row vc_row vc_row-fluid jupiter-donut- mk-fullwidth-true  attched-false    vc_custom_1647309310759  js-master-row\">\n\t\t\t<div class=\"mk-grid\">\n\t\t\t\t\n<div class=\"vc_col-sm-3 vc_col-lg-3 vc_col-md-3 wpb_column column_container vc_custom_1647309383504 jupiter-donut- _ jupiter-donut-height-full\">\n\t\n<div id=\"padding-9\" class=\"mk-padding-divider jupiter-donut-  jupiter-donut-clearfix\"><\/div>\n\n\n<div class=\"mk-custom-box jupiter-donut- hover-effect-image image-effect-zoom-in\" id=\"box-10\">\n\t<div class=\"box-holder\">\t<div class=\"vc_custom_1647308037033\">\n\n<div id=\"text-block-11\" class=\"mk-text-block  jupiter-donut-\">\n\n\t\n\t<p class=\"vc_custom_heading\" style=\"text-align: center;\"><a href=\"https:\/\/solium.legal\/en\/areas-practicas\/mercantil-societario\/\" target=\"_self\" rel=\"noopener noreferrer\"><strong>CORPORATE<\/strong><\/a><\/p>\n\n\t<div class=\"clearboth\"><\/div>\n<\/div>\n\n\t<\/div>\n\n\t\t<div class=\"jupiter-donut-clearfix\"><\/div>\n\t<\/div>\n<\/div>\n<\/div>\n\n<div class=\"vc_col-sm-3 vc_col-lg-3 vc_col-md-3 wpb_column column_container  jupiter-donut- _ jupiter-donut-height-full\">\n\t\n<div id=\"padding-13\" class=\"mk-padding-divider jupiter-donut-  jupiter-donut-clearfix\"><\/div>\n\n\n<div class=\"mk-custom-box jupiter-donut- hover-effect-image\" id=\"box-14\">\n\t<div class=\"box-holder\">\t<div class=\"vc_custom_1647308051776\">\n\n<div id=\"text-block-15\" class=\"mk-text-block  jupiter-donut-\">\n\n\t\n\t<p style=\"text-align: center;\"><a href=\"https:\/\/solium.legal\/en\/areas-practicas\/economico-y-financiero\/\" target=\"_self\" rel=\"noopener noreferrer\"><strong>ECONOMY &amp; FINANCE<\/strong><\/a><\/p>\n\n\t<div class=\"clearboth\"><\/div>\n<\/div>\n\n\t<\/div>\n\n\t\t<div class=\"jupiter-donut-clearfix\"><\/div>\n\t<\/div>\n<\/div>\n<\/div>\n\n<div class=\"vc_col-sm-3 vc_col-lg-3 vc_col-md-3 wpb_column column_container  jupiter-donut- _ jupiter-donut-height-full\">\n\t\n<div id=\"padding-17\" class=\"mk-padding-divider jupiter-donut-  jupiter-donut-clearfix\"><\/div>\n\n\n<div class=\"mk-custom-box jupiter-donut- hover-effect-image\" id=\"box-18\">\n\t<div class=\"box-holder\">\t<div class=\"vc_custom_1764356473829\">\n\n<div id=\"text-block-19\" class=\"mk-text-block  jupiter-donut-\">\n\n\t\n\t<p class=\"vc_custom_heading\" style=\"text-align: center;\"><a href=\"https:\/\/solium.legal\/en\/areas-practicas\/startups-escalamiento-juridico\/\" target=\"_self\" rel=\"noopener noreferrer\"><strong>STARTUPS Y ASESORAMIENTO JUR\u00cdDICO<\/strong><\/a><\/p>\n\n\t<div class=\"clearboth\"><\/div>\n<\/div>\n\n\t<\/div>\n\n\t\t<div class=\"jupiter-donut-clearfix\"><\/div>\n\t<\/div>\n<\/div>\n<\/div>\n\n<div class=\"vc_col-sm-3 vc_col-lg-3 vc_col-md-3 wpb_column column_container  jupiter-donut- _ jupiter-donut-height-full\">\n\t\n<div id=\"padding-21\" class=\"mk-padding-divider jupiter-donut-  jupiter-donut-clearfix\"><\/div>\n\n\n<div class=\"mk-custom-box jupiter-donut- hover-effect-image\" id=\"box-22\">\n\t<div class=\"box-holder\">\t<div class=\"vc_custom_1594824665297\">\n\n<div id=\"text-block-23\" class=\"mk-text-block  jupiter-donut-\">\n\n\t\n\t<p class=\"vc_custom_heading\" style=\"text-align: center;\"><a href=\"https:\/\/solium.legal\/en\/areas-practicas\/civil\/\" target=\"_self\" rel=\"noopener noreferrer\"><strong>CIVIL LAW<\/strong><\/a><\/p>\n\n\t<div class=\"clearboth\"><\/div>\n<\/div>\n\n\t<\/div>\n\n\t\t<div class=\"jupiter-donut-clearfix\"><\/div>\n\t<\/div>\n<\/div>\n<\/div>\n\t\t\t<\/div>\n\t<\/div>\n<div class=\"vc_row-full-width vc_clearfix\"><\/div>\n<div  data-mk-full-width=\"true\" data-mk-full-width-init=\"false\" class=\"wpb_row vc_row vc_row-fluid jupiter-donut- mk-fullwidth-true  attched-false    vc_custom_1647309515376  js-master-row\">\n\t\t\t<div class=\"mk-grid\">\n\t\t\t\t\n<div class=\"vc_col-sm-3 vc_col-lg-3 vc_col-md-3 wpb_column column_container vc_custom_1647309434505 jupiter-donut- _ jupiter-donut-height-full\">\n\t\n<div id=\"padding-25\" class=\"mk-padding-divider jupiter-donut-  jupiter-donut-clearfix\"><\/div>\n\n\n<div class=\"mk-custom-box jupiter-donut- hover-effect-image\" id=\"box-26\">\n\t<div class=\"box-holder\">\t<div class=\"vc_custom_1594824695975\">\n\n<div id=\"text-block-27\" class=\"mk-text-block  jupiter-donut-\">\n\n\t\n\t<p class=\"vc_custom_heading\" style=\"text-align: center;\"><a href=\"https:\/\/solium.legal\/en\/areas-practicas\/laboral-y-seguridad-social\/\" target=\"_self\" rel=\"noopener noreferrer\"><strong>LABOR LAW<br>\nSOCIAL INSURANCE<\/strong><\/a><\/p>\n\n\t<div class=\"clearboth\"><\/div>\n<\/div>\n\n\t<\/div>\n\n\t\t<div class=\"jupiter-donut-clearfix\"><\/div>\n\t<\/div>\n<\/div>\n<\/div>\n\n<div class=\"vc_col-sm-3 vc_col-lg-3 vc_col-md-3 wpb_column column_container  jupiter-donut- _ jupiter-donut-height-full\">\n\t\n<div id=\"padding-29\" class=\"mk-padding-divider jupiter-donut-  jupiter-donut-clearfix\"><\/div>\n\n\n<div class=\"mk-custom-box jupiter-donut- hover-effect-image\" id=\"box-30\">\n\t<div class=\"box-holder\">\t<div class=\"vc_custom_1594824771844\">\n\n<div id=\"text-block-31\" class=\"mk-text-block  jupiter-donut-\">\n\n\t\n\t<p style=\"text-align: center;\"><a href=\"https:\/\/solium.legal\/en\/areas-practicas\/administrativo\/\" target=\"_self\" rel=\"noopener noreferrer\"><strong>ADMINISTRATIVE LAW<\/strong><\/a><\/p>\n\n\t<div class=\"clearboth\"><\/div>\n<\/div>\n\n\t<\/div>\n\n\t\t<div class=\"jupiter-donut-clearfix\"><\/div>\n\t<\/div>\n<\/div>\n<\/div>\n\n<div class=\"vc_col-sm-3 vc_col-lg-3 vc_col-md-3 wpb_column column_container  jupiter-donut- _ jupiter-donut-height-full\">\n\t\n<div id=\"padding-33\" class=\"mk-padding-divider jupiter-donut-  jupiter-donut-clearfix\"><\/div>\n\n\n<div class=\"mk-custom-box jupiter-donut- hover-effect-image\" id=\"box-34\">\n\t<div class=\"box-holder\">\t<div class=\"vc_custom_1647308196811\">\n\n<div id=\"text-block-35\" class=\"mk-text-block  jupiter-donut-\">\n\n\t\n\t<p style=\"text-align: center;\"><a href=\"https:\/\/solium.legal\/en\/areas-practicas\/inmobiliario-y-real-estate\/\" target=\"_self\" rel=\"noopener noreferrer\"><strong>PROPERTY<br>\n&amp; REAL ESTATE<\/strong><\/a><\/p>\n\n\t<div class=\"clearboth\"><\/div>\n<\/div>\n\n\t<\/div>\n\n\t\t<div class=\"jupiter-donut-clearfix\"><\/div>\n\t<\/div>\n<\/div>\n<\/div>\n\n<div class=\"vc_col-sm-3 vc_col-lg-3 vc_col-md-3 wpb_column column_container  jupiter-donut- _ jupiter-donut-height-full\">\n\t\n<div id=\"padding-37\" class=\"mk-padding-divider jupiter-donut-  jupiter-donut-clearfix\"><\/div>\n\n\n<div class=\"mk-custom-box jupiter-donut- hover-effect-image\" id=\"box-38\">\n\t<div class=\"box-holder\">\t<div class=\"vc_custom_1647308072490\">\n\n<div id=\"text-block-39\" class=\"mk-text-block  jupiter-donut-\">\n\n\t\n\t<p style=\"text-align: center;\"><a href=\"https:\/\/solium.legal\/en\/areas-practicas\/fiscal-y-tributario\/\" target=\"_self\" rel=\"noopener noreferrer\"><strong>TAX<\/strong><\/a><\/p>\n\n\t<div class=\"clearboth\"><\/div>\n<\/div>\n\n\t<\/div>\n\n\t\t<div class=\"jupiter-donut-clearfix\"><\/div>\n\t<\/div>\n<\/div>\n<\/div>\n\t\t\t<\/div>\n\t<\/div>\n<div class=\"vc_row-full-width vc_clearfix\"><\/div>\n<div  data-mk-full-width=\"true\" data-mk-full-width-init=\"false\" class=\"wpb_row vc_row vc_row-fluid jupiter-donut- mk-fullwidth-true  attched-false    vc_custom_1594826182207  js-master-row\">\n\t\t\t<div class=\"mk-grid\">\n\t\t\t\t\n<div class=\"vc_col-sm-3 vc_col-lg-3 vc_col-md-3 wpb_column column_container vc_custom_1647309534753 jupiter-donut- _ jupiter-donut-height-full\">\n\t\n<div id=\"padding-41\" class=\"mk-padding-divider jupiter-donut-  jupiter-donut-clearfix\"><\/div>\n\n\n<div class=\"mk-custom-box jupiter-donut- hover-effect-image\" id=\"box-42\">\n\t<div class=\"box-holder\">\t<div class=\"vc_custom_1647308599866\">\n\n<div id=\"text-block-43\" class=\"mk-text-block  jupiter-donut-\">\n\n\t\n\t<div class=\"vc_custom_heading\" style=\"text-align: center;\">\n<a href=\"https:\/\/solium.legal\/en\/areas-practicas\/concursal-y-reestructuraciones\/\" target=\"_self\" rel=\"noopener noreferrer\"><strong>INSOLVENCY &amp;<br>\n<\/strong><\/a><a href=\"https:\/\/solium.legal\/en\/areas-practicas\/concursal-y-reestructuraciones\/\" target=\"_self\" rel=\"noopener noreferrer\"><strong>RESTRUCTURING<\/strong><\/a>\n<\/div>\n\n\t<div class=\"clearboth\"><\/div>\n<\/div>\n\n\t<\/div>\n\n\t\t<div class=\"jupiter-donut-clearfix\"><\/div>\n\t<\/div>\n<\/div>\n<\/div>\n\n<div class=\"vc_col-sm-3 vc_col-lg-3 vc_col-md-3 wpb_column column_container  jupiter-donut- _ jupiter-donut-height-full\">\n\t\n<div id=\"padding-45\" class=\"mk-padding-divider jupiter-donut-  jupiter-donut-clearfix\"><\/div>\n\n\n<div class=\"mk-custom-box jupiter-donut- hover-effect-image\" id=\"box-46\">\n\t<div class=\"box-holder\">\t<div class=\"vc_custom_1764356720894\">\n\n<div id=\"text-block-47\" class=\"mk-text-block  jupiter-donut-\">\n\n\t\n\t<p class=\"vc_custom_heading\" style=\"text-align: center;\"><a href=\"https:\/\/solium.legal\/en\/areas-practicas\/responsabilidad-civil-y-seguro\/\" target=\"_self\" rel=\"noopener noreferrer\"><strong>RESPONSABILIDAD CIVIL Y SEGURO<\/strong><\/a><\/p>\n\n\t<div class=\"clearboth\"><\/div>\n<\/div>\n\n\t<\/div>\n\n\t\t<div class=\"jupiter-donut-clearfix\"><\/div>\n\t<\/div>\n<\/div>\n<\/div>\n\n<div class=\"vc_col-sm-3 vc_col-lg-3 vc_col-md-3 wpb_column column_container  jupiter-donut- _ jupiter-donut-height-full\">\n\t\n<div id=\"padding-49\" class=\"mk-padding-divider jupiter-donut-  jupiter-donut-clearfix\"><\/div>\n\n\n<div class=\"mk-custom-box jupiter-donut- hover-effect-image\" id=\"box-50\">\n\t<div class=\"box-holder\">\t<div class=\"vc_custom_1647306517929\">\n\n<div id=\"text-block-51\" class=\"mk-text-block  jupiter-donut-\">\n\n\t\n\t<p class=\"vc_custom_heading\" style=\"text-align: center;\"><a href=\"https:\/\/solium.legal\/en\/areas-practicas\/penal\/\" target=\"_self\" rel=\"noopener noreferrer\"><strong>CRIMINAL LAW<\/strong><\/a><\/p>\n\n\t<div class=\"clearboth\"><\/div>\n<\/div>\n\n\t<\/div>\n\n\t\t<div class=\"jupiter-donut-clearfix\"><\/div>\n\t<\/div>\n<\/div>\n<\/div>\n\n<div class=\"vc_col-sm-3 vc_col-lg-3 vc_col-md-3 wpb_column column_container  jupiter-donut- _ jupiter-donut-height-full\">\n\t\n<div id=\"padding-53\" class=\"mk-padding-divider jupiter-donut-  jupiter-donut-clearfix\"><\/div>\n\n\n<div class=\"mk-custom-box jupiter-donut- hover-effect-image\" id=\"box-54\">\n\t<div class=\"box-holder\">\t<div class=\"vc_custom_1647308550269\">\n\n<div id=\"text-block-55\" class=\"mk-text-block  jupiter-donut-\">\n\n\t\n\t<p class=\"vc_custom_heading\" style=\"text-align: center;\"><a href=\"https:\/\/solium.legal\/en\/areas-practicas\/urbanismo-y-medio-ambiente\/\" target=\"_self\" rel=\"noopener noreferrer\"><strong>URBANISM &amp;<br>\nENVIRONMENT<\/strong><\/a><\/p>\n\n\t<div class=\"clearboth\"><\/div>\n<\/div>\n\n\t<\/div>\n\n\t\t<div class=\"jupiter-donut-clearfix\"><\/div>\n\t<\/div>\n<\/div>\n<\/div>\n\t\t\t<\/div>\n\t<\/div>\n<div class=\"vc_row-full-width vc_clearfix\"><\/div>\n<div  data-mk-full-width=\"true\" data-mk-full-width-init=\"false\" class=\"wpb_row vc_row vc_row-fluid jupiter-donut- mk-fullwidth-true  attched-false    vc_custom_1647310279670  js-master-row\">\n\t\t\t<div class=\"mk-grid\">\n\t\t\t\t\n<div class=\"vc_col-sm-3 vc_col-lg-3 vc_col-md-3 wpb_column column_container vc_custom_1647309609309 jupiter-donut- _ jupiter-donut-height-full\">\n\t\n<div id=\"padding-57\" class=\"mk-padding-divider jupiter-donut-  jupiter-donut-clearfix\"><\/div>\n\n\n<div class=\"mk-custom-box jupiter-donut- hover-effect-image\" id=\"box-58\">\n\t<div class=\"box-holder\">\t<div class=\"vc_custom_1647304925650\">\n\n<div id=\"text-block-59\" class=\"mk-text-block  jupiter-donut-\">\n\n\t\n\t<p class=\"vc_custom_heading\" style=\"text-align: center;\"><a href=\"https:\/\/solium.legal\/en\/areas-practicas\/derecho-publico-y-regulatorio\/\" target=\"_self\" rel=\"noopener noreferrer\"><strong>PUBLIC &amp; REGULATORY LAW<\/strong><\/a><\/p>\n\n\t<div class=\"clearboth\"><\/div>\n<\/div>\n\n\t<\/div>\n\n\t\t<div class=\"jupiter-donut-clearfix\"><\/div>\n\t<\/div>\n<\/div>\n<\/div>\n\n<div class=\"vc_col-sm-3 vc_col-lg-3 vc_col-md-3 wpb_column column_container  jupiter-donut- _ jupiter-donut-height-full\">\n\t\n<div id=\"padding-61\" class=\"mk-padding-divider jupiter-donut-  jupiter-donut-clearfix\"><\/div>\n\n\n<div class=\"mk-custom-box jupiter-donut- hover-effect-image\" id=\"box-62\">\n\t<div class=\"box-holder\">\t<div class=\"vc_custom_1647306346268\">\n\n<div id=\"text-block-63\" class=\"mk-text-block  jupiter-donut-\">\n\n\t\n\t<p class=\"vc_custom_heading\" style=\"text-align: center;\"><a href=\"https:\/\/solium.legal\/en\/areas-practicas\/litigacion-y-arbitraje\/\" target=\"_self\" rel=\"noopener noreferrer\"><strong>LITIGATION &amp;<br>\nARBITRATION<\/strong><\/a><\/p>\n\n\t<div class=\"clearboth\"><\/div>\n<\/div>\n\n\t<\/div>\n\n\t\t<div class=\"jupiter-donut-clearfix\"><\/div>\n\t<\/div>\n<\/div>\n<\/div>\n\n<div class=\"vc_col-sm-3 vc_col-lg-3 vc_col-md-3 wpb_column column_container  jupiter-donut- _ jupiter-donut-height-full\">\n\t\n<div id=\"padding-65\" class=\"mk-padding-divider jupiter-donut-  jupiter-donut-clearfix\"><\/div>\n\n\n<div class=\"mk-custom-box jupiter-donut- hover-effect-image\" id=\"box-66\">\n\t<div class=\"box-holder\">\t<div class=\"vc_custom_1647890711533\">\n\n<div id=\"text-block-67\" class=\"mk-text-block  jupiter-donut-\">\n\n\t\n\t<p class=\"vc_custom_heading\" style=\"text-align: center;\"><a href=\"https:\/\/solium.legal\/en\/areas-practicas\/compliance\/\" target=\"_self\" rel=\"noopener noreferrer\"><strong>COMPLIANCE<\/strong><\/a><\/p>\n\n\t<div class=\"clearboth\"><\/div>\n<\/div>\n\n\t<\/div>\n\n\t\t<div class=\"jupiter-donut-clearfix\"><\/div>\n\t<\/div>\n<\/div>\n<\/div>\n\n<div class=\"vc_col-sm-3 vc_col-lg-3 vc_col-md-3 wpb_column column_container  jupiter-donut- _ jupiter-donut-height-full\">\n\t\n<div id=\"padding-69\" class=\"mk-padding-divider jupiter-donut-  jupiter-donut-clearfix\"><\/div>\n\n\n<div class=\"mk-custom-box jupiter-donut- hover-effect-image\" id=\"box-70\">\n\t<div class=\"box-holder\">\t<div class=\"vc_custom_1647890667111\">\n\n<div id=\"text-block-71\" class=\"mk-text-block  jupiter-donut-\">\n\n\t\n\t<p class=\"vc_custom_heading\" style=\"text-align: center;\"><a href=\"\/\/solium.legal\/en\/areas-practicas\/resolucion-alternativa-de-conflictos\/\" target=\"_self\" rel=\"noopener noreferrer\"><strong>DISPUTE RESOLUTION<br>\nADR<\/strong><\/a><\/p>\n\n\t<div class=\"clearboth\"><\/div>\n<\/div>\n\n\t<\/div>\n\n\t\t<div class=\"jupiter-donut-clearfix\"><\/div>\n\t<\/div>\n<\/div>\n<\/div>\n\t\t\t<\/div>\n\t<\/div>\n<div class=\"vc_row-full-width vc_clearfix\"><\/div>\n<div  data-mk-stretch-content=\"true\" class=\"wpb_row vc_row vc_row-fluid jupiter-donut-visible-sm mk-fullwidth-false  attched-false    vc_custom_1594756434797  equal-columns js-master-row  mk-grid\">\n\t\t\t\t\n<div class=\"vc_col-sm-2 wpb_column column_container  jupiter-donut- _ jupiter-donut-height-full\">\n\t\t<div class=\"vc_custom_1594839170433\">\n\n<div id=\"text-block-73\" class=\"mk-text-block  jupiter-donut-\">\n\n\t\n\t<p style=\"text-align: center;\"><a href=\"https:\/\/solium.legal\/en\/sedes\/#madrid\">MADRID<\/a><\/p>\n\n\t<div class=\"clearboth\"><\/div>\n<\/div>\n\n\t<\/div>\n\t<div class=\"vc_custom_1595092395045\">\n\n<div id=\"text-block-74\" class=\"mk-text-block  jupiter-donut-\">\n\n\t\n\t<p style=\"text-align: center;\"><a href=\"https:\/\/solium.legal\/en\/sedes\/#donostia\">DONOSTIA \/ SAN SEBASTI\u00c1N<\/a><\/p>\n\n\t<div class=\"clearboth\"><\/div>\n<\/div>\n\n\t<\/div>\n\t<div class=\"vc_custom_1594839221606\">\n\n<div id=\"text-block-75\" class=\"mk-text-block  jupiter-donut-\">\n\n\t\n\t<p style=\"text-align: center;\"><a href=\"https:\/\/solium.legal\/en\/sedes\/#laspalmas\">LAS PALMAS<\/a><\/p>\n\n\t<div class=\"clearboth\"><\/div>\n<\/div>\n\n\t<\/div>\n\t<div class=\"vc_custom_1594839260129\">\n\n<div id=\"text-block-76\" class=\"mk-text-block  jupiter-donut-\">\n\n\t\n\t<p style=\"text-align: center;\"><a href=\"https:\/\/solium.legal\/en\/sedes\/#oviedo\">OVIEDO<\/a><\/p>\n\n\t<div class=\"clearboth\"><\/div>\n<\/div>\n\n\t<\/div>\n\t<div class=\"vc_custom_1594839274905\">\n\n<div id=\"text-block-77\" class=\"mk-text-block  jupiter-donut-\">\n\n\t\n\t<p style=\"text-align: center;\"><a href=\"https:\/\/solium.legal\/en\/sedes\/#palma\">PALMA DE MALLORCA<\/a><\/p>\n\n\t<div class=\"clearboth\"><\/div>\n<\/div>\n\n\t<\/div>\n\t<div class=\"vc_custom_1594839292012\">\n\n<div id=\"text-block-78\" class=\"mk-text-block  jupiter-donut-\">\n\n\t\n\t<p style=\"text-align: center;\"><a href=\"https:\/\/solium.legal\/en\/sedes\/#valencia\">VALENCIA<\/a><\/p>\n\n\t<div class=\"clearboth\"><\/div>\n<\/div>\n\n\t<\/div>\n<\/div>\n\t<\/div>","protected":false},"excerpt":{"rendered":"\u00c1REAS DE PR\u00c1CTICA Ayudamos a particulares y a empresas a resolver sus conflictos en cualquier \u00e1rea de pr\u00e1ctica del Derecho \u00a0 MERCANTIL Y SOCIETARIO ECON\u00d3MICO Y FINANCIERO STARTUPS Y ASESORAMIENTO JUR\u00cdDICO CIVIL LABORAL Y SEGURIDAD SOCIAL ADMINISTRATIVO INMOBILIARIO Y REAL ESTATE FISCAL Y TRIBUTARIO CONCURSAL Y REESTRUCTURACIONES RESPONSABILIDAD CIVIL Y SEGURO PENAL URBANISMO Y MEDIO [...]","protected":false},"author":2,"featured_media":0,"parent":0,"menu_order":0,"comment_status":"closed","ping_status":"closed","template":"","meta":{"footnotes":""},"class_list":["post-17","page","type-page","status-publish","hentry"],"_links":{"self":[{"href":"https:\/\/solium.legal\/en\/wp-json\/wp\/v2\/pages\/17","targetHints":{"allow":["GET"]}}],"collection":[{"href":"https:\/\/solium.legal\/en\/wp-json\/wp\/v2\/pages"}],"about":[{"href":"https:\/\/solium.legal\/en\/wp-json\/wp\/v2\/types\/page"}],"author":[{"embeddable":true,"href":"https:\/\/solium.legal\/en\/wp-json\/wp\/v2\/users\/2"}],"replies":[{"embeddable":true,"href":"https:\/\/solium.legal\/en\/wp-json\/wp\/v2\/comments?post=17"}],"version-history":[{"count":133,"href":"https:\/\/solium.legal\/en\/wp-json\/wp\/v2\/pages\/17\/revisions"}],"predecessor-version":[{"id":3269,"href":"https:\/\/solium.legal\/en\/wp-json\/wp\/v2\/pages\/17\/revisions\/3269"}],"wp:attachment":[{"href":"https:\/\/solium.legal\/en\/wp-json\/wp\/v2\/media?parent=17"}],"curies":[{"name":"wp","href":"https:\/\/api.w.org\/{rel}","templated":true}]}}