{"id":2890,"date":"2022-03-15T02:12:12","date_gmt":"2022-03-15T02:12:12","guid":{"rendered":"https:\/\/solium.legal\/?page_id=2890"},"modified":"2022-08-11T10:11:18","modified_gmt":"2022-08-11T10:11:18","slug":"derecho-publico-y-regulatorio","status":"publish","type":"page","link":"https:\/\/solium.legal\/en\/areas-practicas\/derecho-publico-y-regulatorio\/","title":{"rendered":"Public &amp; Regulatory Law"},"content":{"rendered":"<div  data-mk-stretch-content=\"true\" class=\"wpb_row vc_row vc_row-fluid jupiter-donut- mk-fullwidth-false  attched-false     js-master-row  mk-grid\">\n\t\t\t\t\n<div class=\"vc_col-sm-12 wpb_column column_container  jupiter-donut- _ jupiter-donut-height-full\">\n\t\n<div id=\"padding-2\" class=\"mk-padding-divider jupiter-donut-  jupiter-donut-clearfix\"><\/div>\n\n<h2 style=\"color: #1e73be;text-align: left;font-family:Quicksand;font-weight:400;font-style:normal\" class=\"vc_custom_heading\" ><strong>Public &amp; Regulatory Law<\/strong><\/h2>\n<div id=\"padding-3\" class=\"mk-padding-divider jupiter-donut-  jupiter-donut-clearfix\"><\/div>\n\n\n<div id=\"box-icon-4\" class=\"mk-box-icon  jupiter-donut- simple_minimal-style   jupiter-donut-clearfix\">\n\n    <h4 class=\"icon-box-title\"><i class=\"mk-main-ico small\"><svg  class=\"mk-svg-icon\" data-name=\"mk-icon-bookmark-o\" data-cacheid=\"icon-69d97ecc15b54\" xmlns=\"http:\/\/www.w3.org\/2000\/svg\" viewbox=\"0 0 1280 1792\"><path d=\"M1152 256h-1024v1242l423-406 89-85 89 85 423 406v-1242zm12-128q23 0 44 9 33 13 52.5 41t19.5 62v1289q0 34-19.5 62t-52.5 41q-19 8-44 8-48 0-83-32l-441-424-441 424q-36 33-83 33-23 0-44-9-33-13-52.5-41t-19.5-62v-1289q0-34 19.5-62t52.5-41q21-9 44-9h1048z\"\/><\/svg><\/i><span>MANAGER<\/span><div class=\"clearboth\"><\/div><\/h4><p><a href=\"https:\/\/solium.legal\/en\/team\/lourdes-del-amo\/\"><strong>Lourdes del Amo de la Fuente<\/strong><\/a><\/p>\n\n    <div class=\"clearboth\"><\/div>\n<\/div>\n\n\n\n\n\n<div id=\"padding-5\" class=\"mk-padding-divider jupiter-donut-  jupiter-donut-clearfix\"><\/div>\n\n<div class=\"vc_separator wpb_content_element vc_separator_align_center vc_sep_width_100 vc_sep_pos_align_center vc_separator_no_text vc_custom_1594763889129  vc_custom_1594763889129\" ><span class=\"vc_sep_holder vc_sep_holder_l\"><span  style=\"border-color:#1e73be;\" class=\"vc_sep_line\"><\/span><\/span><span class=\"vc_sep_holder vc_sep_holder_r\"><span  style=\"border-color:#1e73be;\" class=\"vc_sep_line\"><\/span><\/span>\n<\/div>\t<div class=\"vc_custom_1647891471482\">\n\n<div id=\"text-block-6\" class=\"mk-text-block  jupiter-donut-\">\n\n\t\n\t<p><strong>Public Procurement<\/strong><\/p>\n<ul>\n<li>Preparation of Particular Administrative Clauses.<\/li>\n<li>Preparation of reports and legal opinions on public procurement regulations.<\/li>\n<li>Administrative and contentious-administrative proceedings.<\/li>\n<li>Special appeals in contracting matters.<\/li>\n<li>Innovative Public Procurement.<\/li>\n<\/ul>\n<p><strong>Expropriations<\/strong><\/p>\n<ul>\n<li>Preparation of reports and opinions.<\/li>\n<li>Legal-administrative assistance in the corresponding expropriation proceedings.<\/li>\n<li>Administrative and contentious-administrative proceedings.<\/li>\n<li>Advice before provincial expropriation juries in the determination of the fair price.<\/li>\n<li>Advice and coordination of the appraisal reports required for the compulsory expropriation procedure.<\/li>\n<li>Assistance in previous acts and negotiations of mutual agreement.<\/li>\n<li>Advice on joint appraisal projects.<\/li>\n<li>Counseling to the beneficiaries of forced expropriations.<\/li>\n<li>Advice on reassessment procedures.<\/li>\n<li>Advice on reversion procedures.<\/li>\n<\/ul>\n<p><strong>Individuals<\/strong><\/p>\n<ul>\n<li>Preparation of reports and opinions.<\/li>\n<li>Elaboration of Selection Bases.<\/li>\n<li>Assistance to Public Administrations and public employees.<\/li>\n<\/ul>\n<p><strong>Liability of the Public Administrations<\/strong><\/p>\n<ul>\n<li>Preparation of reports and opinions.<\/li>\n<li>Claims for damages in administrative proceedings.<\/li>\n<li>Administrative and contentious-administrative proceedings.<\/li>\n<\/ul>\n<p><strong>Regulatory Law <\/strong><\/p>\n<ul>\n<li>Issuance of opinions on regulated sectors.<\/li>\n<li>Processing of different permits, authorizations and administrative concessions.<\/li>\n<\/ul>\n\n\t<div class=\"clearboth\"><\/div>\n<\/div>\n\n\t<\/div>\n<\/div>\n\t<\/div>\n\n<div  data-mk-stretch-content=\"true\" class=\"wpb_row vc_row vc_row-fluid jupiter-donut- mk-fullwidth-false  attched-false     js-master-row  mk-grid\">\n\t\t\t\t\n<div class=\"vc_col-sm-12 wpb_column column_container  jupiter-donut- _ jupiter-donut-height-full\">\n\t\t<div class=\"vc_custom_1647310973029\">\n\n<div id=\"text-block-8\" class=\"mk-text-block  jupiter-donut-\">\n\n\t\n\t\n\t<div class=\"clearboth\"><\/div>\n<\/div>\n\n\t<\/div>\n\n<div id=\"padding-9\" class=\"mk-padding-divider jupiter-donut-  jupiter-donut-clearfix\"><\/div>\n\n<div class=\"vc_btn3-container vc_btn3-center vc_custom_1595090146018\" ><a class=\"vc_general vc_btn3 vc_btn3-size-lg vc_btn3-shape-square vc_btn3-style-modern vc_btn3-color-peacoc\" href=\"https:\/\/solium.legal\/en\/contacto\/\" title=\"CONTACT US\">CONTACT US<\/a><\/div><\/div>\n\t<\/div>","protected":false},"excerpt":{"rendered":"Derecho P\u00fablico y Regulatorio RESPONSABLE DE \u00c1REALourdes del Amo de la Fuente Contrataci\u00f3n p\u00fablica Elaboraci\u00f3n de Pliegos de Cl\u00e1usulas Administrativas Particulares. Elaboraci\u00f3n de informes y dict\u00e1menes jur\u00eddicos sobre la normativa de contrataci\u00f3n p\u00fablica. Procedimientos administrativos y contencioso-administrativos. Recursos especiales en materia de contrataci\u00f3n. Contrataci\u00f3n P\u00fablica Innovadora. Expropiaciones Elaboraci\u00f3n de informes y dict\u00e1menes diversos. Asistencia jur\u00eddico-administrativa [...]","protected":false},"author":2,"featured_media":0,"parent":17,"menu_order":0,"comment_status":"closed","ping_status":"closed","template":"","meta":{"footnotes":""},"class_list":["post-2890","page","type-page","status-publish","hentry"],"_links":{"self":[{"href":"https:\/\/solium.legal\/en\/wp-json\/wp\/v2\/pages\/2890","targetHints":{"allow":["GET"]}}],"collection":[{"href":"https:\/\/solium.legal\/en\/wp-json\/wp\/v2\/pages"}],"about":[{"href":"https:\/\/solium.legal\/en\/wp-json\/wp\/v2\/types\/page"}],"author":[{"embeddable":true,"href":"https:\/\/solium.legal\/en\/wp-json\/wp\/v2\/users\/2"}],"replies":[{"embeddable":true,"href":"https:\/\/solium.legal\/en\/wp-json\/wp\/v2\/comments?post=2890"}],"version-history":[{"count":6,"href":"https:\/\/solium.legal\/en\/wp-json\/wp\/v2\/pages\/2890\/revisions"}],"predecessor-version":[{"id":2979,"href":"https:\/\/solium.legal\/en\/wp-json\/wp\/v2\/pages\/2890\/revisions\/2979"}],"up":[{"embeddable":true,"href":"https:\/\/solium.legal\/en\/wp-json\/wp\/v2\/pages\/17"}],"wp:attachment":[{"href":"https:\/\/solium.legal\/en\/wp-json\/wp\/v2\/media?parent=2890"}],"curies":[{"name":"wp","href":"https:\/\/api.w.org\/{rel}","templated":true}]}}