{"id":1341,"date":"2020-05-20T13:31:03","date_gmt":"2020-05-20T13:31:03","guid":{"rendered":"https:\/\/solium.legal\/?page_id=1341"},"modified":"2025-12-12T14:14:51","modified_gmt":"2025-12-12T14:14:51","slug":"mercantil-societario","status":"publish","type":"page","link":"https:\/\/solium.legal\/es_es\/areas-practicas\/mercantil-societario\/","title":{"rendered":"Mercantil y Societario"},"content":{"rendered":"\n<div  data-mk-stretch-content=\"true\" class=\"wpb_row vc_row vc_row-fluid jupiter-donut- mk-fullwidth-false  attched-false     js-master-row  mk-grid\">\n\t\t\t\t\n<div class=\"vc_col-sm-12 wpb_column column_container  jupiter-donut- _ jupiter-donut-height-full\">\n\t\n<div id=\"padding-2\" class=\"mk-padding-divider jupiter-donut-  jupiter-donut-clearfix\"><\/div>\n\n<h2 style=\"color: #1e73be;text-align: left;font-family:Quicksand;font-weight:300;font-style:normal\" class=\"vc_custom_heading\" ><a href=\"\"><strong>MERCANTIL Y SOCIETARIO<\/strong><\/a><\/h2>\n<div id=\"padding-3\" class=\"mk-padding-divider jupiter-donut-  jupiter-donut-clearfix\"><\/div>\n\n\n<div id=\"box-icon-4\" class=\"mk-box-icon  jupiter-donut- simple_minimal-style   jupiter-donut-clearfix\">\n\n    <h4 class=\"icon-box-title\"><i class=\"mk-main-ico small \"><svg  class=\"mk-svg-icon\" data-name=\"mk-icon-bookmark-o\" data-cacheid=\"icon-69de6c76ca894\" xmlns=\"http:\/\/www.w3.org\/2000\/svg\" viewBox=\"0 0 1280 1792\"><path d=\"M1152 256h-1024v1242l423-406 89-85 89 85 423 406v-1242zm12-128q23 0 44 9 33 13 52.5 41t19.5 62v1289q0 34-19.5 62t-52.5 41q-19 8-44 8-48 0-83-32l-441-424-441 424q-36 33-83 33-23 0-44-9-33-13-52.5-41t-19.5-62v-1289q0-34 19.5-62t52.5-41q21-9 44-9h1048z\"\/><\/svg><\/i><span>RESPONSABLE DE \u00c1REA<\/span><div class=\"clearboth\"><\/div><\/h4><p><a href=\"https:\/\/solium.legal\/es_es\/team\/eugenio-llamas-pombo\/\"><strong>Eugenio Llamas Pombo<\/strong><\/a><\/p>\n\n    <div class=\"clearboth\"><\/div>\n<\/div>\n\n\n\n\n<div class=\"vc_empty_space\"   style=\"height: 15px\"><span class=\"vc_empty_space_inner\"><\/span><\/div>\n<div id=\"box-icon-5\" class=\"mk-box-icon  jupiter-donut- simple_minimal-style   jupiter-donut-clearfix\">\n\n    <h4 class=\"icon-box-title\"><i class=\"mk-main-ico small \"><svg  class=\"mk-svg-icon\" data-name=\"mk-icon-bookmark-o\" data-cacheid=\"icon-69de6c76cadad\" xmlns=\"http:\/\/www.w3.org\/2000\/svg\" viewBox=\"0 0 1280 1792\"><path d=\"M1152 256h-1024v1242l423-406 89-85 89 85 423 406v-1242zm12-128q23 0 44 9 33 13 52.5 41t19.5 62v1289q0 34-19.5 62t-52.5 41q-19 8-44 8-48 0-83-32l-441-424-441 424q-36 33-83 33-23 0-44-9-33-13-52.5-41t-19.5-62v-1289q0-34 19.5-62t52.5-41q21-9 44-9h1048z\"\/><\/svg><\/i><span>socios adscritos<\/span><div class=\"clearboth\"><\/div><\/h4><p><a href=\"https:\/\/solium.legal\/team\/gonzalo-diaz\/\"><strong>Gonzalo D\u00edaz Rodr\u00edguez<\/strong><\/a><\/p>\n\n    <div class=\"clearboth\"><\/div>\n<\/div>\n\n\n\n\n<div class=\"vc_separator wpb_content_element vc_separator_align_center vc_sep_width_100 vc_sep_pos_align_center vc_separator_no_text vc_custom_1594762870707  vc_custom_1594762870707\" ><span class=\"vc_sep_holder vc_sep_holder_l\"><span  style=\"border-color:#1e73be;\" class=\"vc_sep_line\"><\/span><\/span><span class=\"vc_sep_holder vc_sep_holder_r\"><span  style=\"border-color:#1e73be;\" class=\"vc_sep_line\"><\/span><\/span>\n<\/div>\t<div class=\" vc_custom_1594418653087\">\n\n<div id=\"text-block-6\" class=\"mk-text-block  jupiter-donut- \">\n\n\t\n\t<p style=\"text-align: justify;\">Nuestros profesionales tienen una dilatada experiencia en la resoluci\u00f3n de la problem\u00e1tica jur\u00eddica-empresarial y concretamente en el \u00e1rea de derecho mercantil y societario, asistiendo a la empresa en todas las fases de su vida social, tanto en sus relaciones internas (socios-sociedad) como externas (otras entidades mercantiles, particulares y Entidades P\u00fablicas, nacionales y extranjeras). Nuestra Firma se centra en ofrecer a sus clientes soluciones a medida que garantizan su eficacia sin perder de vista los riesgos legales que el cliente deba afrontar en el futuro.<\/p>\n<p>\u200bEn este \u00c1rea desarrollamos las siguientes actividades:<\/p>\n<ul>\n<li>Asistencia en todas las \u00e1reas legales relacionadas con la actividad de la empresa.<\/li>\n<li>Contrataci\u00f3n mercantil general y, especialmente, de distribuci\u00f3n y agencia mercantil, de franquicia y cesi\u00f3n de derechos.<\/li>\n<li>Constituci\u00f3n de sociedades.<\/li>\n<li>Reformas estatutarias.<\/li>\n<li>Asesoramiento a los \u00d3rganos de administraci\u00f3n sociales, actuando incluso como secretarios (no consejeros) del Consejo.<\/li>\n<li>Asistencia y asesoramiento en la celebraci\u00f3n de Juntas generales.<\/li>\n<li>Reestructuraciones societarias (fusiones, escisiones, cesi\u00f3n global de activos y pasivos, etc\u2026)<\/li>\n<li>Evaluaci\u00f3n de la responsabilidad de los administradores en los actos sociales y del riesgo inherente al desarrollo de la prestaci\u00f3n de sus servicios, frente a la sociedad y a frente a terceros.<\/li>\n<li>Acuerdos y pactos entre socios.<\/li>\n<li>Aumentos y reducciones de capital.<\/li>\n<li>Asesoramiento en la elaboraci\u00f3n de \u201cdue diligence\u201d.<\/li>\n<li>Asistencia letrada en adquisiciones y ventas de empresas.<\/li>\n<\/ul>\n\n\t<div class=\"clearboth\"><\/div>\n<\/div>\n\n\t<\/div>\n\n<div id=\"padding-7\" class=\"mk-padding-divider jupiter-donut-  jupiter-donut-clearfix\"><\/div>\n\n<div class=\"vc_btn3-container vc_btn3-center vc_custom_1595090232408\" ><a class=\"vc_general vc_btn3 vc_btn3-size-lg vc_btn3-shape-square vc_btn3-style-modern vc_btn3-color-peacoc\" href=\"https:\/\/solium.legal\/contacto\/\" title=\"CONTACTO\">CONTACTE CON NOSOTROS<\/a><\/div><\/div>\n\t<\/div>\n\n","protected":false},"excerpt":{"rendered":"MERCANTIL Y SOCIETARIO RESPONSABLE DE \u00c1REAEugenio Llamas Pombo socios adscritosGonzalo D\u00edaz Rodr\u00edguez Nuestros profesionales tienen una dilatada experiencia en la resoluci\u00f3n de la problem\u00e1tica jur\u00eddica-empresarial y concretamente en el \u00e1rea de derecho mercantil y societario, asistiendo a la empresa en todas las fases de su vida social, tanto en sus relaciones internas (socios-sociedad) como externas [...]","protected":false},"author":2,"featured_media":0,"parent":17,"menu_order":0,"comment_status":"closed","ping_status":"closed","template":"","meta":{"footnotes":""},"class_list":["post-1341","page","type-page","status-publish","hentry"],"_links":{"self":[{"href":"https:\/\/solium.legal\/es_es\/wp-json\/wp\/v2\/pages\/1341","targetHints":{"allow":["GET"]}}],"collection":[{"href":"https:\/\/solium.legal\/es_es\/wp-json\/wp\/v2\/pages"}],"about":[{"href":"https:\/\/solium.legal\/es_es\/wp-json\/wp\/v2\/types\/page"}],"author":[{"embeddable":true,"href":"https:\/\/solium.legal\/es_es\/wp-json\/wp\/v2\/users\/2"}],"replies":[{"embeddable":true,"href":"https:\/\/solium.legal\/es_es\/wp-json\/wp\/v2\/comments?post=1341"}],"version-history":[{"count":39,"href":"https:\/\/solium.legal\/es_es\/wp-json\/wp\/v2\/pages\/1341\/revisions"}],"predecessor-version":[{"id":3308,"href":"https:\/\/solium.legal\/es_es\/wp-json\/wp\/v2\/pages\/1341\/revisions\/3308"}],"up":[{"embeddable":true,"href":"https:\/\/solium.legal\/es_es\/wp-json\/wp\/v2\/pages\/17"}],"wp:attachment":[{"href":"https:\/\/solium.legal\/es_es\/wp-json\/wp\/v2\/media?parent=1341"}],"curies":[{"name":"wp","href":"https:\/\/api.w.org\/{rel}","templated":true}]}}