{"id":1392,"date":"2020-05-20T17:01:52","date_gmt":"2020-05-20T17:01:52","guid":{"rendered":"https:\/\/solium.legal\/?page_id=1392"},"modified":"2025-11-28T18:31:05","modified_gmt":"2025-11-28T18:31:05","slug":"concursal-y-reestructuraciones","status":"publish","type":"page","link":"https:\/\/solium.legal\/es_es\/areas-practicas\/concursal-y-reestructuraciones\/","title":{"rendered":"Concursal y Reestructuraciones"},"content":{"rendered":"\n<div  data-mk-stretch-content=\"true\" class=\"wpb_row vc_row vc_row-fluid jupiter-donut- mk-fullwidth-false  attched-false     js-master-row  mk-grid\">\n\t\t\t\t\n<div class=\"vc_col-sm-12 wpb_column column_container  jupiter-donut- _ jupiter-donut-height-full\">\n\t\n<div id=\"padding-2\" class=\"mk-padding-divider jupiter-donut-  jupiter-donut-clearfix\"><\/div>\n\n<h2 style=\"color: #1e73be;text-align: left;font-family:Quicksand;font-weight:400;font-style:normal\" class=\"vc_custom_heading\" ><strong>Concursal y Reestructuraciones <\/strong><\/h2>\n<div id=\"padding-3\" class=\"mk-padding-divider jupiter-donut-  jupiter-donut-clearfix\"><\/div>\n\n\n<div id=\"box-icon-4\" class=\"mk-box-icon  jupiter-donut- simple_minimal-style   jupiter-donut-clearfix\">\n\n    <h4 class=\"icon-box-title\"><i class=\"mk-main-ico small \"><svg  class=\"mk-svg-icon\" data-name=\"mk-icon-bookmark-o\" data-cacheid=\"icon-69d96d31ee880\" xmlns=\"http:\/\/www.w3.org\/2000\/svg\" viewBox=\"0 0 1280 1792\"><path d=\"M1152 256h-1024v1242l423-406 89-85 89 85 423 406v-1242zm12-128q23 0 44 9 33 13 52.5 41t19.5 62v1289q0 34-19.5 62t-52.5 41q-19 8-44 8-48 0-83-32l-441-424-441 424q-36 33-83 33-23 0-44-9-33-13-52.5-41t-19.5-62v-1289q0-34 19.5-62t52.5-41q21-9 44-9h1048z\"\/><\/svg><\/i><span>RESPONSABLES DE \u00c1REA<\/span><div class=\"clearboth\"><\/div><\/h4><p><a href=\"https:\/\/solium.legal\/team\/eugenio-llamas-pombo\/\"><strong>Eugenio Llamas Pombo<\/strong><\/a><\/p>\n<p><a href=\"https:\/\/solium.legal\/team\/gonzalo-diaz\/\"><strong>Gonzalo D\u00edaz Rodr\u00edguez<\/strong><\/a><\/p>\n\n    <div class=\"clearboth\"><\/div>\n<\/div>\n\n\n\n\n\n<div id=\"padding-5\" class=\"mk-padding-divider jupiter-donut-  jupiter-donut-clearfix\"><\/div>\n\n\n<div id=\"box-icon-6\" class=\"mk-box-icon  jupiter-donut- simple_minimal-style   jupiter-donut-clearfix\">\n\n    <h4 class=\"icon-box-title\"><i class=\"mk-main-ico small \"><svg  class=\"mk-svg-icon\" data-name=\"mk-icon-bookmark-o\" data-cacheid=\"icon-69d96d31eed95\" xmlns=\"http:\/\/www.w3.org\/2000\/svg\" viewBox=\"0 0 1280 1792\"><path d=\"M1152 256h-1024v1242l423-406 89-85 89 85 423 406v-1242zm12-128q23 0 44 9 33 13 52.5 41t19.5 62v1289q0 34-19.5 62t-52.5 41q-19 8-44 8-48 0-83-32l-441-424-441 424q-36 33-83 33-23 0-44-9-33-13-52.5-41t-19.5-62v-1289q0-34 19.5-62t52.5-41q21-9 44-9h1048z\"\/><\/svg><\/i><span>SOCIOS ADSCRITOS<\/span><div class=\"clearboth\"><\/div><\/h4><p><a href=\"https:\/\/solium.legal\/team\/rafael-sanchez-garcia\/\"><strong>Rafael S\u00e1nchez Garc\u00eda<\/strong><\/a><\/p>\n\n    <div class=\"clearboth\"><\/div>\n<\/div>\n\n\n\n\n\n<div id=\"padding-7\" class=\"mk-padding-divider jupiter-donut-  jupiter-donut-clearfix\"><\/div>\n\n<div class=\"vc_separator wpb_content_element vc_separator_align_center vc_sep_width_100 vc_sep_pos_align_center vc_separator_no_text vc_custom_1594763889129  vc_custom_1594763889129\" ><span class=\"vc_sep_holder vc_sep_holder_l\"><span  style=\"border-color:#1e73be;\" class=\"vc_sep_line\"><\/span><\/span><span class=\"vc_sep_holder vc_sep_holder_r\"><span  style=\"border-color:#1e73be;\" class=\"vc_sep_line\"><\/span><\/span>\n<\/div><\/div>\n\t<\/div>\n\n<div  data-mk-stretch-content=\"true\" class=\"wpb_row vc_row vc_row-fluid jupiter-donut- mk-fullwidth-false  attched-false     js-master-row  mk-grid\">\n\t\t\t\t\n<div class=\"vc_col-sm-12 wpb_column column_container  jupiter-donut- _ jupiter-donut-height-full\">\n\t\t<div class=\" vc_custom_1712743883831\">\n\n<div id=\"text-block-9\" class=\"mk-text-block  jupiter-donut- \">\n\n\t\n\t<p style=\"text-align: left;\">El 26 de septiembre de 2022 entr\u00f3 en vigor Ley 16\/2022: Principales novedades de la reforma concursal, en vigor desde el pasado 26 de septiembre. Se trata de una reforma que se realiza a consecuencia de la Directiva de reestructuraciones 2019\/1023. El objetivo de la reforma es resolver las limitaciones del sistema de insolvencia espa\u00f1ol, centr\u00e1ndose en el pre-pack concursal e introduciendo grandes novedades en el beneficio de exoneraci\u00f3n del pasivo insatisfecho.<\/p>\n<p>El eje de la nueva normativa son los planes de reestructuraci\u00f3n que se definen como una actuaci\u00f3n en un estadio de dificultades previo al de los vigentes instrumentos preconcursales, sin el estigma asociado al concurso y con caracter\u00edsticas que incrementan su eficacia.<\/p>\n<p>Por todo ello, la nueva legislaci\u00f3n concursal supone un cambio radical en la tramitaci\u00f3n de la insolvencia de las empresas y de las personas.<\/p>\n<p>&nbsp;<\/p>\n<p><strong>SOMOS PROFESIONALES ESPECIALISTAS EN DERECHO DE LA INSOLVENCIA<\/strong><\/p>\n<p style=\"text-align: justify;\">En concreto, en esta \u00e1rea de pr\u00e1ctica ofrecemos a nuestros clientes los siguientes servicios:<\/p>\n<ul>\n<li>An\u00e1lisis y asesoramiento en fase preconcursal.<\/li>\n<li>Renegociaci\u00f3n de deuda y acuerdos de refinanciaci\u00f3n.<\/li>\n<li>Elaboraci\u00f3n de toda la documentaci\u00f3n necesaria en la solicitud de concurso.<\/li>\n<li>Preparaci\u00f3n de Planes de Viabilidad y negociaci\u00f3n con acreedores.<\/li>\n<li>Gesti\u00f3n de la problem\u00e1tica laboral en el seno del concurso.<\/li>\n<li>Responsabilidad de los administradores sociales ante el concurso voluntario y\/o necesario.<\/li>\n<li>Elaboraci\u00f3n de Planes de Liquidaci\u00f3n. Asistencia en la liquidaci\u00f3n ordenada.<\/li>\n<li>Protecci\u00f3n de cr\u00e9ditos: impugnaci\u00f3n y reconocimiento de cr\u00e9ditos en los procesos concursales, as\u00ed como, su reclamaci\u00f3n fuera del concurso a administradores sociales y socios en supuestos de comunicaci\u00f3n de responsabilidad patrimonial.<\/li>\n<li>Direcci\u00f3n letrada y defensa en incidentes concursales.<br \/>\nEn esta \u00e1rea se atender\u00e1n los asuntos derivados de la insolvencia, tanto de personas jur\u00eddicas, como de personas f\u00edsicas, extendi\u00e9ndose tanto al \u00e1mbito preconcursal, concursal y de reestructuraciones financieras.<\/li>\n<\/ul>\n<p>&nbsp;<\/p>\n<p><strong>SOMOS ADMINISTRADORES CONCURSALES<\/strong><\/p>\n<p style=\"text-align: justify;\">\u200bEl nombramiento de SOLIUM LEGAL S.L.P. como Administrador Concursal, en cualquier tipo de procedimiento y tipolog\u00eda de la entidad concursada, supone la creaci\u00f3n de un equipo multidisciplinar que, bajo la direcci\u00f3n y control directo de uno de los socios, designado representante en el procedimiento, integrar\u00e1 profesionales del derecho, especializados en Derecho concursal, mercantil y laboral, economistas y auditores con experiencia en la gesti\u00f3n de empresas y en el an\u00e1lisis econ\u00f3mico-financiero, as\u00ed como en procesos de refinanciaci\u00f3n y reestructuraci\u00f3n de deudas.<\/p>\n<p style=\"text-align: justify;\">Adem\u00e1s del personal cualificado de SOLIUM LEGAL S.L.P., contamos con recursos humanos, medios t\u00e9cnicos y materiales para afrontar con \u00e9xito la responsabilidad de administrar entidades concursadas, siempre con el objetivo \u00faltimo de defender los derechos de los acreedores, de la entidad o persona f\u00edsica concursadas y, en \u00faltima instancia, de colaborar con el titular del juzgado mercantil en el desarrollo del procedimiento concursal.<\/p>\n<p style=\"text-align: justify;\">SOLIUM LEGAL S.L.P. ofrece un servicio cualificado, homog\u00e9neo e integral gracias a la especializaci\u00f3n a nivel jur\u00eddico, econ\u00f3mico, financiero, bancario, de gesti\u00f3n y contable de los abogados y economistas que forman parte de la firma y abarca las distintas \u00e1reas de pr\u00e1ctica inherentes a todo concurso: Laboral (ERES, extinciones\u00a0individuales, resoluci\u00f3n de\u00a0conflictividad laboral), procesal-civil, restructuraciones societarias (fusiones y adquisiciones), an\u00e1lisis de viabilidad econ\u00f3mica, fiscal y gesti\u00f3n tributaria.<\/p>\n\n\t<div class=\"clearboth\"><\/div>\n<\/div>\n\n\t<\/div>\n\n<div id=\"padding-10\" class=\"mk-padding-divider jupiter-donut-  jupiter-donut-clearfix\"><\/div>\n\n<div class=\"vc_btn3-container vc_btn3-center vc_custom_1595090146018\" ><a class=\"vc_general vc_btn3 vc_btn3-size-lg vc_btn3-shape-square vc_btn3-style-modern vc_btn3-color-peacoc\" href=\"https:\/\/solium.legal\/contacto\/\" title=\"CONTACTO\">CONTACTE CON NOSOTROS<\/a><\/div><\/div>\n\t<\/div>\n\n","protected":false},"excerpt":{"rendered":"Concursal y Reestructuraciones RESPONSABLES DE \u00c1REAEugenio Llamas Pombo Gonzalo D\u00edaz Rodr\u00edguez SOCIOS ADSCRITOSRafael S\u00e1nchez Garc\u00eda El 26 de septiembre de 2022 entr\u00f3 en vigor Ley 16\/2022: Principales novedades de la reforma concursal, en vigor desde el pasado 26 de septiembre. Se trata de una reforma que se realiza a consecuencia de la Directiva de reestructuraciones [...]","protected":false},"author":2,"featured_media":0,"parent":17,"menu_order":0,"comment_status":"closed","ping_status":"closed","template":"","meta":{"footnotes":""},"class_list":["post-1392","page","type-page","status-publish","hentry"],"_links":{"self":[{"href":"https:\/\/solium.legal\/es_es\/wp-json\/wp\/v2\/pages\/1392","targetHints":{"allow":["GET"]}}],"collection":[{"href":"https:\/\/solium.legal\/es_es\/wp-json\/wp\/v2\/pages"}],"about":[{"href":"https:\/\/solium.legal\/es_es\/wp-json\/wp\/v2\/types\/page"}],"author":[{"embeddable":true,"href":"https:\/\/solium.legal\/es_es\/wp-json\/wp\/v2\/users\/2"}],"replies":[{"embeddable":true,"href":"https:\/\/solium.legal\/es_es\/wp-json\/wp\/v2\/comments?post=1392"}],"version-history":[{"count":61,"href":"https:\/\/solium.legal\/es_es\/wp-json\/wp\/v2\/pages\/1392\/revisions"}],"predecessor-version":[{"id":3265,"href":"https:\/\/solium.legal\/es_es\/wp-json\/wp\/v2\/pages\/1392\/revisions\/3265"}],"up":[{"embeddable":true,"href":"https:\/\/solium.legal\/es_es\/wp-json\/wp\/v2\/pages\/17"}],"wp:attachment":[{"href":"https:\/\/solium.legal\/es_es\/wp-json\/wp\/v2\/media?parent=1392"}],"curies":[{"name":"wp","href":"https:\/\/api.w.org\/{rel}","templated":true}]}}