{"id":1402,"date":"2020-05-20T17:05:35","date_gmt":"2020-05-20T17:05:35","guid":{"rendered":"https:\/\/solium.legal\/?page_id=1402"},"modified":"2025-09-04T15:35:51","modified_gmt":"2025-09-04T15:35:51","slug":"laboral-y-seguridad-social","status":"publish","type":"page","link":"https:\/\/solium.legal\/es_es\/areas-practicas\/laboral-y-seguridad-social\/","title":{"rendered":"Laboral y Seguridad Social"},"content":{"rendered":"\n<div  data-mk-stretch-content=\"true\" class=\"wpb_row vc_row vc_row-fluid jupiter-donut- mk-fullwidth-false  attched-false     js-master-row  mk-grid\">\n\t\t\t\t\n<div class=\"vc_col-sm-12 wpb_column column_container  jupiter-donut- _ jupiter-donut-height-full\">\n\t\n<div id=\"padding-2\" class=\"mk-padding-divider jupiter-donut-  jupiter-donut-clearfix\"><\/div>\n\n<h2 style=\"color: #1e73be;text-align: left;font-family:Quicksand;font-weight:300;font-style:normal\" class=\"vc_custom_heading\" ><a href=\"\"><strong>LABORAL Y SEGURIDAD SOCIAL<\/strong><\/a><\/h2>\n<div id=\"padding-3\" class=\"mk-padding-divider jupiter-donut-  jupiter-donut-clearfix\"><\/div>\n\n\n<div id=\"padding-4\" class=\"mk-padding-divider jupiter-donut-  jupiter-donut-clearfix\"><\/div>\n\n<div class=\"vc_separator wpb_content_element vc_separator_align_center vc_sep_width_100 vc_sep_pos_align_center vc_separator_no_text vc_custom_1594765421622  vc_custom_1594765421622\" ><span class=\"vc_sep_holder vc_sep_holder_l\"><span  style=\"border-color:#126fb4;\" class=\"vc_sep_line\"><\/span><\/span><span class=\"vc_sep_holder vc_sep_holder_r\"><span  style=\"border-color:#126fb4;\" class=\"vc_sep_line\"><\/span><\/span>\n<\/div>\t<div class=\" vc_custom_1594417840601\">\n\n<div id=\"text-block-5\" class=\"mk-text-block  jupiter-donut- \">\n\n\t\n\t<p style=\"text-align: justify;\">Este departamento se encarga de todos los servicios que se encuadran dentro de esta pr\u00e1ctica del Derecho. Entre los m\u00e1s destacados est\u00e1n:<\/p>\n<ul>\n<li>Derecho laboral en general.<\/li>\n<li>Seguridad social, mutuas de accidentes de trabajo, prevenci\u00f3n de riesgos laborales e incapacidades.<\/li>\n<li>Expedientes de Regulaci\u00f3n de Empleo y Expedientes de Regulaci\u00f3n Temporal de Empleo.<\/li>\n<\/ul>\n<p style=\"text-align: justify;\">Nuestros profesionales tambi\u00e9n se ocupan de los tr\u00e1mites relacionados con las Administraciones Generales del Estado, auton\u00f3micas y locales.<\/p>\n<p style=\"text-align: justify;\">Planificaci\u00f3n de las relaciones laborales, con asesoramiento sobre contrataci\u00f3n, retribuciones y sistemas de flexibilizaci\u00f3n de las condiciones de trabajo.<\/p>\n<p style=\"text-align: justify;\">Asistencia y representaci\u00f3n de la empresa en negociaciones colectivas (convenios y pactos de empresa).<\/p>\n<p style=\"text-align: justify;\">Asesoramiento y asistencia a empresas en crisis: modificaciones de las condiciones de trabajo, reestructuraci\u00f3n de plantillas (EREs, amortizaci\u00f3n individual de puestos de trabajo, movilidad laboral), suspensiones temporales de empleo y dem\u00e1s instrumentos jur\u00eddicos que permiten adaptar los costes sociales a las necesidades de la empresa.<\/p>\n<p style=\"text-align: justify;\">Defensa y direcci\u00f3n letrada ante los \u00d3rganos de la Administraci\u00f3n Laboral y ante los \u00d3rganos de la Jurisdicci\u00f3n Social en cuantos contenciosos le sean planteados a la empresa.<\/p>\n<p style=\"text-align: justify;\">Asesoramiento y representaci\u00f3n en las transmisiones de empresas, en cuanto afecte a una posible sucesi\u00f3n empresarial.<\/p>\n<p style=\"text-align: justify;\">Outsourcing y subcontrataci\u00f3n de actividades.<\/p>\n<p style=\"text-align: left;\">Auditor\u00eda laboral y de Seguridad Social (due diligence).<\/p>\n\n\t<div class=\"clearboth\"><\/div>\n<\/div>\n\n\t<\/div>\n\n<div id=\"padding-6\" class=\"mk-padding-divider jupiter-donut-  jupiter-donut-clearfix\"><\/div>\n\n<div class=\"vc_btn3-container vc_btn3-center vc_custom_1595090195454\" ><a class=\"vc_general vc_btn3 vc_btn3-size-lg vc_btn3-shape-square vc_btn3-style-modern vc_btn3-color-peacoc\" href=\"https:\/\/solium.legal\/contacto\/\" title=\"CONTACTO\">CONTACTE CON NOSOTROS<\/a><\/div><\/div>\n\t<\/div>\n\n","protected":false},"excerpt":{"rendered":"LABORAL Y SEGURIDAD SOCIAL Este departamento se encarga de todos los servicios que se encuadran dentro de esta pr\u00e1ctica del Derecho. Entre los m\u00e1s destacados est\u00e1n: Derecho laboral en general. Seguridad social, mutuas de accidentes de trabajo, prevenci\u00f3n de riesgos laborales e incapacidades. Expedientes de Regulaci\u00f3n de Empleo y Expedientes de Regulaci\u00f3n Temporal de Empleo. [...]","protected":false},"author":2,"featured_media":0,"parent":17,"menu_order":0,"comment_status":"closed","ping_status":"closed","template":"","meta":{"footnotes":""},"class_list":["post-1402","page","type-page","status-publish","hentry"],"_links":{"self":[{"href":"https:\/\/solium.legal\/es_es\/wp-json\/wp\/v2\/pages\/1402","targetHints":{"allow":["GET"]}}],"collection":[{"href":"https:\/\/solium.legal\/es_es\/wp-json\/wp\/v2\/pages"}],"about":[{"href":"https:\/\/solium.legal\/es_es\/wp-json\/wp\/v2\/types\/page"}],"author":[{"embeddable":true,"href":"https:\/\/solium.legal\/es_es\/wp-json\/wp\/v2\/users\/2"}],"replies":[{"embeddable":true,"href":"https:\/\/solium.legal\/es_es\/wp-json\/wp\/v2\/comments?post=1402"}],"version-history":[{"count":22,"href":"https:\/\/solium.legal\/es_es\/wp-json\/wp\/v2\/pages\/1402\/revisions"}],"predecessor-version":[{"id":3193,"href":"https:\/\/solium.legal\/es_es\/wp-json\/wp\/v2\/pages\/1402\/revisions\/3193"}],"up":[{"embeddable":true,"href":"https:\/\/solium.legal\/es_es\/wp-json\/wp\/v2\/pages\/17"}],"wp:attachment":[{"href":"https:\/\/solium.legal\/es_es\/wp-json\/wp\/v2\/media?parent=1402"}],"curies":[{"name":"wp","href":"https:\/\/api.w.org\/{rel}","templated":true}]}}