{"id":1406,"date":"2020-05-20T17:06:48","date_gmt":"2020-05-20T17:06:48","guid":{"rendered":"https:\/\/solium.legal\/?page_id=1406"},"modified":"2025-11-17T17:41:08","modified_gmt":"2025-11-17T17:41:08","slug":"penal","status":"publish","type":"page","link":"https:\/\/solium.legal\/es_es\/areas-practicas\/penal\/","title":{"rendered":"Penal"},"content":{"rendered":"\n<div  data-mk-stretch-content=\"true\" class=\"wpb_row vc_row vc_row-fluid jupiter-donut- mk-fullwidth-false  attched-false     js-master-row  mk-grid\">\n\t\t\t\t\n<div class=\"vc_col-sm-12 wpb_column column_container  jupiter-donut- _ jupiter-donut-height-full\">\n\t\n<div id=\"padding-2\" class=\"mk-padding-divider jupiter-donut-  jupiter-donut-clearfix\"><\/div>\n\n<h2 style=\"color: #1e73be;text-align: left;font-family:Quicksand;font-weight:300;font-style:normal\" class=\"vc_custom_heading\" ><a href=\"\"><strong>PENAL<\/strong><\/a><\/h2>\n<div id=\"padding-3\" class=\"mk-padding-divider jupiter-donut-  jupiter-donut-clearfix\"><\/div>\n\n\n<div id=\"padding-4\" class=\"mk-padding-divider jupiter-donut-  jupiter-donut-clearfix\"><\/div>\n\n<div class=\"vc_separator wpb_content_element vc_separator_align_center vc_sep_width_100 vc_sep_pos_align_center vc_separator_no_text vc_custom_1594766013342  vc_custom_1594766013342\" ><span class=\"vc_sep_holder vc_sep_holder_l\"><span  style=\"border-color:#1e73be;\" class=\"vc_sep_line\"><\/span><\/span><span class=\"vc_sep_holder vc_sep_holder_r\"><span  style=\"border-color:#1e73be;\" class=\"vc_sep_line\"><\/span><\/span>\n<\/div>\t<div class=\" vc_custom_1594418910743\">\n\n<div id=\"text-block-5\" class=\"mk-text-block  jupiter-donut- \">\n\n\t\n\t<p style=\"text-align: justify;\">Las conductas tipificadas recogidas en el C\u00f3digo Penal engloban delitos de muy diversa \u00edndole, y nuestro departamento de Derecho Penal se encarga de asesorar y asistir a nuestros clientes en relaci\u00f3n con cualquier tipo de delito que pudieran haber cometido o del que fueran v\u00edctima y\/o perjudicado.<\/p>\n<p style=\"text-align: justify;\">En el \u00e1mbito judicial, asistimos y representamos a nuestros clientes, como defensa o acusaci\u00f3n particular, en todas las fases del procedimiento: desde su inicio y la fase de instrucci\u00f3n, hasta la celebraci\u00f3n de juicio y la interposici\u00f3n de eventuales recursos, poniendo siempre a su servicio nuestra experiencia ante los Tribunales para la mejor defensa de sus intereses.<\/p>\n\n\t<div class=\"clearboth\"><\/div>\n<\/div>\n\n\t<\/div>\n\n<div id=\"padding-6\" class=\"mk-padding-divider jupiter-donut-  jupiter-donut-clearfix\"><\/div>\n\n<div class=\"vc_btn3-container vc_btn3-center vc_custom_1595090242964\" ><a class=\"vc_general vc_btn3 vc_btn3-size-lg vc_btn3-shape-square vc_btn3-style-modern vc_btn3-color-peacoc\" href=\"https:\/\/solium.legal\/contacto\/\" title=\"CONTACTO\">CONTACTE CON NOSOTROS<\/a><\/div><\/div>\n\t<\/div>\n\n","protected":false},"excerpt":{"rendered":"PENAL Las conductas tipificadas recogidas en el C\u00f3digo Penal engloban delitos de muy diversa \u00edndole, y nuestro departamento de Derecho Penal se encarga de asesorar y asistir a nuestros clientes en relaci\u00f3n con cualquier tipo de delito que pudieran haber cometido o del que fueran v\u00edctima y\/o perjudicado. En el \u00e1mbito judicial, asistimos y representamos [...]","protected":false},"author":2,"featured_media":0,"parent":17,"menu_order":0,"comment_status":"closed","ping_status":"closed","template":"","meta":{"footnotes":""},"class_list":["post-1406","page","type-page","status-publish","hentry"],"_links":{"self":[{"href":"https:\/\/solium.legal\/es_es\/wp-json\/wp\/v2\/pages\/1406","targetHints":{"allow":["GET"]}}],"collection":[{"href":"https:\/\/solium.legal\/es_es\/wp-json\/wp\/v2\/pages"}],"about":[{"href":"https:\/\/solium.legal\/es_es\/wp-json\/wp\/v2\/types\/page"}],"author":[{"embeddable":true,"href":"https:\/\/solium.legal\/es_es\/wp-json\/wp\/v2\/users\/2"}],"replies":[{"embeddable":true,"href":"https:\/\/solium.legal\/es_es\/wp-json\/wp\/v2\/comments?post=1406"}],"version-history":[{"count":23,"href":"https:\/\/solium.legal\/es_es\/wp-json\/wp\/v2\/pages\/1406\/revisions"}],"predecessor-version":[{"id":3244,"href":"https:\/\/solium.legal\/es_es\/wp-json\/wp\/v2\/pages\/1406\/revisions\/3244"}],"up":[{"embeddable":true,"href":"https:\/\/solium.legal\/es_es\/wp-json\/wp\/v2\/pages\/17"}],"wp:attachment":[{"href":"https:\/\/solium.legal\/es_es\/wp-json\/wp\/v2\/media?parent=1406"}],"curies":[{"name":"wp","href":"https:\/\/api.w.org\/{rel}","templated":true}]}}