{"id":1408,"date":"2020-05-20T17:07:14","date_gmt":"2020-05-20T17:07:14","guid":{"rendered":"https:\/\/solium.legal\/?page_id=1408"},"modified":"2025-09-04T15:35:07","modified_gmt":"2025-09-04T15:35:07","slug":"economico-y-financiero","status":"publish","type":"page","link":"https:\/\/solium.legal\/es_es\/areas-practicas\/economico-y-financiero\/","title":{"rendered":"Econ\u00f3mico y Financiero"},"content":{"rendered":"\n<div  data-mk-stretch-content=\"true\" class=\"wpb_row vc_row vc_row-fluid jupiter-donut- mk-fullwidth-false  attched-false     js-master-row  mk-grid\">\n\t\t\t\t\n<div class=\"vc_col-sm-12 wpb_column column_container  jupiter-donut- _ jupiter-donut-height-full\">\n\t\n<div id=\"padding-2\" class=\"mk-padding-divider jupiter-donut-  jupiter-donut-clearfix\"><\/div>\n\n<h2 style=\"color: #1e73be;text-align: left;font-family:Quicksand;font-weight:300;font-style:normal\" class=\"vc_custom_heading\" ><a href=\"\"><strong>Econ\u00f3mico y Financiero<\/strong><\/a><\/h2>\n<div id=\"padding-3\" class=\"mk-padding-divider jupiter-donut-  jupiter-donut-clearfix\"><\/div>\n\n\n<div id=\"box-icon-4\" class=\"mk-box-icon  jupiter-donut- simple_minimal-style   jupiter-donut-clearfix\">\n\n    <h4 class=\"icon-box-title\"><i class=\"mk-main-ico small \"><\/i><span><\/span><div class=\"clearboth\"><\/div><\/h4>\n    <div class=\"clearboth\"><\/div>\n<\/div>\n\n\n\n\n<div class=\"vc_separator wpb_content_element vc_separator_align_center vc_sep_width_100 vc_sep_pos_align_center vc_separator_no_text vc_custom_1594764114580  vc_custom_1594764114580\" ><span class=\"vc_sep_holder vc_sep_holder_l\"><span  style=\"border-color:#1e73be;\" class=\"vc_sep_line\"><\/span><\/span><span class=\"vc_sep_holder vc_sep_holder_r\"><span  style=\"border-color:#1e73be;\" class=\"vc_sep_line\"><\/span><\/span>\n<\/div>\t<div class=\" vc_custom_1594764192366\">\n\n<div id=\"text-block-5\" class=\"mk-text-block  jupiter-donut- \">\n\n\t\n\t<p style=\"text-align: justify;\">Nuestra Firma cuenta con personal altamente especializado en la econom\u00eda de la empresa, su organizaci\u00f3n, gesti\u00f3n y planificaci\u00f3n econ\u00f3mica y financiera, capacitado tanto para apoyar y asesorar a empresas en expansi\u00f3n y crecimiento, en el mercado nacional y global, como para afrontar situaciones de crisis. Asistimos a la empresa en los procesos de reestructuraci\u00f3n imprescindibles para alcanzar con \u00e9xito los objetivos estrat\u00e9gicos propuestos y para, en su caso, salir de situaciones de insolvencias previsibles o actuales, colaborando en la modificaci\u00f3n de las estructuras de la empresa, de car\u00e1cter organizativo, financiero y de gesti\u00f3n. SOLIUM LEGAL, S.L.P afronta con especial inter\u00e9s todo el apoyo y asesoramiento que precisan los emprendedores, inversores y start ups, en el inicio del proyecto empresarial, su desarrollo, expansi\u00f3n nacional e internacional, captaci\u00f3n de inversi\u00f3n, y\/o, en su caso, venta de la empresa, y todo ello, desde la cercan\u00eda y dedicaci\u00f3n propias de nuestros servicios.<\/p>\n<p style=\"text-align: justify;\"><strong>Servicios espec\u00edficos de este \u00e1rea:<\/strong><\/p>\n<ul>\n<li style=\"text-align: justify;\">Elaboraci\u00f3n de proyectos de inversi\u00f3n y estudios de rentabilidad.<\/li>\n<li style=\"text-align: justify;\">Presentaci\u00f3n a inversores de Business Plan y protocolos de negociaci\u00f3n.<\/li>\n<li style=\"text-align: justify;\">Diagn\u00f3stico Estrat\u00e9gico y Operativo de la Empresa: puesta de manifiesto de sus debilidades y estructuras ineficaces.<\/li>\n<li style=\"text-align: justify;\">Elaboraci\u00f3n de Planes de Viabilidad y asistencia en la ejecuci\u00f3n del mismo.<\/li>\n<li style=\"text-align: justify;\">Implantaci\u00f3n de sistemas de control de gesti\u00f3n. Control de Gesti\u00f3n Integral. (Direcci\u00f3n Financiera).<\/li>\n<li style=\"text-align: justify;\">Presupuesto Anual y Control Presupuestario.<\/li>\n<li style=\"text-align: justify;\">Asistencia en la consecuci\u00f3n de financiaci\u00f3n externa. Negociaci\u00f3n con Entidades Financieras y Stakeholders.<\/li>\n<li style=\"text-align: justify;\">Asesoramiento en la compraventa de empresas y sociedades mercantiles: valoraci\u00f3n y elaboraci\u00f3n de \u201cdue diligence\u201d.<\/li>\n<li style=\"text-align: justify;\">Asesoramiento y asistencia en los procesos operativos de la empresa: an\u00e1lisis de la contabilidad y su adecuaci\u00f3n al derecho contable (conjunto de normas que regulan la elaboraci\u00f3n de la contabilidad y su presentaci\u00f3n a terceros), procedimientos de consolidaci\u00f3n de la contabilidad de grupos de empresas, implantaci\u00f3n de sistemas inform\u00e1ticos de gesti\u00f3n y contables.<\/li>\n<li style=\"text-align: justify;\">Elaboraci\u00f3n y defensa de informes periciales en conflictos empresariales, financieros, societarios y en cualquier situaci\u00f3n contenciosa, ante \u00d3rganos judiciales y administrativos.<\/li>\n<\/ul>\n\n\t<div class=\"clearboth\"><\/div>\n<\/div>\n\n\t<\/div>\n\n<div id=\"padding-6\" class=\"mk-padding-divider jupiter-donut-  jupiter-donut-clearfix\"><\/div>\n\n<div class=\"vc_btn3-container vc_btn3-center vc_custom_1595090160237\" ><a class=\"vc_general vc_btn3 vc_btn3-size-lg vc_btn3-shape-square vc_btn3-style-modern vc_btn3-color-peacoc\" href=\"https:\/\/solium.legal\/contacto\/\" title=\"CONTACTO\">CONTACTE CON NOSOTROS<\/a><\/div><\/div>\n\t<\/div>\n\n","protected":false},"excerpt":{"rendered":"Econ\u00f3mico y Financiero Nuestra Firma cuenta con personal altamente especializado en la econom\u00eda de la empresa, su organizaci\u00f3n, gesti\u00f3n y planificaci\u00f3n econ\u00f3mica y financiera, capacitado tanto para apoyar y asesorar a empresas en expansi\u00f3n y crecimiento, en el mercado nacional y global, como para afrontar situaciones de crisis. Asistimos a la empresa en los procesos [...]","protected":false},"author":2,"featured_media":0,"parent":17,"menu_order":0,"comment_status":"closed","ping_status":"closed","template":"","meta":{"footnotes":""},"class_list":["post-1408","page","type-page","status-publish","hentry"],"_links":{"self":[{"href":"https:\/\/solium.legal\/es_es\/wp-json\/wp\/v2\/pages\/1408","targetHints":{"allow":["GET"]}}],"collection":[{"href":"https:\/\/solium.legal\/es_es\/wp-json\/wp\/v2\/pages"}],"about":[{"href":"https:\/\/solium.legal\/es_es\/wp-json\/wp\/v2\/types\/page"}],"author":[{"embeddable":true,"href":"https:\/\/solium.legal\/es_es\/wp-json\/wp\/v2\/users\/2"}],"replies":[{"embeddable":true,"href":"https:\/\/solium.legal\/es_es\/wp-json\/wp\/v2\/comments?post=1408"}],"version-history":[{"count":35,"href":"https:\/\/solium.legal\/es_es\/wp-json\/wp\/v2\/pages\/1408\/revisions"}],"predecessor-version":[{"id":3192,"href":"https:\/\/solium.legal\/es_es\/wp-json\/wp\/v2\/pages\/1408\/revisions\/3192"}],"up":[{"embeddable":true,"href":"https:\/\/solium.legal\/es_es\/wp-json\/wp\/v2\/pages\/17"}],"wp:attachment":[{"href":"https:\/\/solium.legal\/es_es\/wp-json\/wp\/v2\/media?parent=1408"}],"curies":[{"name":"wp","href":"https:\/\/api.w.org\/{rel}","templated":true}]}}