{"id":1410,"date":"2020-05-20T17:08:21","date_gmt":"2020-05-20T17:08:21","guid":{"rendered":"https:\/\/solium.legal\/?page_id=1410"},"modified":"2021-10-25T17:56:42","modified_gmt":"2021-10-25T17:56:42","slug":"compliance","status":"publish","type":"page","link":"https:\/\/solium.legal\/es_es\/areas-practicas\/compliance\/","title":{"rendered":"Compliance"},"content":{"rendered":"\n<div  data-mk-stretch-content=\"true\" class=\"wpb_row vc_row vc_row-fluid jupiter-donut- mk-fullwidth-false  attched-false     js-master-row  mk-grid\">\n\t\t\t\t\n<div class=\"vc_col-sm-12 wpb_column column_container  jupiter-donut- _ jupiter-donut-height-full\">\n\t\n<div id=\"padding-2\" class=\"mk-padding-divider jupiter-donut-  jupiter-donut-clearfix\"><\/div>\n\n<h2 style=\"color: #1e73be;text-align: left;font-family:Quicksand;font-weight:400;font-style:normal\" class=\"vc_custom_heading\" ><strong> Compliance<\/strong><\/h2>\n<div id=\"padding-3\" class=\"mk-padding-divider jupiter-donut-  jupiter-donut-clearfix\"><\/div>\n\n\n<div id=\"box-icon-4\" class=\"mk-box-icon  jupiter-donut- simple_minimal-style   jupiter-donut-clearfix\">\n\n    <h4 class=\"icon-box-title\"><i class=\"mk-main-ico small \"><svg  class=\"mk-svg-icon\" data-name=\"mk-icon-bookmark-o\" data-cacheid=\"icon-69d96d8a35634\" xmlns=\"http:\/\/www.w3.org\/2000\/svg\" viewBox=\"0 0 1280 1792\"><path d=\"M1152 256h-1024v1242l423-406 89-85 89 85 423 406v-1242zm12-128q23 0 44 9 33 13 52.5 41t19.5 62v1289q0 34-19.5 62t-52.5 41q-19 8-44 8-48 0-83-32l-441-424-441 424q-36 33-83 33-23 0-44-9-33-13-52.5-41t-19.5-62v-1289q0-34 19.5-62t52.5-41q21-9 44-9h1048z\"\/><\/svg><\/i><span>RESPONSABLE DE \u00c1REA<\/span><div class=\"clearboth\"><\/div><\/h4><p><a href=\"https:\/\/solium.legal\/team\/lourdes-del-amo\/\"><strong>Lourdes del Amo de la Fuente<\/strong><\/a><\/p>\n\n    <div class=\"clearboth\"><\/div>\n<\/div>\n\n\n\n\n\n<div id=\"padding-5\" class=\"mk-padding-divider jupiter-donut-  jupiter-donut-clearfix\"><\/div>\n\n\n<div id=\"box-icon-6\" class=\"mk-box-icon  jupiter-donut- simple_minimal-style   jupiter-donut-clearfix\">\n\n    <h4 class=\"icon-box-title\"><i class=\"mk-main-ico small \"><svg  class=\"mk-svg-icon\" data-name=\"mk-icon-bookmark-o\" data-cacheid=\"icon-69d96d8a35cdd\" xmlns=\"http:\/\/www.w3.org\/2000\/svg\" viewBox=\"0 0 1280 1792\"><path d=\"M1152 256h-1024v1242l423-406 89-85 89 85 423 406v-1242zm12-128q23 0 44 9 33 13 52.5 41t19.5 62v1289q0 34-19.5 62t-52.5 41q-19 8-44 8-48 0-83-32l-441-424-441 424q-36 33-83 33-23 0-44-9-33-13-52.5-41t-19.5-62v-1289q0-34 19.5-62t52.5-41q21-9 44-9h1048z\"\/><\/svg><\/i><span>SOCIO ADSCRITO<\/span><div class=\"clearboth\"><\/div><\/h4><p><a href=\"https:\/\/solium.legal\/team\/gonzalo-diaz\/\"><strong>Gonzalo D\u00edaz Rodr\u00edguez<\/strong><\/a><\/p>\n\n    <div class=\"clearboth\"><\/div>\n<\/div>\n\n\n\n\n<div class=\"vc_separator wpb_content_element vc_separator_align_center vc_sep_width_100 vc_sep_pos_align_center vc_separator_no_text vc_custom_1594763558009  vc_custom_1594763558009\" ><span class=\"vc_sep_holder vc_sep_holder_l\"><span  style=\"border-color:#1e73be;\" class=\"vc_sep_line\"><\/span><\/span><span class=\"vc_sep_holder vc_sep_holder_r\"><span  style=\"border-color:#1e73be;\" class=\"vc_sep_line\"><\/span><\/span>\n<\/div>\t<div class=\" vc_custom_1635182174204\">\n\n<div id=\"text-block-7\" class=\"mk-text-block  jupiter-donut- \">\n\n\t\n\t<p>Las empresas espa\u00f1olas est\u00e1n sometidas al cumplimiento de abundante regulaci\u00f3n normativa de distintos \u00e1mbitos (normativa sectorial, protecci\u00f3n de datos, seguridad de la informaci\u00f3n, continuidad del negocio), cuyo incumplimiento puede generar diversos riesgos (legales, econ\u00f3micos, reputacionales) en sus organizaciones.<\/p>\n<p>La implantaci\u00f3n de sistemas <strong>Risk &amp; Compliance<\/strong> tiene como objetivo minimizar estos riesgos y garanticen el cumplimiento normativo en todos los procesos de la actividad empresarial.<\/p>\n<p>A ello se una nueva categor\u00eda de riesgo corporativo, llevado a cabo mediante la importante <strong>reforma del C\u00f3digo Penal (Ley Org\u00e1nica 5\/2010, de 22 de junio),<\/strong> \u00a0ampliando la responsabilidad penal a las empresas, con independencia de su tama\u00f1o, vi\u00e9ndose obligadas a implantar sistemas de gesti\u00f3n y prevenci\u00f3n de delitos que resulten eficaces para detectar y prevenir los riesgos penales que puedan derivarse de su organizaci\u00f3n.<\/p>\n<p>SOLIUM LEGAL pone a disposici\u00f3n de sus clientes un equipo de profesionales altamente cualificados y proporciona, entre otros, la prestaci\u00f3n de los siguientes servicios:<\/p>\n<ul>\n<li>Compliance General. ISO 19600:2014 y UNE-ISO 19600:2015.<\/li>\n<li>Compliance Penal. UNE 19601:2017.<\/li>\n<li>Compliance Tributario. UNE 19602:2019.<\/li>\n<li>Compliance Antisoborno y Anticorrupci\u00f3n. Blanqueo de Capitales. ISO 37001 y UNE-ISO 37001:2017.<\/li>\n<li>Compliance laboral (Prevenci\u00f3n de riesgos laborales, protecci\u00f3n de datos, blanqueo de capitales, anti-trust\u2026).<\/li>\n<li>Corporate defense: asistencia jur\u00eddica en procesos que puedan iniciarse.<\/li>\n<li>Informes Periciales sobre Programas de Compliance, a tal efecto SOLIUM LEGAL cuenta con <strong>Peritos Judiciales Expertos en Compliance<\/strong> con presencia en todo el territorio nacional.<\/li>\n<\/ul>\n<p>La implantaci\u00f3n de los Programas de Compliance implica:<\/p>\n<ul>\n<li>Asesoramiento en la redacci\u00f3n de normas internas: C\u00f3digo \u00c9tico, C\u00f3digo de conducta, Pol\u00edticas empresariales, Protocolos de actuaci\u00f3n, Sistema disciplinario, Plan de Comunicaci\u00f3n, Plan de Formaci\u00f3n, etc.<\/li>\n<li>Asesoramiento al \u00f3rgano de direcci\u00f3n sobre cumplimiento normativo.<\/li>\n<li>Servicios de asesoramiento de oficial de cumplimiento, Compliance Officer.<\/li>\n<li>Asistencia en procesos de investigaci\u00f3n de conductas contrarias a los principios de la compa\u00f1\u00eda.<\/li>\n<li>Asesoramiento e implantaci\u00f3n de canales de comunicaci\u00f3n o de denuncia.<\/li>\n<li>Cultura de Compliance: Formaci\u00f3n y concienciaci\u00f3n.<\/li>\n<\/ul>\n\n\t<div class=\"clearboth\"><\/div>\n<\/div>\n\n\t<\/div>\n\n<div id=\"padding-8\" class=\"mk-padding-divider jupiter-donut-  jupiter-donut-clearfix\"><\/div>\n\n<div class=\"vc_btn3-container vc_btn3-center vc_custom_1595090100450\" ><a class=\"vc_general vc_btn3 vc_btn3-size-lg vc_btn3-shape-square vc_btn3-style-modern vc_btn3-color-peacoc\" href=\"https:\/\/solium.legal\/contacto\/\" title=\"CONTACTO\">CONTACTE CON NOSOTROS<\/a><\/div><\/div>\n\t<\/div>\n\n","protected":false},"excerpt":{"rendered":"Compliance RESPONSABLE DE \u00c1REALourdes del Amo de la Fuente SOCIO ADSCRITOGonzalo D\u00edaz Rodr\u00edguez Las empresas espa\u00f1olas est\u00e1n sometidas al cumplimiento de abundante regulaci\u00f3n normativa de distintos \u00e1mbitos (normativa sectorial, protecci\u00f3n de datos, seguridad de la informaci\u00f3n, continuidad del negocio), cuyo incumplimiento puede generar diversos riesgos (legales, econ\u00f3micos, reputacionales) en sus organizaciones. La implantaci\u00f3n de sistemas [...]","protected":false},"author":2,"featured_media":0,"parent":17,"menu_order":0,"comment_status":"closed","ping_status":"closed","template":"","meta":{"footnotes":""},"class_list":["post-1410","page","type-page","status-publish","hentry"],"_links":{"self":[{"href":"https:\/\/solium.legal\/es_es\/wp-json\/wp\/v2\/pages\/1410","targetHints":{"allow":["GET"]}}],"collection":[{"href":"https:\/\/solium.legal\/es_es\/wp-json\/wp\/v2\/pages"}],"about":[{"href":"https:\/\/solium.legal\/es_es\/wp-json\/wp\/v2\/types\/page"}],"author":[{"embeddable":true,"href":"https:\/\/solium.legal\/es_es\/wp-json\/wp\/v2\/users\/2"}],"replies":[{"embeddable":true,"href":"https:\/\/solium.legal\/es_es\/wp-json\/wp\/v2\/comments?post=1410"}],"version-history":[{"count":27,"href":"https:\/\/solium.legal\/es_es\/wp-json\/wp\/v2\/pages\/1410\/revisions"}],"predecessor-version":[{"id":2808,"href":"https:\/\/solium.legal\/es_es\/wp-json\/wp\/v2\/pages\/1410\/revisions\/2808"}],"up":[{"embeddable":true,"href":"https:\/\/solium.legal\/es_es\/wp-json\/wp\/v2\/pages\/17"}],"wp:attachment":[{"href":"https:\/\/solium.legal\/es_es\/wp-json\/wp\/v2\/media?parent=1410"}],"curies":[{"name":"wp","href":"https:\/\/api.w.org\/{rel}","templated":true}]}}