{"id":1413,"date":"2020-05-20T17:08:50","date_gmt":"2020-05-20T17:08:50","guid":{"rendered":"https:\/\/solium.legal\/?page_id=1413"},"modified":"2025-11-17T17:44:06","modified_gmt":"2025-11-17T17:44:06","slug":"litigacion-y-arbitraje","status":"publish","type":"page","link":"https:\/\/solium.legal\/es_es\/areas-practicas\/litigacion-y-arbitraje\/","title":{"rendered":"Litigaci\u00f3n y Arbitraje"},"content":{"rendered":"\n<div  data-mk-stretch-content=\"true\" class=\"wpb_row vc_row vc_row-fluid jupiter-donut- mk-fullwidth-false  attched-false     js-master-row  mk-grid\">\n\t\t\t\t\n<div class=\"vc_col-sm-12 wpb_column column_container  jupiter-donut- _ jupiter-donut-height-full\">\n\t\n<div id=\"padding-2\" class=\"mk-padding-divider jupiter-donut-  jupiter-donut-clearfix\"><\/div>\n\n<h2 style=\"color: #1e73be;text-align: left;font-family:Quicksand;font-weight:300;font-style:normal\" class=\"vc_custom_heading\" ><a href=\"\"><strong>LITIGACI\u00d3N Y ARBITRAJE<\/strong><\/a><\/h2>\n<div id=\"padding-3\" class=\"mk-padding-divider jupiter-donut-  jupiter-donut-clearfix\"><\/div>\n\n\n<div id=\"box-icon-4\" class=\"mk-box-icon  jupiter-donut- simple_minimal-style   jupiter-donut-clearfix\">\n\n    <h4 class=\"icon-box-title\"><i class=\"mk-main-ico small \"><svg  class=\"mk-svg-icon\" data-name=\"mk-icon-bookmark-o\" data-cacheid=\"icon-69decae1c1d84\" xmlns=\"http:\/\/www.w3.org\/2000\/svg\" viewBox=\"0 0 1280 1792\"><path d=\"M1152 256h-1024v1242l423-406 89-85 89 85 423 406v-1242zm12-128q23 0 44 9 33 13 52.5 41t19.5 62v1289q0 34-19.5 62t-52.5 41q-19 8-44 8-48 0-83-32l-441-424-441 424q-36 33-83 33-23 0-44-9-33-13-52.5-41t-19.5-62v-1289q0-34 19.5-62t52.5-41q21-9 44-9h1048z\"\/><\/svg><\/i><span>RESPONSABLE DE \u00c1REA<\/span><div class=\"clearboth\"><\/div><\/h4><p><a href=\"https:\/\/solium.legal\/team\/rafael-sanchez-garcia\/\"><strong>Rafael S\u00e1nchez Garc\u00eda<\/strong><\/a><\/p>\n\n    <div class=\"clearboth\"><\/div>\n<\/div>\n\n\n\n\n\n<div id=\"padding-5\" class=\"mk-padding-divider jupiter-donut-  jupiter-donut-clearfix\"><\/div>\n\n<div class=\"vc_separator wpb_content_element vc_separator_align_center vc_sep_width_100 vc_sep_pos_align_center vc_separator_no_text vc_custom_1594765728045  vc_custom_1594765728045\" ><span class=\"vc_sep_holder vc_sep_holder_l\"><span  style=\"border-color:#1e73be;\" class=\"vc_sep_line\"><\/span><\/span><span class=\"vc_sep_holder vc_sep_holder_r\"><span  style=\"border-color:#1e73be;\" class=\"vc_sep_line\"><\/span><\/span>\n<\/div>\t<div class=\" vc_custom_1594418208662\">\n\n<div id=\"text-block-6\" class=\"mk-text-block  jupiter-donut- \">\n\n\t\n\t<p style=\"text-align: justify;\">El Departamento de Litigaci\u00f3n y Arbitraje se encarga del conocimiento y estudio de todos aquellos asuntos que tengan por objeto la resoluci\u00f3n de conflictos de nuestros clientes, valorando en todo momento la posibilidad de una soluci\u00f3n amistosa que satisfaga los intereses que representamos.<\/p>\n<p style=\"text-align: justify;\">Cuando no sea posible una transacci\u00f3n amistosa, asesoramos al cliente acerca de la mejor estrategia judicial para la defensa de sus intereses, analizando en todo momento las posibilidades de \u00e9xito de una posible reclamaci\u00f3n judicial, as\u00ed como los posibles costes del procedimiento.<\/p>\n<p style=\"text-align: justify;\">En este sentido nos encargamos de la defensa ante los Tribunales y Cortes de Arbitraje, de todo tipo de procedimientos en el \u00e1mbito civil, mercantil, penal, laboral y contencioso-administrativo, incluyendo procedimientos de ejecuci\u00f3n de las diferentes resoluciones judiciales.<\/p>\n\n\t<div class=\"clearboth\"><\/div>\n<\/div>\n\n\t<\/div>\n\n<div id=\"padding-7\" class=\"mk-padding-divider jupiter-donut-  jupiter-donut-clearfix\"><\/div>\n\n<div class=\"vc_btn3-container vc_btn3-center vc_custom_1595090206896\" ><a class=\"vc_general vc_btn3 vc_btn3-size-lg vc_btn3-shape-square vc_btn3-style-modern vc_btn3-color-peacoc\" href=\"https:\/\/solium.legal\/contacto\/\" title=\"CONTACTO\">CONTACTE CON NOSOTROS<\/a><\/div><\/div>\n\t<\/div>\n\n","protected":false},"excerpt":{"rendered":"LITIGACI\u00d3N Y ARBITRAJE RESPONSABLE DE \u00c1REARafael S\u00e1nchez Garc\u00eda El Departamento de Litigaci\u00f3n y Arbitraje se encarga del conocimiento y estudio de todos aquellos asuntos que tengan por objeto la resoluci\u00f3n de conflictos de nuestros clientes, valorando en todo momento la posibilidad de una soluci\u00f3n amistosa que satisfaga los intereses que representamos. Cuando no sea posible [...]","protected":false},"author":2,"featured_media":0,"parent":17,"menu_order":0,"comment_status":"closed","ping_status":"closed","template":"","meta":{"footnotes":""},"class_list":["post-1413","page","type-page","status-publish","hentry"],"_links":{"self":[{"href":"https:\/\/solium.legal\/es_es\/wp-json\/wp\/v2\/pages\/1413","targetHints":{"allow":["GET"]}}],"collection":[{"href":"https:\/\/solium.legal\/es_es\/wp-json\/wp\/v2\/pages"}],"about":[{"href":"https:\/\/solium.legal\/es_es\/wp-json\/wp\/v2\/types\/page"}],"author":[{"embeddable":true,"href":"https:\/\/solium.legal\/es_es\/wp-json\/wp\/v2\/users\/2"}],"replies":[{"embeddable":true,"href":"https:\/\/solium.legal\/es_es\/wp-json\/wp\/v2\/comments?post=1413"}],"version-history":[{"count":22,"href":"https:\/\/solium.legal\/es_es\/wp-json\/wp\/v2\/pages\/1413\/revisions"}],"predecessor-version":[{"id":3245,"href":"https:\/\/solium.legal\/es_es\/wp-json\/wp\/v2\/pages\/1413\/revisions\/3245"}],"up":[{"embeddable":true,"href":"https:\/\/solium.legal\/es_es\/wp-json\/wp\/v2\/pages\/17"}],"wp:attachment":[{"href":"https:\/\/solium.legal\/es_es\/wp-json\/wp\/v2\/media?parent=1413"}],"curies":[{"name":"wp","href":"https:\/\/api.w.org\/{rel}","templated":true}]}}