{"id":1507,"date":"2020-05-22T07:38:31","date_gmt":"2020-05-22T07:38:31","guid":{"rendered":"https:\/\/solium.legal\/?page_id=1507"},"modified":"2025-12-12T14:23:34","modified_gmt":"2025-12-12T14:23:34","slug":"civil","status":"publish","type":"page","link":"https:\/\/solium.legal\/es_es\/areas-practicas\/civil\/","title":{"rendered":"Civil"},"content":{"rendered":"\n<div  data-mk-stretch-content=\"true\" class=\"wpb_row vc_row vc_row-fluid jupiter-donut- mk-fullwidth-false  attched-false     js-master-row  mk-grid\">\n\t\t\t\t\n<div class=\"vc_col-sm-12 wpb_column column_container  jupiter-donut- _ jupiter-donut-height-full\">\n\t\n<div id=\"padding-2\" class=\"mk-padding-divider jupiter-donut-  jupiter-donut-clearfix\"><\/div>\n\n<h2 style=\"color: #1e73be;text-align: left;font-family:Quicksand;font-weight:700;font-style:normal\" class=\"vc_custom_heading\" >Civil<\/h2>\n<div id=\"padding-3\" class=\"mk-padding-divider jupiter-donut-  jupiter-donut-clearfix\"><\/div>\n\n\n<div id=\"box-icon-4\" class=\"mk-box-icon  jupiter-donut- simple_minimal-style   jupiter-donut-clearfix\">\n\n    <h4 class=\"icon-box-title\"><i class=\"mk-main-ico small \"><svg  class=\"mk-svg-icon\" data-name=\"mk-icon-bookmark-o\" data-cacheid=\"icon-69de6d9263263\" xmlns=\"http:\/\/www.w3.org\/2000\/svg\" viewBox=\"0 0 1280 1792\"><path d=\"M1152 256h-1024v1242l423-406 89-85 89 85 423 406v-1242zm12-128q23 0 44 9 33 13 52.5 41t19.5 62v1289q0 34-19.5 62t-52.5 41q-19 8-44 8-48 0-83-32l-441-424-441 424q-36 33-83 33-23 0-44-9-33-13-52.5-41t-19.5-62v-1289q0-34 19.5-62t52.5-41q21-9 44-9h1048z\"\/><\/svg><\/i><span>RESPONSABLES DE \u00c1REA<\/span><div class=\"clearboth\"><\/div><\/h4><p><a href=\"https:\/\/solium.legal\/team\/eugenio-llamas-pombo\/\"><strong>Eugenio Llamas Pombo<\/strong><\/a><\/p>\n<p><a href=\"https:\/\/solium.legal\/es_es\/team\/marta-perez-cardoso\/\"><strong>Marta P\u00e9rez Cardoso<\/strong><\/a><\/p>\n<p><a href=\"https:\/\/solium.legal\/es_es\/team\/gemma-ponce-martinez\/\"><strong>Gemma Ponce Mart\u00ednez<\/strong><\/a><\/p>\n\n    <div class=\"clearboth\"><\/div>\n<\/div>\n\n\n\n\n\n<div id=\"padding-5\" class=\"mk-padding-divider jupiter-donut-  jupiter-donut-clearfix\"><\/div>\n\n\n<div id=\"box-icon-6\" class=\"mk-box-icon  jupiter-donut- simple_minimal-style   jupiter-donut-clearfix\">\n\n    <h4 class=\"icon-box-title\"><i class=\"mk-main-ico small \"><svg  class=\"mk-svg-icon\" data-name=\"mk-icon-bookmark-o\" data-cacheid=\"icon-69de6d9263765\" xmlns=\"http:\/\/www.w3.org\/2000\/svg\" viewBox=\"0 0 1280 1792\"><path d=\"M1152 256h-1024v1242l423-406 89-85 89 85 423 406v-1242zm12-128q23 0 44 9 33 13 52.5 41t19.5 62v1289q0 34-19.5 62t-52.5 41q-19 8-44 8-48 0-83-32l-441-424-441 424q-36 33-83 33-23 0-44-9-33-13-52.5-41t-19.5-62v-1289q0-34 19.5-62t52.5-41q21-9 44-9h1048z\"\/><\/svg><\/i><span>SOCIOS ADSCRITOS<\/span><div class=\"clearboth\"><\/div><\/h4><p><a href=\"https:\/\/solium.legal\/team\/rafael-sanchez-garcia\/\"><strong>Rafael S\u00e1nchez Garc\u00eda<\/strong><\/a><\/p>\n\n    <div class=\"clearboth\"><\/div>\n<\/div>\n\n\n\n\n\n<div id=\"padding-7\" class=\"mk-padding-divider jupiter-donut-  jupiter-donut-clearfix\"><\/div>\n\n\n<div id=\"box-icon-8\" class=\"mk-box-icon  jupiter-donut- simple_minimal-style   jupiter-donut-clearfix\">\n\n    <h4 class=\"icon-box-title\"><i class=\"mk-main-ico small \"><svg  class=\"mk-svg-icon\" data-name=\"mk-icon-bookmark-o\" data-cacheid=\"icon-69de6d9263bb3\" xmlns=\"http:\/\/www.w3.org\/2000\/svg\" viewBox=\"0 0 1280 1792\"><path d=\"M1152 256h-1024v1242l423-406 89-85 89 85 423 406v-1242zm12-128q23 0 44 9 33 13 52.5 41t19.5 62v1289q0 34-19.5 62t-52.5 41q-19 8-44 8-48 0-83-32l-441-424-441 424q-36 33-83 33-23 0-44-9-33-13-52.5-41t-19.5-62v-1289q0-34 19.5-62t52.5-41q21-9 44-9h1048z\"\/><\/svg><\/i><span>Equipo<\/span><div class=\"clearboth\"><\/div><\/h4><p><a href=\"https:\/\/solium.legal\/es_es\/team\/alfredo-albinana\/\"><strong>Alfredo Albi\u00f1ana Barra<\/strong><\/a><\/p>\n\n    <div class=\"clearboth\"><\/div>\n<\/div>\n\n\n\n\n<div class=\"vc_separator wpb_content_element vc_separator_align_center vc_sep_width_100 vc_sep_pos_align_center vc_separator_no_text vc_custom_1594763390517  vc_custom_1594763390517\" ><span class=\"vc_sep_holder vc_sep_holder_l\"><span  style=\"border-color:#1e73be;\" class=\"vc_sep_line\"><\/span><\/span><span class=\"vc_sep_holder vc_sep_holder_r\"><span  style=\"border-color:#1e73be;\" class=\"vc_sep_line\"><\/span><\/span>\n<\/div>\t<div class=\" vc_custom_1594731175566\">\n\n<div id=\"text-block-9\" class=\"mk-text-block  jupiter-donut- \">\n\n\t\n\t<p style=\"text-align: justify;\">Nuestro departamento especializado abarca todas las \u00e1reas relativas al Derecho Civil.<\/p>\n<p style=\"text-align: justify;\">Planificamos, asesoramos y redactamos todo tipo de contratos y negocios jur\u00eddico civiles: compraventas, arrendamientos, donaciones, opciones de compra y opciones de venta, fianzas y garant\u00edas, reservas de dominio, prohibiciones disponer, etc.<\/p>\n<p style=\"text-align: justify;\">Tambi\u00e9n prestamos servicios en relaci\u00f3n con todo tipo de derechos de superficie, sobre edificaci\u00f3n, hipotecas, prendas, usufructos, servidumbre, expedientes de dominio, operaciones de declaraci\u00f3n de obra nueva, propiedad horizontal, multipropiedad, agrupaciones, agregaciones, segregaciones y divisiones de finca.<\/p>\n<p style=\"text-align: justify;\"><b>Derecho de Familia<\/b>, asesoramos sobre capitulaciones matrimoniales, procedimientos de nulidad, divorcio, separaci\u00f3n, de relaciones paterno filiales, modificaci\u00f3n de medidas y tramitaci\u00f3n de la liquidaci\u00f3n del r\u00e9gimen econ\u00f3mico matrimonial. Tramitamos procedimientos para lograr la\u00a0<b>Incapacidad Judicial <\/b><\/p>\n<p style=\"text-align: justify;\">En relaci\u00f3n con el <b>Derecho de Sucesiones<\/b>, asesoramos a la hora de planificar testamentos u otras figuras sucesorias (pactos sucesorios, donaciones <em>mortis causa<\/em>, fideicomisos&#8230;), tanto de Derecho Com\u00fan como de Derechos Forales. De igual forma intervenimos en defensa de nuestros clientes en los procedimientos judiciales relacionados con el Derecho de Sucesiones como por ejemplo la divisi\u00f3n judicial de la herencia, impugnaci\u00f3n de testamentos, reclamaci\u00f3n de leg\u00edtima, etc.<\/p>\n\n\t<div class=\"clearboth\"><\/div>\n<\/div>\n\n\t<\/div>\n\n<div id=\"padding-10\" class=\"mk-padding-divider jupiter-donut-  jupiter-donut-clearfix\"><\/div>\n\n<div class=\"vc_btn3-container vc_btn3-center vc_custom_1595090088449\" ><a class=\"vc_general vc_btn3 vc_btn3-size-lg vc_btn3-shape-square vc_btn3-style-modern vc_btn3-color-peacoc\" href=\"https:\/\/solium.legal\/contacto\/\" title=\"CONTACTO\">CONTACTE CON NOSOTROS<\/a><\/div><\/div>\n\t<\/div>\n\n","protected":false},"excerpt":{"rendered":"Civil RESPONSABLES DE \u00c1REAEugenio Llamas Pombo Marta P\u00e9rez Cardoso Gemma Ponce Mart\u00ednez SOCIOS ADSCRITOSRafael S\u00e1nchez Garc\u00eda EquipoAlfredo Albi\u00f1ana Barra Nuestro departamento especializado abarca todas las \u00e1reas relativas al Derecho Civil. Planificamos, asesoramos y redactamos todo tipo de contratos y negocios jur\u00eddico civiles: compraventas, arrendamientos, donaciones, opciones de compra y opciones de venta, fianzas y garant\u00edas, [...]","protected":false},"author":2,"featured_media":0,"parent":17,"menu_order":0,"comment_status":"closed","ping_status":"closed","template":"","meta":{"footnotes":""},"class_list":["post-1507","page","type-page","status-publish","hentry"],"_links":{"self":[{"href":"https:\/\/solium.legal\/es_es\/wp-json\/wp\/v2\/pages\/1507","targetHints":{"allow":["GET"]}}],"collection":[{"href":"https:\/\/solium.legal\/es_es\/wp-json\/wp\/v2\/pages"}],"about":[{"href":"https:\/\/solium.legal\/es_es\/wp-json\/wp\/v2\/types\/page"}],"author":[{"embeddable":true,"href":"https:\/\/solium.legal\/es_es\/wp-json\/wp\/v2\/users\/2"}],"replies":[{"embeddable":true,"href":"https:\/\/solium.legal\/es_es\/wp-json\/wp\/v2\/comments?post=1507"}],"version-history":[{"count":35,"href":"https:\/\/solium.legal\/es_es\/wp-json\/wp\/v2\/pages\/1507\/revisions"}],"predecessor-version":[{"id":3309,"href":"https:\/\/solium.legal\/es_es\/wp-json\/wp\/v2\/pages\/1507\/revisions\/3309"}],"up":[{"embeddable":true,"href":"https:\/\/solium.legal\/es_es\/wp-json\/wp\/v2\/pages\/17"}],"wp:attachment":[{"href":"https:\/\/solium.legal\/es_es\/wp-json\/wp\/v2\/media?parent=1507"}],"curies":[{"name":"wp","href":"https:\/\/api.w.org\/{rel}","templated":true}]}}