{"id":21,"date":"2018-01-02T21:40:28","date_gmt":"2018-01-02T21:40:28","guid":{"rendered":"https:\/\/solium.legal\/?page_id=21"},"modified":"2025-11-28T23:20:39","modified_gmt":"2025-11-28T23:20:39","slug":"contacto","status":"publish","type":"page","link":"https:\/\/solium.legal\/es_es\/contacto\/","title":{"rendered":"CONTACTO"},"content":{"rendered":"\n<div  data-mk-stretch-content=\"true\" class=\"wpb_row vc_row vc_row-fluid jupiter-donut- mk-fullwidth-false  attched-false     js-master-row  mk-grid\">\n\t\t\t\t\n<div class=\"vc_col-sm-12 wpb_column column_container vc_custom_1594774700184 jupiter-donut- _ jupiter-donut-height-full\">\n\t\n<div id=\"padding-2\" class=\"mk-padding-divider jupiter-donut-  jupiter-donut-clearfix\"><\/div>\n\n<\/div>\n\t<\/div>\n\n<div  data-mk-stretch-content=\"true\" class=\"wpb_row vc_row vc_row-fluid jupiter-donut- mk-fullwidth-false  attched-false     js-master-row  mk-grid\">\n\t\t\t\t\n<div class=\"vc_col-sm-6 wpb_column column_container  jupiter-donut- _ jupiter-donut-height-full\">\n\t\n<h2 id=\"fancy-title-4\" class=\"mk-fancy-title  simple-style jupiter-donut-  color-single\">\n\t<span>\n\t\t\t\t<h4><strong>DATOS DE CONTACTO<\/strong><\/h4>\n\t\t\t<\/span>\n<\/h2>\n<div class=\"clearboth\"><\/div>\n\n\n\n\t<div class=\" vc_custom_1764372031815\">\n\n<div id=\"text-block-5\" class=\"mk-text-block  jupiter-donut- \">\n\n\t\n\t<p>MADRID<\/p>\n<p><i class=\"fa fa-phone-square \" ><\/i>\u00a0 <strong><a href=\"tel:917003360\">917 003 360<\/a><\/strong><\/p>\n<p>SALAMANCA<\/p>\n<p><i class=\"fa fa-phone-square \" ><\/i>\u00a0 <strong><a href=\"tel:923218067\">923 218 067<\/a><\/strong><\/p>\n<p>VALENCIA<\/p>\n<p><i class=\"fa fa-phone-square \" ><\/i>\u00a0 <strong><a href=\"tel:963423839\">963 423 839<\/a><\/strong><\/p>\n<p>PALMA DE MALLORCA<\/p>\n<p><i class=\"fa fa-phone-square \" ><\/i> <strong><a href=\"tel:http:\/\/+34%20871%20871%20219%20-%20M%C3%B3vil%20+34%20601%20354%20022\">601 354 022<\/a><\/strong><\/p>\n<p>IBIZA<\/p>\n<p><i class=\"fa fa-phone-square \" ><\/i> <strong><a href=\"tel:http:\/\/T.%20+34%20871%20871%20219\">871 871 219<\/a><\/strong><\/p>\n<p>LAS PALMAS DE GRAN CANARIA<\/p>\n<p><i class=\"fa fa-phone-square \" ><\/i>\u00a0 <strong><a href=\"tel:928366585\">928 366 585<\/a><\/strong><\/p>\n<p><strong><a href=\"mailto:info@solium.legal\"><i class=\"fa fa-envelope-o \" ><\/i>\u00a0 info@solium.legal<\/a><\/strong><\/p>\n\n\t<div class=\"clearboth\"><\/div>\n<\/div>\n\n\t<\/div>\n\n<div id=\"padding-6\" class=\"mk-padding-divider jupiter-donut-  jupiter-donut-clearfix\"><\/div>\n\n\n<h2 id=\"fancy-title-7\" class=\"mk-fancy-title  simple-style jupiter-donut-  color-single\">\n\t<span>\n\t\t\t\t<h4><strong>HORARIO DE ATENCI\u00d3N<\/strong><\/h4>\n\t\t\t<\/span>\n<\/h2>\n<div class=\"clearboth\"><\/div>\n\n\n\n\t<div class=\" vc_custom_1712742713219\">\n\n<div id=\"text-block-8\" class=\"mk-text-block  jupiter-donut- \">\n\n\t\n\t<p><strong>Lunes a Jueves<\/strong><br \/>\n09:00 &#8211; 19:00 horas.<\/p>\n<p><strong>Viernes<\/strong><br \/>\n09:00 &#8211; 14:00 horas.<\/p>\n\n\t<div class=\"clearboth\"><\/div>\n<\/div>\n\n\t<\/div>\n<div class=\"vc_separator wpb_content_element vc_separator_align_center vc_sep_width_80 vc_sep_pos_align_left vc_separator_no_text vc_sep_color_black vc_custom_1594773534400  vc_custom_1594773534400\" ><span class=\"vc_sep_holder vc_sep_holder_l\"><span  class=\"vc_sep_line\"><\/span><\/span><span class=\"vc_sep_holder vc_sep_holder_r\"><span  class=\"vc_sep_line\"><\/span><\/span>\n<\/div><\/div>\n\n<div class=\"vc_col-sm-6 wpb_column column_container  jupiter-donut- _ jupiter-donut-height-full\">\n\t\n<h2 id=\"fancy-title-10\" class=\"mk-fancy-title  simple-style jupiter-donut-  color-single\">\n\t<span>\n\t\t\t\t<h4><strong>FORMULARIO DE CONTACTO<br \/>\n<\/strong><\/h4>\n\t\t\t<\/span>\n<\/h2>\n<div class=\"clearboth\"><\/div>\n\n\n\n\n\t<div class=\"wpb_raw_code wpb_content_element wpb_raw_html\" >\n\t\t<div class=\"wpb_wrapper\">\n\t\t\t\n<div class=\"wpcf7 no-js\" id=\"wpcf7-f2414-o1\" lang=\"es-ES\" dir=\"ltr\" data-wpcf7-id=\"2414\">\n<div class=\"screen-reader-response\"><p role=\"status\" aria-live=\"polite\" aria-atomic=\"true\"><\/p> <ul><\/ul><\/div>\n<form action=\"\/es_es\/wp-json\/wp\/v2\/pages\/21#wpcf7-f2414-o1\" method=\"post\" class=\"wpcf7-form init dfa73a33ff27 cmatic-conn cmatic-aud-1 cmatic-mapd0-0 cmatic-v0974 cmatic-sent-0 cmatic-total-0\" aria-label=\"Formulario de contacto\" novalidate=\"novalidate\" data-status=\"init\">\n<fieldset class=\"hidden-fields-container\"><input type=\"hidden\" name=\"_wpcf7\" value=\"2414\" \/><input type=\"hidden\" name=\"_wpcf7_version\" value=\"6.1.4\" \/><input type=\"hidden\" name=\"_wpcf7_locale\" value=\"es_ES\" \/><input type=\"hidden\" name=\"_wpcf7_unit_tag\" value=\"wpcf7-f2414-o1\" \/><input type=\"hidden\" name=\"_wpcf7_container_post\" value=\"0\" \/><input type=\"hidden\" name=\"_wpcf7_posted_data_hash\" value=\"\" \/><input type=\"hidden\" name=\"_wpcf7_recaptcha_response\" value=\"\" \/>\n<\/fieldset>\n<p><label><b> Nombre <\/b><br \/>\n<span class=\"wpcf7-form-control-wrap\" data-name=\"your-name\"><input size=\"40\" maxlength=\"400\" class=\"wpcf7-form-control wpcf7-text wpcf7-validates-as-required\" aria-required=\"true\" aria-invalid=\"false\" value=\"\" type=\"text\" name=\"your-name\" \/><\/span> <\/label>\n<\/p>\n<p><label><b> Email <br \/>\n<span class=\"wpcf7-form-control-wrap\" data-name=\"your-email\"><input size=\"40\" maxlength=\"400\" class=\"wpcf7-form-control wpcf7-email wpcf7-validates-as-required wpcf7-text wpcf7-validates-as-email\" aria-required=\"true\" aria-invalid=\"false\" value=\"\" type=\"email\" name=\"your-email\" \/><\/span> <\/b><\/label>\n<\/p>\n<p><label><b> Tel\u00e9fono <\/b><br \/>\n<span class=\"wpcf7-form-control-wrap\" data-name=\"your-phone\"><input size=\"40\" maxlength=\"400\" class=\"wpcf7-form-control wpcf7-text wpcf7-validates-as-required\" aria-required=\"true\" aria-invalid=\"false\" value=\"\" type=\"text\" name=\"your-phone\" \/><\/span> <\/label>\n<\/p>\n<p><label><b> \u00bfEn qu\u00e9 podemos ayudarle? <\/b><br \/>\n<span class=\"wpcf7-form-control-wrap\" data-name=\"your-message\"><textarea cols=\"60\" rows=\"5\" maxlength=\"2000\" class=\"wpcf7-form-control wpcf7-textarea\" aria-invalid=\"false\" name=\"your-message\"><\/textarea><\/span> <\/label>\n<\/p>\n<div class=\"texto-legal\">\n\t<p><br \/>\n<span class=\"wpcf7-form-control-wrap\" data-name=\"tratamiento\"><span class=\"wpcf7-form-control wpcf7-acceptance\"><span class=\"wpcf7-list-item\"><label><input type=\"checkbox\" name=\"tratamiento\" value=\"1\" aria-invalid=\"false\" \/><span class=\"wpcf7-list-item-label\">S\u00ed, consiento a SOLIUM LEGAL S.L.P. el tratamiento de los datos introducidos en este formulario para dar respuesta a mi consulta o petici\u00f3n, de acuerdo a su <a href=\"https:\/\/solium.legal\/politica-de-privacidad\/\" target=\"_blank\">Pol\u00edtica de Privacidad<\/a>.<\/span><\/label><\/span><\/span><\/span>\n\t<\/p>\n\t<p><br \/>\n<span class=\"wpcf7-form-control-wrap\" data-name=\"com-comerciales\"><span class=\"wpcf7-form-control wpcf7-acceptance optional\"><span class=\"wpcf7-list-item\"><label><input type=\"checkbox\" name=\"com-comerciales\" value=\"1\" aria-invalid=\"false\" \/><span class=\"wpcf7-list-item-label\">S\u00ed, consiento a SOLIUM LEGAL S.L.P. el env\u00edo de comunicaciones comerciales. Este consentimiento es opcional y podr\u00e1 retirarlo f\u00e1cilmente tras cada comunicaci\u00f3n.<\/span><\/label><\/span><\/span><\/span>\n\t<\/p>\n<\/div>\n<p class=\"boton-enviar\" align=\"center\"><input class=\"wpcf7-form-control wpcf7-submit has-spinner\" type=\"submit\" value=\"Enviar\" \/>\n<\/p><p style=\"display: none !important;\" class=\"akismet-fields-container\" data-prefix=\"_wpcf7_ak_\"><label>&#916;<textarea name=\"_wpcf7_ak_hp_textarea\" cols=\"45\" rows=\"8\" maxlength=\"100\"><\/textarea><\/label><input type=\"hidden\" id=\"ak_js_1\" name=\"_wpcf7_ak_js\" value=\"103\"\/><script>document.getElementById( \"ak_js_1\" ).setAttribute( \"value\", ( new Date() ).getTime() );<\/script><\/p><div class=\"wpcf7-response-output\" aria-hidden=\"true\"><\/div>\n<\/form>\n<\/div>\n\n\n<script> \ndocument.addEventListener( 'wpcf7submit', function( event ) {\n    fbq('track','CompleteRegistration');\n}, false );\n<\/script>\n\n<script> \ndocument.addEventListener( 'wpcf7submit', function( event ) {\n\t\t    ga('send', {\n  hitType: 'event',\n  eventCategory: 'Formulario',\n  eventAction: 'Envio',\n  eventLabel: 'Envio-de-formulario',\n  eventValue: '1'\n});\n}, false );\n<\/script>\n\t\t<\/div>\n\t<\/div>\n\n\t<div class=\"wpb_raw_code wpb_content_element wpb_raw_html\" >\n\t\t<div class=\"wpb_wrapper\">\n\t\t\t<script> \ndocument.addEventListener( 'wpcf7submit', function( event ) {\n    fbq('track','CompleteRegistration');\n}, false );\n<\/script>\n\n<script> \ndocument.addEventListener( 'wpcf7submit', function( event ) {\n\t\t    ga('send', {\n  hitType: 'event',\n  eventCategory: 'Formulario',\n  eventAction: 'Envio',\n  eventLabel: 'Envio-de-formulario',\n  eventValue: '1'\n});\n}, false );\n<\/script>\n\t\t<\/div>\n\t<\/div>\n\n<div id=\"padding-11\" class=\"mk-padding-divider jupiter-donut-hidden-sm  jupiter-donut-clearfix\"><\/div>\n\n<\/div>\n\t<\/div>\n\n<div  data-mk-stretch-content=\"true\" class=\"wpb_row vc_row vc_row-fluid jupiter-donut- mk-fullwidth-false  attched-false    vc_custom_1594774742936  js-master-row  mk-grid\">\n\t\t\t\t\n<div class=\"vc_col-sm-6 wpb_column column_container  jupiter-donut- _ jupiter-donut-height-full\">\n\t<\/div>\n\n<div class=\"vc_col-sm-6 wpb_column column_container  jupiter-donut- _ jupiter-donut-height-full\">\n\t<\/div>\n\t<\/div>\n\n<div  data-mk-stretch-content=\"true\" class=\"wpb_row vc_row vc_row-fluid jupiter-donut- mk-fullwidth-false  attched-false     js-master-row  mk-grid\">\n\t\t\t\t\n<div class=\"vc_col-sm-12 wpb_column column_container  jupiter-donut- _ jupiter-donut-height-full\">\n\t<\/div>\n\t<\/div>\n\n<div  data-mk-stretch-content=\"true\" class=\"wpb_row vc_row vc_row-fluid jupiter-donut- mk-fullwidth-false  attched-false     js-master-row  mk-grid\">\n\t\t\t\t\n<div class=\"vc_col-sm-12 wpb_column column_container  jupiter-donut- _ jupiter-donut-height-full\">\n\t\n\t<div class=\"wpb_raw_code wpb_content_element wpb_raw_html\" >\n\t\t<div class=\"wpb_wrapper\">\n\t\t\t<script> \ndocument.addEventListener( 'wpcf7submit', function( event ) {\n    fbq('track','CompleteRegistration');\n}, false );\n<\/script>\n\n<script> \ndocument.addEventListener( 'wpcf7submit', function( event ) {\n\t\t    ga('send', {\n  hitType: 'event',\n  eventCategory: 'Formulario',\n  eventAction: 'Envio',\n  eventLabel: 'Envio-de-formulario',\n  eventValue: '1'\n});\n}, false );\n<\/script>\n\t\t<\/div>\n\t<\/div>\n<\/div>\n\t<\/div>\n\n","protected":false},"excerpt":{"rendered":"DATOS DE CONTACTO MADRID \u00a0 917 003 360 SALAMANCA \u00a0 923 218 067 VALENCIA \u00a0 963 423 839 PALMA DE MALLORCA 601 354 022 IBIZA 871 871 219 LAS PALMAS DE GRAN CANARIA \u00a0 928 366 585 \u00a0 info@solium.legal HORARIO DE ATENCI\u00d3N Lunes a Jueves 09:00 - 19:00 horas. Viernes 09:00 - 14:00 horas. FORMULARIO [...]","protected":false},"author":2,"featured_media":0,"parent":0,"menu_order":0,"comment_status":"closed","ping_status":"closed","template":"","meta":{"footnotes":""},"class_list":["post-21","page","type-page","status-publish","hentry"],"_links":{"self":[{"href":"https:\/\/solium.legal\/es_es\/wp-json\/wp\/v2\/pages\/21","targetHints":{"allow":["GET"]}}],"collection":[{"href":"https:\/\/solium.legal\/es_es\/wp-json\/wp\/v2\/pages"}],"about":[{"href":"https:\/\/solium.legal\/es_es\/wp-json\/wp\/v2\/types\/page"}],"author":[{"embeddable":true,"href":"https:\/\/solium.legal\/es_es\/wp-json\/wp\/v2\/users\/2"}],"replies":[{"embeddable":true,"href":"https:\/\/solium.legal\/es_es\/wp-json\/wp\/v2\/comments?post=21"}],"version-history":[{"count":58,"href":"https:\/\/solium.legal\/es_es\/wp-json\/wp\/v2\/pages\/21\/revisions"}],"predecessor-version":[{"id":3299,"href":"https:\/\/solium.legal\/es_es\/wp-json\/wp\/v2\/pages\/21\/revisions\/3299"}],"wp:attachment":[{"href":"https:\/\/solium.legal\/es_es\/wp-json\/wp\/v2\/media?parent=21"}],"curies":[{"name":"wp","href":"https:\/\/api.w.org\/{rel}","templated":true}]}}