{"id":2554,"date":"2020-07-14T23:20:10","date_gmt":"2020-07-14T23:20:10","guid":{"rendered":"https:\/\/solium.legal\/?page_id=2554"},"modified":"2025-11-17T18:07:52","modified_gmt":"2025-11-17T18:07:52","slug":"politica-de-privacidad","status":"publish","type":"page","link":"https:\/\/solium.legal\/es_es\/politica-de-privacidad\/","title":{"rendered":"Pol\u00edtica de Privacidad"},"content":{"rendered":"\n<div  data-mk-stretch-content=\"true\" class=\"wpb_row vc_row vc_row-fluid jupiter-donut- mk-fullwidth-false  attched-false    vc_custom_1594766646193  js-master-row  mk-grid\">\n\t\t\t\t\n<div class=\"vc_col-sm-12 wpb_column column_container  jupiter-donut- _ jupiter-donut-height-full\">\n\t\n<div id=\"padding-2\" class=\"mk-padding-divider jupiter-donut-  jupiter-donut-clearfix\"><\/div>\n\n\t<div class=\" vc_custom_1763402859646\">\n\n<div id=\"text-block-3\" class=\"mk-text-block  jupiter-donut- \">\n\n\t\n\t<div id=\"comp-iu1l6sks\" class=\"txtNew\" data-packed=\"true\">\n<h1 class=\"font_4\" style=\"text-align: left;\">Pol\u00edtica de Privacidad<\/h1>\n<div class=\"elementor-element elementor-element-2db0fb6a elementor-widget elementor-widget-heading\" data-id=\"2db0fb6a\" data-element_type=\"widget\" data-settings=\"{&quot;_animation&quot;:&quot;none&quot;}\" data-widget_type=\"heading.default\">\n<div class=\"elementor-widget-container\">\n<p><strong>Responsable del Tratamiento<\/strong><\/p>\n<div>\n<div>\n<div>El responsable del tratamiento de sus datos en virtud de esta Pol\u00edtica de Privacidad es:<\/div>\n<div><\/div>\n<div>SOLIUM LEGAL S.L.P. \u2013 NIF B87572004<\/div>\n<div><\/div>\n<div>Domicilio: Calle Castell\u00f3 82, 2\u00ba Derecha \u2013 28006 Madrid<\/div>\n<div><\/div>\n<div>Direcci\u00f3n de correo electr\u00f3nico: info@solium.legal<\/div>\n<div><\/div>\n<div>Web:\u00a0<a href=\"https:\/\/solium.legal\/\" target=\"_blank\" rel=\"noopener\" data-saferedirecturl=\"https:\/\/www.google.com\/url?q=https:\/\/solium.legal&amp;source=gmail&amp;ust=1763487055356000&amp;usg=AOvVaw0NMHY6XYvwWUWmguM14mWW\">https:\/\/solium.legal<\/a><\/div>\n<div><\/div>\n<div>Tel\u00e9fono:\u00a0+34 917 003 360<\/div>\n<p>En SOLIUM LEGAL S.L.P. reconocemos la importancia de proteger su informaci\u00f3n personal y estamos comprometidos a tratarla con responsabilidad y de conformidad con las leyes de protecci\u00f3n de datos.<\/p>\n<p>La presente pol\u00edtica de privacidad pretende regular todos los aspectos relativos al tratamiento de datos de los diferentes usuarios que navegan o facilitan sus datos personales a trav\u00e9s de los diferentes formularios situados en la web.<\/p>\n<p><strong>Datos Personales<\/strong><\/p>\n<p>Un dato personal es una informaci\u00f3n que le identifica o le hace identificable. A trav\u00e9s de la web, en las casillas establecidas al efecto, recogemos los datos personales que el usuario nos comunica: nombre, apellidos, correo electr\u00f3nico, tel\u00e9fono, direcci\u00f3n postal, poblaci\u00f3n, etc. La visita del usuario a la web no implica que tenga que facilitar ninguna informaci\u00f3n sobre sus datos personales. No obstante, en caso de facilitarlos, los datos ser\u00e1n tratados de forma l\u00edcita con sujeci\u00f3n en todo momento a los principios y derechos recogidos en el RGPD 2016\/679 de 27 de abril de 2016 y la LOPDGDD 3\/2018 del 5 de diciembre.<\/p>\n<p><strong>Finalidad, Duraci\u00f3n y Legitimaci\u00f3n del Tratamiento<\/strong><\/p>\n<p>Los datos que el usuario nos proporcione los trataremos con las siguientes finalidades:<\/p>\n<ul>\n<li>Atender la solicitud o petici\u00f3n realizada por el usuario a trav\u00e9s del formulario de contacto situado en la web. Recogemos y tratamos los datos personales del usuario para poder tramitar y gestionar su solicitud, una consulta o cualquier petici\u00f3n que realiza a trav\u00e9s de dicho formulario. Estos datos los conservaremos durante el tiempo necesario para dar cumplimiento a su petici\u00f3n y durante el tiempo establecido por la ley con una duraci\u00f3n m\u00ednima de 3 a\u00f1os. La base de legitimaci\u00f3n del tratamiento de los datos ser\u00e1 el consentimiento que otorga el usuario al seleccionar la casilla de aceptaci\u00f3n de nuestra pol\u00edtica de privacidad antes de enviar la petici\u00f3n. El usuario tiene derecho a revocar su consentimiento en cualquier momento sin que ello afecte a la licitud del tratamiento basado en el consentimiento previo a su retirada.<\/li>\n<\/ul>\n<ul>\n<li>Gestionar las reservas a los usuarios a trav\u00e9s de nuestro formulario de cita previa situado en la web. Los datos facilitados los conservaremos mientras el usuario no solicite su revocaci\u00f3n y durante el tiempo establecido por la ley con una duraci\u00f3n m\u00ednima de 3 a\u00f1os. La base leg\u00edtima para atender y gestionar la cita previa realizada por el usuario a trav\u00e9s del formulario web ser\u00e1 el consentimiento que otorga el usuario al seleccionar la casilla de aceptaci\u00f3n de nuestra pol\u00edtica de privacidad antes de enviar la petici\u00f3n. En caso de que el usuario no facilite sus datos personales no se podr\u00e1 gestionar su reserva, no pudiendo prestar el servicio solicitado.<\/li>\n<\/ul>\n<ul>\n<li>Mejorar su experiencia al navegar por la web. Estos datos los conservaremos mientras el usuario no revoque su consentimiento al tratamiento de los mismos eliminando las cookies y durante el tiempo establecido por la ley con una duraci\u00f3n m\u00ednima de 3 a\u00f1os. La base leg\u00edtima para mejorar su experiencia al navegar por la web es el consentimiento que otorga el usuario al aceptar las cookies. El usuario tiene derecho a revocar su consentimiento en cualquier momento sin que ello afecte a la licitud del tratamiento basado en el consentimiento previo a su retirada.<\/li>\n<\/ul>\n<p><strong>Cesi\u00f3n o comunicaci\u00f3n de datos personales y transferencias internacionales<\/strong><\/p>\n<p>Sus datos no se comunicar\u00e1n ni ser\u00e1n cedidos a terceros salvo que exista alguna obligaci\u00f3n legal o aquellos prestadores vinculados al Responsable que act\u00faan como encargados del tratamiento.<\/p>\n<p>No se realizan transferencias internacionales. En el caso en que en alg\u00fan momento pudieran realizarse, se le comunicar\u00e1n con el objeto de obtener su consentimiento.<\/p>\n<p><strong>Actualizaci\u00f3n de datos<\/strong><\/p>\n<p>Es importante que para que podamos mantener los datos personales actualizados, el usuario nos informe siempre que haya habido alguna modificaci\u00f3n en ellos. En caso contrario, no respondemos de la veracidad de los mismos.<\/p>\n<p>El usuario garantiza que los datos personales facilitados son veraces garantizando que toda la informaci\u00f3n facilitada corresponde con la situaci\u00f3n real, que est\u00e1 puesta al d\u00eda y es exacta, quedando obligado a comunicar cualquier modificaci\u00f3n.<\/p>\n<p><strong>Datos de Terceros<\/strong><\/p>\n<p>Si el usuario facilita datos de terceras personas para cualquier finalidad a SOLIUM LEGAL S.L.P., garantiza que ha obtenido estos datos de forma l\u00edcita, que ha informado previamente a los afectados, obteniendo su consentimiento para comunicarlos y que la informaci\u00f3n facilitada es exacta y veraz.<\/p>\n<p><strong>Car\u00e1cter obligatorio de la informaci\u00f3n solicitada<\/strong><\/p>\n<\/div>\n<div>Todos nuestros formularios cuentan con un asterisco (*) en los datos obligatorios. Si el usuario no facilita esos campos, o no marca la casilla de aceptaci\u00f3n de la pol\u00edtica de privacidad, no se permitir\u00e1 el env\u00edo de la informaci\u00f3n.<\/div>\n<div><strong>\u00a0<\/strong><\/div>\n<div><strong>Derechos de los interesados<\/strong><\/div>\n<div><\/div>\n<div>\n<div>Tiene derecho a acceder a sus datos y a obtener confirmaci\u00f3n sobre su tratamiento, as\u00ed como una copia de los datos personales objeto de tratamiento. Tiene derecho a actualizarlos y solicitar la rectificaci\u00f3n de los datos que sean inexactos o solicitar la supresi\u00f3n cuando los datos no sean necesarios para los fines para los que fueron recabados. Puede solicitar la limitaci\u00f3n en el tratamiento de sus datos y oponerse al tratamiento de los mismos revocando su consentimiento, as\u00ed como ejercer el derecho a la portabilidad de los datos. Del mismo modo, tiene derecho a no ser objeto de decisiones basadas \u00fanicamente en el tratamiento automatizado de sus datos personales.<\/div>\n<div><\/div>\n<div>Puede ejercer sus derechos contactando con nosotros:<\/div>\n<div><\/div>\n<div>SOLIUM LEGAL S.L.P. Calle Castell\u00f3, 82, 2\u00ba Dcha \u2013 28006 Madrid<\/div>\n<\/div>\n<div><\/div>\n<div>Puede ejercer sus derechos contactando con nosotros:<\/div>\n<div><\/div>\n<div>SOLIUM LEGAL S.L.P. Calle Castell\u00f3, 82, 2\u00ba Dcha &#8211; 28006 Madrid<\/div>\n<div><\/div>\n<div>Direcci\u00f3n de correo electr\u00f3nico: info@solium.legal<\/div>\n<div>\n<p>Si considera que sus derechos no se han atendido debidamente, tiene derecho a presentar una reclamaci\u00f3n ante la Agencia Espa\u00f1ola de Protecci\u00f3n de Datos: www.aepd.es<\/p>\n<p><strong>Tratamiento de datos de menores de edad<\/strong><\/p>\n<\/div>\n<div>Quien facilita los datos a trav\u00e9s de los formularios de esta web y acepta su tratamiento declara ser mayor de 14 a\u00f1os, quedando prohibido el acceso y uso del portal a menores de dicha edad. Si en alg\u00fan momento, el Responsable detecta que un menor de 14 a\u00f1os ha proporcionado datos de car\u00e1cter personal, procederemos a la cancelaci\u00f3n de los mismos. Asimismo, los padres o tutores podr\u00e1n en cualquier caso dirigirse a SOLIUM LEGAL S.L.P. para bloquear la cuenta de acceso de los menores a su cargo que se hubieran registrado falseando su identidad.<\/div>\n<div><strong>\u00a0<\/strong><\/div>\n<div><strong>Tratamiento de Cookies<\/strong><\/div>\n<div>\n<p>Una cookie es un peque\u00f1o archivo que se descarga y almacena en el ordenador del usuario cuando este accede a una p\u00e1gina web. Las cookies permiten a la web, entre otras cosas, almacenar y recuperar informaci\u00f3n sobre los h\u00e1bitos de navegaci\u00f3n del usuario o de su equipo y, dependiendo de la informaci\u00f3n que contengan y de la forma en que utilice su equipo, pueden utilizarse para reconocer al usuario. El usuario tiene la opci\u00f3n de impedir la generaci\u00f3n de cookies, mediante la selecci\u00f3n de la correspondiente opci\u00f3n en su programa de navegador. Puede obtener m\u00e1s informaci\u00f3n leyendo nuestra Pol\u00edtica de Cookies.<\/p>\n<\/div>\n<\/div>\n<\/div>\n<\/div>\n<\/div>\n\n\t<div class=\"clearboth\"><\/div>\n<\/div>\n\n\t<\/div>\n<\/div>\n\t<\/div>\n\n","protected":false},"excerpt":{"rendered":"Pol\u00edtica de Privacidad Responsable del Tratamiento El responsable del tratamiento de sus datos en virtud de esta Pol\u00edtica de Privacidad es: SOLIUM LEGAL S.L.P. \u2013 NIF B87572004 Domicilio: Calle Castell\u00f3 82, 2\u00ba Derecha \u2013 28006 Madrid Direcci\u00f3n de correo electr\u00f3nico: info@solium.legal Web:\u00a0https:\/\/solium.legal Tel\u00e9fono:\u00a0+34 917 003 360 En SOLIUM LEGAL S.L.P. reconocemos la importancia de proteger [...]","protected":false},"author":2,"featured_media":0,"parent":0,"menu_order":0,"comment_status":"closed","ping_status":"closed","template":"","meta":{"footnotes":""},"class_list":["post-2554","page","type-page","status-publish","hentry"],"_links":{"self":[{"href":"https:\/\/solium.legal\/es_es\/wp-json\/wp\/v2\/pages\/2554","targetHints":{"allow":["GET"]}}],"collection":[{"href":"https:\/\/solium.legal\/es_es\/wp-json\/wp\/v2\/pages"}],"about":[{"href":"https:\/\/solium.legal\/es_es\/wp-json\/wp\/v2\/types\/page"}],"author":[{"embeddable":true,"href":"https:\/\/solium.legal\/es_es\/wp-json\/wp\/v2\/users\/2"}],"replies":[{"embeddable":true,"href":"https:\/\/solium.legal\/es_es\/wp-json\/wp\/v2\/comments?post=2554"}],"version-history":[{"count":8,"href":"https:\/\/solium.legal\/es_es\/wp-json\/wp\/v2\/pages\/2554\/revisions"}],"predecessor-version":[{"id":3251,"href":"https:\/\/solium.legal\/es_es\/wp-json\/wp\/v2\/pages\/2554\/revisions\/3251"}],"wp:attachment":[{"href":"https:\/\/solium.legal\/es_es\/wp-json\/wp\/v2\/media?parent=2554"}],"curies":[{"name":"wp","href":"https:\/\/api.w.org\/{rel}","templated":true}]}}