{"id":2558,"date":"2020-07-14T23:35:21","date_gmt":"2020-07-14T23:35:21","guid":{"rendered":"https:\/\/solium.legal\/?page_id=2558"},"modified":"2021-03-09T02:31:53","modified_gmt":"2021-03-09T02:31:53","slug":"politica-de-cookies","status":"publish","type":"page","link":"https:\/\/solium.legal\/es_es\/politica-de-cookies\/","title":{"rendered":"Pol\u00edtica de Cookies"},"content":{"rendered":"\n<div  data-mk-stretch-content=\"true\" class=\"wpb_row vc_row vc_row-fluid jupiter-donut- mk-fullwidth-false  attched-false    vc_custom_1594766646193  js-master-row  mk-grid\">\n\t\t\t\t\n<div class=\"vc_col-sm-12 wpb_column column_container  jupiter-donut- _ jupiter-donut-height-full\">\n\t\n<div id=\"padding-2\" class=\"mk-padding-divider jupiter-donut-  jupiter-donut-clearfix\"><\/div>\n\n\t<div class=\" vc_custom_1615257077172\">\n\n<div id=\"text-block-3\" class=\"mk-text-block  jupiter-donut- \">\n\n\t\n\t<div id=\"comp-iu1l6sks\" class=\"txtNew\" data-packed=\"true\">\n<h1><strong>Pol\u00edtica de Cookies<\/strong><\/h1>\n<p>&nbsp;<\/p>\n<p><strong>INFORMACI\u00d3N SOBRE COOKIES<\/strong><\/p>\n<p>Debido a la entrada en vigor de la referente modificaci\u00f3n de la \u201cLey de Servicios de la Sociedad de la Informaci\u00f3n\u201d (LSSICE) establecida por el Real Decreto 13\/2012, es de obligaci\u00f3n obtener el consentimiento expreso del usuario de todas las p\u00e1ginas web que usan cookies prescindibles, antes de que \u00e9ste navegue por ellas.<\/p>\n<p>&nbsp;<\/p>\n<p><strong>\u00bfQU\u00c9 SON LAS COOKIES?<\/strong><\/p>\n<p>Las cookies y otras tecnolog\u00edas similares tales como local shared objects, flash cookies o p\u00edxeles, son herramientas empleadas por los sitios web para almacenar y recuperar informaci\u00f3n acerca de sus visitantes, as\u00ed como para ofrecer un correcto funcionamiento del sitio.<\/p>\n<p>Mediante el uso de estos elementos se permite al sitio web recordar algunos datos concernientes al usuario, como sus preferencias para la visualizaci\u00f3n de las p\u00e1ginas de ese sitio web, nombre y contrase\u00f1a, productos que m\u00e1s le interesan, etc.<\/p>\n<p>&nbsp;<\/p>\n<p><strong>COOKIES AFECTADAS POR LA NORMATIVA Y COOKIES EXCEPTUADAS<\/strong><\/p>\n<p>Seg\u00fan la directiva de la UE, las cookies que requieren el consentimiento informado por parte del usuario son las cookies de anal\u00edtica y las de publicidad y afiliaci\u00f3n, quedando exceptuadas las de car\u00e1cter t\u00e9cnico y las necesarias para el funcionamiento del sitio web o la prestaci\u00f3n de servicios expresamente solicitados por el usuario.<\/p>\n<p>&nbsp;<\/p>\n<p><strong>COOKIES QUE SE UTILIZAN EN ESTE SITIO WEB<\/strong><\/p>\n<p><strong>Cookies necesarias<\/strong>: son absolutamente imprescindibles para que este sitio web funcione correctamente. Esta categor\u00eda s\u00f3lo incluye cookies que aseguran las funcionalidades b\u00e1sicas y la seguridad del sitio web. Ninguna de estas cookies almacena informaci\u00f3n personal del usuario. Puedes ver el listado de cookies necesarias en nuestra Pol\u00edtica de Cookies, que puedes encontrar en el pie de la p\u00e1gina de inicio de este sitio web.<\/p>\n<ul>\n<li><strong>cookielawinfo-checkbox-necessary<\/strong> &gt; Esta cookie es creada por el plugin GDPR Cookie Consent. Almacena el consentimiento del usuario para las cookies categorizadas como \u00abNecesarias\u00bb.<\/li>\n<li><strong>cookielawinfo-checkbox-functional<\/strong> &gt; Esta cookie es creada por el plugin GDPR Cookie Consent. Almacena el consentimiento del usuario para las cookies categorizadas como \u00abFuncionales\u00bb.<\/li>\n<li><strong>cookielawinfo-checkbox-performance<\/strong> &gt; Esta cookie es creada por el plugin GDPR Cookie Consent. Almacena el consentimiento del usuario para las cookies categorizadas como de \u00abRendimiento\u00bb.<\/li>\n<li><strong>cookielawinfo-checkbox-analytics<\/strong> &gt; Esta cookie es creada por el plugin GDPR Cookie Consent. Almacena el consentimiento del usuario para las cookies categorizadas como \u00abAnal\u00edticas\u00bb.<\/li>\n<li><strong>cookielawinfo-checkbox-advertisement<\/strong> &gt; Esta cookie es creada por el plugin GDPR Cookie Consent. Almacena el consentimiento del usuario para las cookies categorizadas como \u00abPublicitarias\u00bb.<\/li>\n<li><strong>cookielawinfo-checkbox-others<\/strong> &gt; Esta cookie es creada por el plugin GDPR Cookie Consent. Almacena el consentimiento del usuario para las cookies categorizadas como \u00abOtras\u00bb.<\/li>\n<li><strong>__cfduid<\/strong> &gt; Esta cookie es utilizada por servicios de redes de distribuci\u00f3n de contenidos como CloudFlare para identificar dispositivos cliente detr\u00e1s de una IP cmpartida y aplicar par\u00e1metros de seguridad a cada dispositivo. No almacena informaci\u00f3n que pueda identificar al usuario personalmente ni genera ning\u00fan n\u00famero identificador.<\/li>\n<li><strong>__hssrc<\/strong> &gt; Esta cookie es creada por Hubspot. De acuerdo con su documentaci\u00f3n, cuando HubSpot cambia la cookie de sesi\u00f3n, esta cookie es tambi\u00e9n creada para determinar si el usuario ha reiniciado su navegador. Si esta cookie no existe cuando HubSpot lee sus cookies, se considera la sesi\u00f3n como una nueva.<\/li>\n<\/ul>\n<p><strong>Cookies funcionales<\/strong>: ayudan al sitio web a facilitar al usuario distintas funcionalidades como compartir el contenido del mismo en redes sociales, recibir opiniones del usuario y otras.<\/p>\n<ul>\n<li><strong>lidc<\/strong> &gt; Esta cookie es creada por LinkedIn y utilizada para el enrutamiento.<\/li>\n<li><strong>bcookie<\/strong> &gt; Esta cookie es creada por LinkedIn. Su finalidad es activar las funcionalidades de LinkedIn dentro de este sitio web.<\/li>\n<li><strong>lang<\/strong> &gt; Esta cookie es utilizada por LinkedIn para almacenar las preferencias de idioma del usuario, con el fin de servir contenido en dicho idioma la pr\u00f3xima vez que el usuario visite esa red social.<\/li>\n<li><strong>__hssc<\/strong> &gt; Esta cookie es creada por HubSpot. Su objetivo es hacer el seguimiento de las sesiones del usuario, de forma que determinar\u00e1 si HubSpot debe incrementar el n\u00famero de la sesi\u00f3n en la cookie\u00a0 __hstc. Contiene el dominio, un contador de sesi\u00f3n y el tiempo de inciio de la sesi\u00f3n.<\/li>\n<\/ul>\n<p><strong>Cookies de rendimiento<\/strong>: se utilizan para entender y analizar los indicadores de rendimiento claves del sitio web, lo cual contribuye a poder ofrecer ulteriormente una mejor experiencia de usuario a los visitantes de este sitio.<\/p>\n<ul>\n<li><strong>YSC<\/strong> &gt; Esta cookie es creada por YouTube para llevar el recuento de visionados de los v\u00eddeos embebidos en este sitio web.<\/li>\n<\/ul>\n<p><strong>Cookies de anal\u00edtica<\/strong>: se usan para entender c\u00f3mo los usuarios interact\u00faan con el contenido del sitio web. Estas cookies ayudan a proporcionar informaci\u00f3n agregada como el n\u00famero de visitantes, su tasa de rebote, el origen del tr\u00e1fico, etc.<\/p>\n<ul>\n<li><strong>_ga<\/strong> &gt; Esta cookie es instalada por Google Analytics, que la utiliza para recopilar datos an\u00f3nimos del usuario y de su interacci\u00f3n con el sitio web, con el fin de poder agregar la informaci\u00f3n de los distintos visitantes y generar informes. Al recopilar la informaci\u00f3n de forma an\u00f3nima, lo que hace es asignar a cada usuario un n\u00famero identificador.<\/li>\n<li><strong>_gid<\/strong> &gt; Esta cookie es instalada por Google Analytics. Se utiliza para almacenar informaci\u00f3n acerca de c\u00f3mo el usuario interact\u00faa con el sitio web, contribuyendo a la generaci\u00f3n de informes anal\u00edticos que permiten entender el rendimiento del sitio web y de los distintos canales de captaci\u00f3n de tr\u00e1fico. La informaci\u00f3n que se recopila tiene que ver con el n\u00famero de visitantes, el canal y el medio de origen del visitante y las p\u00e1ginas que ha visitado dentro del sitio. Todo esto lo realiza de forma an\u00f3nima.<\/li>\n<li><strong>_gat<\/strong> &gt; Esta cookie es instalada por Google Universal Analytics para acelerar la tasa de solicitudes y no limitar as\u00ed la recopilaci\u00f3n de datos en sitios de alto volumen de tr\u00e1fico.<\/li>\n<li><strong>AnalyticsSyncHistory<\/strong> &gt; Esta cookie es utilizada por LinkedIn para almacenar informaci\u00f3n acerca de la hora en la que se sincroniza la cookie lms_analytics para los usuarios que residen en los pa\u00edses designados.<\/li>\n<li><strong>_hjFirstSeen<\/strong> &gt; Esta cookie es creada por Hotjar, una herramienta que graba en v\u00eddeo y de forma an\u00f3nima la interacci\u00f3n del usuario con el sitio web, para identificar la primera visita del usuario al mismo. Almacena un valor verdadero o falso, indicando si es la primera vez que Hotjar ha detectado al usuario.<\/li>\n<li><strong>_hjAbsoluteSessionInProgress<\/strong> &gt; Esta cookie es creada por Hotjar para detectar la primera visita del usuario a una p\u00e1gina de este sitio web. La cookie crea un valor verdadero o falso en relaci\u00f3n a si es la primera visita.<\/li>\n<li><strong>_hjIncludedInPageviewSample<\/strong> &gt; Esta cookie es creada por Hotjar para que esta herramienta sepa si el usuario est\u00e1 inclu\u00eddo en la muestra de datos definida seg\u00fan el l\u00edmite de p\u00e1ginas vistas del sitio web.<\/li>\n<li><strong>_hjid<\/strong> &gt; Esta cookie es creada por Hotjar cuando el usuario entra por primera vez en una p\u00e1gina. Es utilizada para mantener el n\u00famero identificativo aleatorio asignado al usuario, que es \u00fanico para este sitio web en el navegador. Esto asegura que las subsiguientes visitas del usuario al sitio web sean atribu\u00eddas al mismo n\u00famero identificativo.<\/li>\n<li><strong>__hstc<\/strong> &gt; Esta cookie es creada por Hubspot, una herramienta de marketing y gesti\u00f3n de la relaci\u00f3n con el cliente; que la utiliza para hacer el seguimiento de los usuarios que visitan este sitio web. Almacena informaci\u00f3n de la primera, \u00faltima y actual visita del usuario a ste sitio web, as\u00ed como del n\u00famero de visitas que ha realizado.<\/li>\n<li><strong>hubspotutk<\/strong> &gt; Esta cookie es utilizada por HubSpot para hacer seguimiento de las visitas realizadas por el usuario a este sitio web. HubSpot recibe informaci\u00f3n de esta cookie cada vez que un formulario de esta web es enviado, con el fin de deduplicar contactos.<\/li>\n<\/ul>\n<p><strong>Cookies publicitarias<\/strong>: se usan para ofrecer a los usuarios anuncios y campa\u00f1as de marketing relevantes. Estas cookies hacen seguimiento de forma an\u00f3nima de los visitantes mientras navegan por distintos sitios web y almacenan informaci\u00f3n para poder servir anuncios personalizados. Su aceptaci\u00f3n no implica que el usuario vaya a ver m\u00e1s anuncios, sino que aquellos que van a ser mostrados en cualquier caso, sean de su inter\u00e9s.<\/p>\n<ul>\n<li><strong>IDE<\/strong> &gt; Esta cookie es utilizada por Google DoubleClick y almacena informaci\u00f3n sobre c\u00f3mo el usuario utiliza el sitio web e interact\u00faa con la publicidad que \u00e9ste pueda contener. De este modo, al recopilar esta informaci\u00f3n en distintas webs que contienen esta cookie, es capaz de presentar al usuario publicidad relevante, de acuerdo a su perfil y preferencias.<\/li>\n<li><strong>test_cookie<\/strong> &gt; Esta cookie es creada por Google Doubleclick. Su objetivo es determinar si el navegador del usuario soporta el uso de cookies.<\/li>\n<li><strong>fr<\/strong> &gt; Esta cookie es creada por Facebook para mostrar anuncios relevantes a los usuarios que visitan este sitio web y para medir y mejorar la interacci\u00f3n con dichos anuncios. Esta cookie tambi\u00e9n hace seguimiento del comportamiento del usuario en este sitio web a trav\u00e9s del pixel de Facebook.<\/li>\n<li><strong>_fbp<\/strong> &gt; Esta cookie es creada por Facebook para mostrar anuncios personalizados a los usuarios que visitan este sitio web, cuando utilizan la red social Facebook o cuando navegan por sitios webs que muestran anuncios de la red Audience Network de Facebook.<\/li>\n<li><strong>UserMatchHistory<\/strong> &gt; Esta cookie es generada por Linkedin para hacer seguimiento del usuario en distintos sitios web, con el fin de presentarle publicidad relevante basada en sus intereses y preferencias.<\/li>\n<li><strong>bscookie<\/strong> &gt; Esta cookie hace seguimiento de un n\u00famero identificador del navegador, a petici\u00f3n del bot\u00f3n de compartir de LinkedIn.<\/li>\n<li><strong>VISITOR_INFO1_LIVE<\/strong> &gt; Esta cookie es creada por YouTube, que la utiliza para hacer seguimiento de la informaci\u00f3n de los v\u00eddeos de YouTube embebidos en el sitio web.<\/li>\n<\/ul>\n<p><strong>Otras cookies<\/strong>: cookies que todav\u00eda est\u00e1n siendo analizadas y por tanto no han sido clasificadas todav\u00eda en ninguna categor\u00eda.<\/p>\n<ul>\n<li><strong>CONSENT<\/strong> &gt; Esta cookie es creada por YouTube, sin embargo Google no proporciona todav\u00eda informaci\u00f3n acerca de la misma.<\/li>\n<\/ul>\n<p>&nbsp;<\/p>\n<p><strong>C\u00d3MO ELIMINAR LAS COOKIES DEL NAVEGADOR<\/strong><\/p>\n<p><strong>Google Chrome Version 73<\/strong><\/p>\n<ol>\n<li>Selecciona el icono de Herramientas<\/li>\n<li>Haz clic en Configuraci\u00f3n.<\/li>\n<li>Haz clic en Mostrar Opciones Avanzadas.<\/li>\n<li>En la secci\u00f3n \u201cPrivacidad\u201d haz clic en Configuraci\u00f3n de contenido.<br \/>\n\u2022 Eliminar cookies: Haz clic en Todas las cookies y los datos de sitios\u2026<br \/>\n\u2022 No permitir que se almacenen cookies.<\/li>\n<li>Haz clic en Eliminar datos de navegaci\u00f3n (vaciar la Cach\u00e9).<\/li>\n<li>Cierra y reinicia el navegador.<\/li>\n<\/ol>\n<p>Para m\u00e1s informaci\u00f3n sobre Chrome entra en: http:\/\/support.google.com\/chrome\/answer\/95647?hl=es<\/p>\n<p><strong>Internet Explorer Versi\u00f3n 11<\/strong><\/p>\n<ol>\n<li>Selecciona Herramientas | Opciones de Internet.<\/li>\n<li>Haz clic en la ficha General.<\/li>\n<li>En la secci\u00f3n \u201cHistorial de exploraci\u00f3n\u201d, haz clic en Eliminar el historial de exploraci\u00f3n al salir.<\/li>\n<li>Selecciona Eliminar archivos.<\/li>\n<li>Selecciona Eliminar cookies.<\/li>\n<li>Haz clic en Eliminar.<\/li>\n<li>Haz clic en Aceptar.<\/li>\n<li>Cierra y reinicia el navegador.<\/li>\n<\/ol>\n<p>Para m\u00e1s informaci\u00f3n sobre Internet Explorer entra en: http:\/\/windows.microsoft.com\/es-419\/windows7\/how-to-manage-cookies-in-internet-explorer-9<\/p>\n<p><strong>Firefox Versi\u00f3n 18<\/strong><\/p>\n<ol>\n<li>Selecciona Firefox | Historial | Limpiar el historial reciente.<\/li>\n<li>Al lado de \u201cDetalles\u201d, haz clic en la flecha hacia abajo.<\/li>\n<li>Selecciona las siguientes casillas de verificaci\u00f3n: Cookies, Cach\u00e9, Inicios de sesi\u00f3n activos<\/li>\n<li>Usando el \u201cIntervalo de tiempo para borrar\u201d en el men\u00fa desplegable, selecciona Todo.<\/li>\n<li>Haz clic en Borrar ahora.<\/li>\n<li>Cierra y reinicia el navegador.<\/li>\n<\/ol>\n<p>Puede aceptar o rechazar las cookies individualmente en las Preferencias de Firefox, en la secci\u00f3n Historial disponible en Herramientas &gt; Opciones &gt; Privacidad.<\/p>\n<p>Para m\u00e1s informaci\u00f3n sobre Mozilla Firefox entra en: https:\/\/www.mozilla.org\/es-ES\/privacy\/websites\/#cookies<\/p>\n<p><strong>Safari Versi\u00f3n 5.1<\/strong><\/p>\n<ol>\n<li>Selecciona el icono de Safari \/ Editar | Restaurar Safari.<\/li>\n<li>Selecciona las siguientes casillas de verificaci\u00f3n: Borrar el historial, Eliminar todos los datos de sitio web<\/li>\n<li>Haz clic en Restablecer.<\/li>\n<li>Cierra y reinicia el navegador.<\/li>\n<\/ol>\n<p>Para m\u00e1s informaci\u00f3n sobre Safari entra en: http:\/\/support.apple.com\/kb\/PH5042<\/p>\n<p><strong>Opera<\/strong><\/p>\n<p>Opciones \u2013 Avanzado \u2013 Cookies.<\/p>\n<p>Las opciones de cookies controlan el modo en que Opera las maneja y por lo tanto su aceptaci\u00f3n o rechazo.<\/p>\n<p>Para m\u00e1s informaci\u00f3n sobre \u00d3pera entra en: http:\/\/help.opera.com\/Linux\/10.60\/es-ES\/cookies.html<\/p>\n<p><strong>Otros navegadores<\/strong><\/p>\n<p>Consulta la documentaci\u00f3n del navegador que tengas instalado.<\/p>\n<\/div>\n\n\t<div class=\"clearboth\"><\/div>\n<\/div>\n\n\t<\/div>\n<\/div>\n\t<\/div>\n\n","protected":false},"excerpt":{"rendered":"Pol\u00edtica de Cookies &nbsp; INFORMACI\u00d3N SOBRE COOKIES Debido a la entrada en vigor de la referente modificaci\u00f3n de la \u201cLey de Servicios de la Sociedad de la Informaci\u00f3n\u201d (LSSICE) establecida por el Real Decreto 13\/2012, es de obligaci\u00f3n obtener el consentimiento expreso del usuario de todas las p\u00e1ginas web que usan cookies prescindibles, antes de [...]","protected":false},"author":2,"featured_media":0,"parent":0,"menu_order":0,"comment_status":"closed","ping_status":"closed","template":"","meta":{"footnotes":""},"class_list":["post-2558","page","type-page","status-publish","hentry"],"_links":{"self":[{"href":"https:\/\/solium.legal\/es_es\/wp-json\/wp\/v2\/pages\/2558","targetHints":{"allow":["GET"]}}],"collection":[{"href":"https:\/\/solium.legal\/es_es\/wp-json\/wp\/v2\/pages"}],"about":[{"href":"https:\/\/solium.legal\/es_es\/wp-json\/wp\/v2\/types\/page"}],"author":[{"embeddable":true,"href":"https:\/\/solium.legal\/es_es\/wp-json\/wp\/v2\/users\/2"}],"replies":[{"embeddable":true,"href":"https:\/\/solium.legal\/es_es\/wp-json\/wp\/v2\/comments?post=2558"}],"version-history":[{"count":4,"href":"https:\/\/solium.legal\/es_es\/wp-json\/wp\/v2\/pages\/2558\/revisions"}],"predecessor-version":[{"id":2734,"href":"https:\/\/solium.legal\/es_es\/wp-json\/wp\/v2\/pages\/2558\/revisions\/2734"}],"wp:attachment":[{"href":"https:\/\/solium.legal\/es_es\/wp-json\/wp\/v2\/media?parent=2558"}],"curies":[{"name":"wp","href":"https:\/\/api.w.org\/{rel}","templated":true}]}}