{"id":2812,"date":"2021-11-19T19:46:03","date_gmt":"2021-11-19T19:46:03","guid":{"rendered":"https:\/\/solium.legal\/?page_id=2812"},"modified":"2024-04-10T09:59:13","modified_gmt":"2024-04-10T09:59:13","slug":"urbanismo-y-medio-ambiente","status":"publish","type":"page","link":"https:\/\/solium.legal\/es_es\/areas-practicas\/urbanismo-y-medio-ambiente\/","title":{"rendered":"Urbanismo y Medio Ambiente"},"content":{"rendered":"\n<div  data-mk-stretch-content=\"true\" class=\"wpb_row vc_row vc_row-fluid jupiter-donut- mk-fullwidth-false  attched-false     js-master-row  mk-grid\">\n\t\t\t\t\n<div class=\"vc_col-sm-12 wpb_column column_container  jupiter-donut- _ jupiter-donut-height-full\">\n\t\n<div id=\"padding-2\" class=\"mk-padding-divider jupiter-donut-  jupiter-donut-clearfix\"><\/div>\n\n<h2 style=\"color: #1e73be;text-align: left;font-family:Quicksand;font-weight:300;font-style:normal\" class=\"vc_custom_heading\" ><a href=\"\"><strong>URBANISMO Y MEDIO AMBIENTE<\/strong><\/a><\/h2>\n<div id=\"padding-3\" class=\"mk-padding-divider jupiter-donut-  jupiter-donut-clearfix\"><\/div>\n\n\n<div id=\"box-icon-4\" class=\"mk-box-icon  jupiter-donut- simple_minimal-style   jupiter-donut-clearfix\">\n\n    <h4 class=\"icon-box-title\"><i class=\"mk-main-ico small \"><svg  class=\"mk-svg-icon\" data-name=\"mk-icon-bookmark-o\" data-cacheid=\"icon-69db5f536b30f\" xmlns=\"http:\/\/www.w3.org\/2000\/svg\" viewBox=\"0 0 1280 1792\"><path d=\"M1152 256h-1024v1242l423-406 89-85 89 85 423 406v-1242zm12-128q23 0 44 9 33 13 52.5 41t19.5 62v1289q0 34-19.5 62t-52.5 41q-19 8-44 8-48 0-83-32l-441-424-441 424q-36 33-83 33-23 0-44-9-33-13-52.5-41t-19.5-62v-1289q0-34 19.5-62t52.5-41q21-9 44-9h1048z\"\/><\/svg><\/i><span>RESPONSABLE DE \u00c1REA<\/span><div class=\"clearboth\"><\/div><\/h4><p><a href=\"https:\/\/solium.legal\/team\/lourdes-del-amo\/\"><strong>Lourdes del Amo de la Fuente<\/strong><\/a><\/p>\n\n    <div class=\"clearboth\"><\/div>\n<\/div>\n\n\n\n\n\n<div id=\"padding-5\" class=\"mk-padding-divider jupiter-donut-  jupiter-donut-clearfix\"><\/div>\n\n\n<div id=\"box-icon-6\" class=\"mk-box-icon  jupiter-donut- simple_minimal-style   jupiter-donut-clearfix\">\n\n    <h4 class=\"icon-box-title\"><i class=\"mk-main-ico small \"><svg  class=\"mk-svg-icon\" data-name=\"mk-icon-bookmark-o\" data-cacheid=\"icon-69db5f536b9e6\" xmlns=\"http:\/\/www.w3.org\/2000\/svg\" viewBox=\"0 0 1280 1792\"><path d=\"M1152 256h-1024v1242l423-406 89-85 89 85 423 406v-1242zm12-128q23 0 44 9 33 13 52.5 41t19.5 62v1289q0 34-19.5 62t-52.5 41q-19 8-44 8-48 0-83-32l-441-424-441 424q-36 33-83 33-23 0-44-9-33-13-52.5-41t-19.5-62v-1289q0-34 19.5-62t52.5-41q21-9 44-9h1048z\"\/><\/svg><\/i><span>EQUIPO<\/span><div class=\"clearboth\"><\/div><\/h4><p><a href=\"https:\/\/solium.legal\/team\/gonzalo-reig\/\"><strong>Gonzalo Reig Sanch\u00eds<\/strong><\/a><\/p>\n\n    <div class=\"clearboth\"><\/div>\n<\/div>\n\n\n\n\n<div class=\"vc_separator wpb_content_element vc_separator_align_center vc_sep_width_100 vc_sep_pos_align_center vc_separator_no_text vc_custom_1594766013342  vc_custom_1594766013342\" ><span class=\"vc_sep_holder vc_sep_holder_l\"><span  style=\"border-color:#1e73be;\" class=\"vc_sep_line\"><\/span><\/span><span class=\"vc_sep_holder vc_sep_holder_r\"><span  style=\"border-color:#1e73be;\" class=\"vc_sep_line\"><\/span><\/span>\n<\/div>\t<div class=\" vc_custom_1637351606478\">\n\n<div id=\"text-block-7\" class=\"mk-text-block  jupiter-donut- \">\n\n\t\n\t<p>El \u00e1rea de Urbanismo ofrece a nuestros clientes un asesoramiento integral en materia inmobiliaria. El equipo est\u00e1 integrado por profesionales especializados en el sector inmobiliario con presencia en varias oficinas de la Firma, por lo que aportamos la experiencia y conocimiento de la legislaci\u00f3n auton\u00f3mica urban\u00edstica en varios puntos de la geograf\u00eda espa\u00f1ola.<\/p>\n<p>Adem\u00e1s, contamos con fuertes alianzas profesionales de t\u00e9cnicos de gran experiencia en urbanismo, ofreciendo un enfoque multidisciplinar en todo tipo de operaciones inmobiliarias.<\/p>\n<p>Asesoramos a sociedades, fondos, instituciones, administraciones p\u00fablicas, particulares, entidades urban\u00edsticas, etc.<\/p>\n<p>Nuestros profesionales est\u00e1n capacitados para ayudar a sus clientes, entre otros, en los siguientes procedimientos:<\/p>\n<ul>\n<li>Planeamiento urban\u00edstico general y de desarrollo: plan general de ordenaci\u00f3n urbana, planes especiales, programaci\u00f3n de actuaci\u00f3n urban\u00edstica, etc.<\/li>\n<li>Disciplina urban\u00edstica: expedientes de restauraci\u00f3n de la legalidad y sancionadores.<\/li>\n<li>Licencias y autorizaciones.<\/li>\n<li>Instrumentos de planeamiento y ordenaci\u00f3n de territorio.<\/li>\n<li>Gesti\u00f3n del planeamiento.<\/li>\n<li>Asesoramiento jur\u00eddico a Entidades Urban\u00edsticas: Juntas de Compensaci\u00f3n, Agrupaciones de Inter\u00e9s Urban\u00edstico, etc.<\/li>\n<li>Due Dilligence inmobiliaria<\/li>\n<\/ul>\n\n\t<div class=\"clearboth\"><\/div>\n<\/div>\n\n\t<\/div>\n\n<div id=\"padding-8\" class=\"mk-padding-divider jupiter-donut-  jupiter-donut-clearfix\"><\/div>\n\n<div class=\"vc_btn3-container vc_btn3-center vc_custom_1595090242964\" ><a class=\"vc_general vc_btn3 vc_btn3-size-lg vc_btn3-shape-square vc_btn3-style-modern vc_btn3-color-peacoc\" href=\"https:\/\/solium.legal\/contacto\/\" title=\"CONTACTO\">CONTACTE CON NOSOTROS<\/a><\/div><\/div>\n\t<\/div>\n\n","protected":false},"excerpt":{"rendered":"URBANISMO Y MEDIO AMBIENTE RESPONSABLE DE \u00c1REALourdes del Amo de la Fuente EQUIPOGonzalo Reig Sanch\u00eds El \u00e1rea de Urbanismo ofrece a nuestros clientes un asesoramiento integral en materia inmobiliaria. El equipo est\u00e1 integrado por profesionales especializados en el sector inmobiliario con presencia en varias oficinas de la Firma, por lo que aportamos la experiencia y [...]","protected":false},"author":2,"featured_media":0,"parent":17,"menu_order":0,"comment_status":"closed","ping_status":"closed","template":"","meta":{"footnotes":""},"class_list":["post-2812","page","type-page","status-publish","hentry"],"_links":{"self":[{"href":"https:\/\/solium.legal\/es_es\/wp-json\/wp\/v2\/pages\/2812","targetHints":{"allow":["GET"]}}],"collection":[{"href":"https:\/\/solium.legal\/es_es\/wp-json\/wp\/v2\/pages"}],"about":[{"href":"https:\/\/solium.legal\/es_es\/wp-json\/wp\/v2\/types\/page"}],"author":[{"embeddable":true,"href":"https:\/\/solium.legal\/es_es\/wp-json\/wp\/v2\/users\/2"}],"replies":[{"embeddable":true,"href":"https:\/\/solium.legal\/es_es\/wp-json\/wp\/v2\/comments?post=2812"}],"version-history":[{"count":10,"href":"https:\/\/solium.legal\/es_es\/wp-json\/wp\/v2\/pages\/2812\/revisions"}],"predecessor-version":[{"id":3118,"href":"https:\/\/solium.legal\/es_es\/wp-json\/wp\/v2\/pages\/2812\/revisions\/3118"}],"up":[{"embeddable":true,"href":"https:\/\/solium.legal\/es_es\/wp-json\/wp\/v2\/pages\/17"}],"wp:attachment":[{"href":"https:\/\/solium.legal\/es_es\/wp-json\/wp\/v2\/media?parent=2812"}],"curies":[{"name":"wp","href":"https:\/\/api.w.org\/{rel}","templated":true}]}}