{"id":3236,"date":"2025-11-08T14:54:44","date_gmt":"2025-11-08T14:54:44","guid":{"rendered":"https:\/\/solium.legal\/?page_id=3236"},"modified":"2025-11-17T17:46:12","modified_gmt":"2025-11-17T17:46:12","slug":"startups-escalamiento-juridico","status":"publish","type":"page","link":"https:\/\/solium.legal\/es_es\/areas-practicas\/startups-escalamiento-juridico\/","title":{"rendered":"Startups y Asesoramiento Jur\u00eddico"},"content":{"rendered":"\n<div  data-mk-stretch-content=\"true\" class=\"wpb_row vc_row vc_row-fluid jupiter-donut- mk-fullwidth-false  attched-false     js-master-row  mk-grid\">\n\t\t\t\t\n<div class=\"vc_col-sm-12 wpb_column column_container  jupiter-donut- _ jupiter-donut-height-full\">\n\t\n<div id=\"padding-2\" class=\"mk-padding-divider jupiter-donut-  jupiter-donut-clearfix\"><\/div>\n\n<h2 style=\"color: #1e73be;text-align: left;font-family:Quicksand;font-weight:400;font-style:normal\" class=\"vc_custom_heading\" ><strong> Startups y Asesoramiento Jur\u00eddico<\/strong><\/h2>\n<div id=\"padding-3\" class=\"mk-padding-divider jupiter-donut-  jupiter-donut-clearfix\"><\/div>\n\n\n<div id=\"box-icon-4\" class=\"mk-box-icon  jupiter-donut- simple_minimal-style   jupiter-donut-clearfix\">\n\n    <h4 class=\"icon-box-title\"><i class=\"mk-main-ico small \"><svg  class=\"mk-svg-icon\" data-name=\"mk-icon-bookmark-o\" data-cacheid=\"icon-69d96cec2279c\" xmlns=\"http:\/\/www.w3.org\/2000\/svg\" viewBox=\"0 0 1280 1792\"><path d=\"M1152 256h-1024v1242l423-406 89-85 89 85 423 406v-1242zm12-128q23 0 44 9 33 13 52.5 41t19.5 62v1289q0 34-19.5 62t-52.5 41q-19 8-44 8-48 0-83-32l-441-424-441 424q-36 33-83 33-23 0-44-9-33-13-52.5-41t-19.5-62v-1289q0-34 19.5-62t52.5-41q21-9 44-9h1048z\"\/><\/svg><\/i><span>RESPONSABLE DE \u00c1REA<\/span><div class=\"clearboth\"><\/div><\/h4><p><strong>Julia Fern\u00e1ndez Odriozola<\/strong><\/p>\n\n    <div class=\"clearboth\"><\/div>\n<\/div>\n\n\n\n\n\n<div id=\"padding-5\" class=\"mk-padding-divider jupiter-donut-  jupiter-donut-clearfix\"><\/div>\n\n\n<div id=\"box-icon-6\" class=\"mk-box-icon  jupiter-donut- simple_minimal-style   jupiter-donut-clearfix\">\n\n    <h4 class=\"icon-box-title\"><i class=\"mk-main-ico small \"><svg  class=\"mk-svg-icon\" data-name=\"mk-icon-bookmark-o\" data-cacheid=\"icon-69d96cec22c0c\" xmlns=\"http:\/\/www.w3.org\/2000\/svg\" viewBox=\"0 0 1280 1792\"><path d=\"M1152 256h-1024v1242l423-406 89-85 89 85 423 406v-1242zm12-128q23 0 44 9 33 13 52.5 41t19.5 62v1289q0 34-19.5 62t-52.5 41q-19 8-44 8-48 0-83-32l-441-424-441 424q-36 33-83 33-23 0-44-9-33-13-52.5-41t-19.5-62v-1289q0-34 19.5-62t52.5-41q21-9 44-9h1048z\"\/><\/svg><\/i><span>SOCIO ADSCRITO<\/span><div class=\"clearboth\"><\/div><\/h4><p><a href=\"https:\/\/solium.legal\/team\/gonzalo-diaz\/\"><strong>Gonzalo D\u00edaz Rodr\u00edguez<\/strong><\/a><\/p>\n\n    <div class=\"clearboth\"><\/div>\n<\/div>\n\n\n\n\n<div class=\"vc_separator wpb_content_element vc_separator_align_center vc_sep_width_100 vc_sep_pos_align_center vc_separator_no_text vc_custom_1594763558009  vc_custom_1594763558009\" ><span class=\"vc_sep_holder vc_sep_holder_l\"><span  style=\"border-color:#1e73be;\" class=\"vc_sep_line\"><\/span><\/span><span class=\"vc_sep_holder vc_sep_holder_r\"><span  style=\"border-color:#1e73be;\" class=\"vc_sep_line\"><\/span><\/span>\n<\/div>\t<div class=\" vc_custom_1762613670882\">\n\n<div id=\"text-block-7\" class=\"mk-text-block  jupiter-donut- \">\n\n\t\n\t<article class=\"text-token-text-primary w-full focus:outline-none &#091;--shadow-height:45px&#093; has-data-writing-block:pointer-events-none has-data-writing-block:-mt-(--shadow-height) has-data-writing-block:pt-(--shadow-height) &#091;&amp;:has(&#091;data-writing-block&#093;)&gt;*&#093;:pointer-events-auto &#091;content-visibility:auto&#093; supports-&#091;content-visibility:auto&#093;:&#091;contain-intrinsic-size:auto_100lvh&#093; scroll-mt-&#091;calc(var(--header-height)+min(200px,max(70px,20svh)))&#093;\" dir=\"auto\" tabindex=\"-1\" data-turn-id=\"request-WEB:4b142963-b198-4541-a8b9-bc311def8efb-1\" data-testid=\"conversation-turn-4\" data-scroll-anchor=\"true\" data-turn=\"assistant\">\n<div class=\"text-base my-auto mx-auto pb-10 &#091;--thread-content-margin:--spacing(4)&#093; thread-sm:&#091;--thread-content-margin:--spacing(6)&#093; thread-lg:&#091;--thread-content-margin:--spacing(16)&#093; px-(--thread-content-margin)\">\n<div class=\"&#091;--thread-content-max-width:40rem&#093; thread-lg:&#091;--thread-content-max-width:48rem&#093; mx-auto max-w-(--thread-content-max-width) flex-1 group\/turn-messages focus-visible:outline-hidden relative flex w-full min-w-0 flex-col agent-turn\" tabindex=\"-1\">\n<div class=\"flex max-w-full flex-col grow\">\n<div class=\"min-h-8 text-message relative flex w-full flex-col items-end gap-2 text-start break-words whitespace-normal &#091;.text-message+&amp;&#093;:mt-1\" dir=\"auto\" data-message-author-role=\"assistant\" data-message-id=\"a87b9503-d5b3-4af1-987b-3ff29e3f1a81\" data-message-model-slug=\"gpt-5\">\n<div class=\"flex w-full flex-col gap-1 empty:hidden first:pt-&#091;1px&#093;\">\n<div class=\"markdown prose dark:prose-invert w-full break-words dark markdown-new-styling\">\n<p data-start=\"239\" data-end=\"611\">En <strong data-start=\"242\" data-end=\"258\">Solium Legal<\/strong> comprendemos que cada <em data-start=\"281\" data-end=\"290\">startup<\/em> representa una visi\u00f3n en construcci\u00f3n: un proyecto con desaf\u00edos \u00fanicos, aspiraciones audaces y un potencial extraordinario. Por ello, ofrecemos un <strong data-start=\"438\" data-end=\"471\">acompa\u00f1amiento legal integral<\/strong> dise\u00f1ado para impulsar el crecimiento sostenible de las empresas emergentes, desde sus primeras fases hasta su consolidaci\u00f3n en el mercado.<\/p>\n<p data-start=\"613\" data-end=\"866\">Nuestro equipo de abogados combina <strong data-start=\"648\" data-end=\"709\">experiencia, visi\u00f3n estrat\u00e9gica y cercan\u00eda con el negocio<\/strong> para asesorar a <strong data-start=\"726\" data-end=\"776\">emprendedores, fundadores y equipos directivos<\/strong> en todos los aspectos jur\u00eddicos esenciales para el desarrollo de su proyecto, incluyendo:<\/p>\n<ul data-start=\"868\" data-end=\"1444\">\n<li data-start=\"868\" data-end=\"954\">\n<p data-start=\"870\" data-end=\"954\"><strong data-start=\"870\" data-end=\"900\">Constituci\u00f3n de sociedades<\/strong> y elecci\u00f3n de la estructura jur\u00eddica m\u00e1s eficiente.<\/p>\n<\/li>\n<li data-start=\"955\" data-end=\"1048\">\n<p data-start=\"957\" data-end=\"1048\"><strong data-start=\"957\" data-end=\"977\">Pactos de socios<\/strong> que resguardan la visi\u00f3n del negocio y previenen conflictos futuros.<\/p>\n<\/li>\n<li data-start=\"1049\" data-end=\"1157\">\n<p data-start=\"1051\" data-end=\"1157\"><strong data-start=\"1051\" data-end=\"1077\">Rondas de financiaci\u00f3n<\/strong>, con asesor\u00eda experta en negociaci\u00f3n con inversores y redacci\u00f3n de contratos.<\/p>\n<\/li>\n<li data-start=\"1158\" data-end=\"1249\">\n<p data-start=\"1160\" data-end=\"1249\"><strong data-start=\"1160\" data-end=\"1197\">Protecci\u00f3n de activos intangibles<\/strong>, como propiedad intelectual, marcas y tecnolog\u00eda.<\/p>\n<\/li>\n<li data-start=\"1250\" data-end=\"1335\">\n<p data-start=\"1252\" data-end=\"1335\"><strong data-start=\"1252\" data-end=\"1288\">Contrataci\u00f3n mercantil y laboral<\/strong>, adaptada a entornos din\u00e1micos y escalables.<\/p>\n<\/li>\n<li data-start=\"1336\" data-end=\"1444\">\n<p data-start=\"1338\" data-end=\"1444\"><strong data-start=\"1338\" data-end=\"1364\">Cumplimiento normativo<\/strong>, incluyendo protecci\u00f3n de datos, comercio electr\u00f3nico y regulaci\u00f3n sectorial.<\/p>\n<\/li>\n<\/ul>\n<p data-start=\"1446\" data-end=\"1787\">En <strong data-start=\"1449\" data-end=\"1465\">Solium Legal<\/strong>, no solo somos asesores jur\u00eddicos: <strong data-start=\"1501\" data-end=\"1531\">somos aliados estrat\u00e9gicos<\/strong> comprometidos con el \u00e9xito de nuestros clientes. Acompa\u00f1amos a las startups en cada etapa de su evoluci\u00f3n, anticipando riesgos, optimizando decisiones y construyendo <strong data-start=\"1698\" data-end=\"1729\">estructuras legales s\u00f3lidas<\/strong> que les permitan crecer con confianza y atraer inversi\u00f3n.<\/p>\n<p data-start=\"1789\" data-end=\"1993\">Con el respaldo de un <strong data-start=\"1811\" data-end=\"1894\">despacho de prestigio y una filosof\u00eda centrada en la innovaci\u00f3n y la excelencia<\/strong>, en <strong data-start=\"1899\" data-end=\"1915\">Solium Legal<\/strong> trabajamos para convertir cada idea en una empresa preparada para trascender.<\/p>\n<\/div>\n<\/div>\n<\/div>\n<\/div>\n<div class=\"z-0 flex min-h-&#091;46px&#093; justify-start\"><\/div>\n<\/div>\n<\/div>\n<\/article>\n<div class=\"pointer-events-none h-px w-px\" aria-hidden=\"true\" data-edge=\"true\"><\/div>\n\n\t<div class=\"clearboth\"><\/div>\n<\/div>\n\n\t<\/div>\n\n<div id=\"padding-8\" class=\"mk-padding-divider jupiter-donut-  jupiter-donut-clearfix\"><\/div>\n\n<div class=\"vc_btn3-container vc_btn3-center vc_custom_1595090100450\" ><a class=\"vc_general vc_btn3 vc_btn3-size-lg vc_btn3-shape-square vc_btn3-style-modern vc_btn3-color-peacoc\" href=\"https:\/\/solium.legal\/contacto\/\" title=\"CONTACTO\">CONTACTE CON NOSOTROS<\/a><\/div><\/div>\n\t<\/div>\n\n","protected":false},"excerpt":{"rendered":"Startups y Asesoramiento Jur\u00eddico RESPONSABLE DE \u00c1REAJulia Fern\u00e1ndez Odriozola SOCIO ADSCRITOGonzalo D\u00edaz Rodr\u00edguez En Solium Legal comprendemos que cada startup representa una visi\u00f3n en construcci\u00f3n: un proyecto con desaf\u00edos \u00fanicos, aspiraciones audaces y un potencial extraordinario. Por ello, ofrecemos un acompa\u00f1amiento legal integral dise\u00f1ado para impulsar el crecimiento sostenible de las empresas emergentes, desde sus [...]","protected":false},"author":3,"featured_media":0,"parent":17,"menu_order":0,"comment_status":"closed","ping_status":"closed","template":"","meta":{"footnotes":""},"class_list":["post-3236","page","type-page","status-publish","hentry"],"_links":{"self":[{"href":"https:\/\/solium.legal\/es_es\/wp-json\/wp\/v2\/pages\/3236","targetHints":{"allow":["GET"]}}],"collection":[{"href":"https:\/\/solium.legal\/es_es\/wp-json\/wp\/v2\/pages"}],"about":[{"href":"https:\/\/solium.legal\/es_es\/wp-json\/wp\/v2\/types\/page"}],"author":[{"embeddable":true,"href":"https:\/\/solium.legal\/es_es\/wp-json\/wp\/v2\/users\/3"}],"replies":[{"embeddable":true,"href":"https:\/\/solium.legal\/es_es\/wp-json\/wp\/v2\/comments?post=3236"}],"version-history":[{"count":4,"href":"https:\/\/solium.legal\/es_es\/wp-json\/wp\/v2\/pages\/3236\/revisions"}],"predecessor-version":[{"id":3246,"href":"https:\/\/solium.legal\/es_es\/wp-json\/wp\/v2\/pages\/3236\/revisions\/3246"}],"up":[{"embeddable":true,"href":"https:\/\/solium.legal\/es_es\/wp-json\/wp\/v2\/pages\/17"}],"wp:attachment":[{"href":"https:\/\/solium.legal\/es_es\/wp-json\/wp\/v2\/media?parent=3236"}],"curies":[{"name":"wp","href":"https:\/\/api.w.org\/{rel}","templated":true}]}}