{"id":828,"date":"2018-10-01T04:21:39","date_gmt":"2018-10-01T04:21:39","guid":{"rendered":"https:\/\/solium.legal\/?page_id=828"},"modified":"2023-07-21T11:19:44","modified_gmt":"2023-07-21T11:19:44","slug":"aviso-legal","status":"publish","type":"page","link":"https:\/\/solium.legal\/es_es\/aviso-legal\/","title":{"rendered":"Aviso Legal"},"content":{"rendered":"\n<div  data-mk-stretch-content=\"true\" class=\"wpb_row vc_row vc_row-fluid jupiter-donut- mk-fullwidth-false  attched-false    vc_custom_1594766646193  js-master-row  mk-grid\">\n\t\t\t\t\n<div class=\"vc_col-sm-12 wpb_column column_container  jupiter-donut- _ jupiter-donut-height-full\">\n\t\n<div id=\"padding-2\" class=\"mk-padding-divider jupiter-donut-  jupiter-donut-clearfix\"><\/div>\n\n\t<div class=\" vc_custom_1689938382861\">\n\n<div id=\"text-block-3\" class=\"mk-text-block  jupiter-donut- \">\n\n\t\n\t<div id=\"comp-iu1l6sks\" class=\"txtNew\" data-packed=\"true\">\n<h1 class=\"font_4\" style=\"text-align: left;\">Aviso Legal<\/h1>\n<p>&nbsp;<\/p>\n<\/div>\n<div id=\"comp-iu1l6sml\" class=\"txtNew\" data-packed=\"true\">\n<p class=\"font_8\"><strong>1. Identificaci\u00f3n del titular de la Web.<\/strong><\/p>\n<p class=\"font_8\" style=\"text-align: justify;\">De conformidad con lo prevenido en la Ley de Servicios de la Sociedad de la Informaci\u00f3n, Solium Legal S.L.P, con NIF B87572004, titular de la web https:\/\/solium.legal, le informa de que su domicilio se encuentra en Calle Castell\u00f3 82, 2\u00ba Derecha &#8211; 28006 Madrid.<\/p>\n<p class=\"font_8\" style=\"text-align: justify;\">Para comunicarse con nosotros puede dirigirse al correo info@solium.legal o telef\u00f3nicamente al <a href=\"tel:http:\/\/T.%20+34%20917%20003%20360\">+34 917 003 360<\/a>.<\/p>\n<p class=\"font_8\"><strong>2. Condiciones generales de uso de la web.\u00a0<\/strong><\/p>\n<p class=\"font_8\" style=\"text-align: justify;\">2.1. El acceso y uso de la p\u00e1gina Web\u00a0 y todos los subdominios y directorios incluidos bajo la misma (en adelante conjuntamente denominados como Web) est\u00e1n sujetos a los t\u00e9rminos que se detallan en el presente Aviso Legal.<\/p>\n<p class=\"font_8\" style=\"text-align: justify;\">2.2. El acceso a la misma implica la aceptaci\u00f3n de las mismas sin reservas. La utilizaci\u00f3n de determinados servicios ofrecidos en este sitio se regir\u00e1, adem\u00e1s, por las condiciones particulares previstas en cada caso, las cuales se entender\u00e1n aceptadas por el mero uso de tales servicios.<\/p>\n<p class=\"font_8\" style=\"text-align: justify;\">2.3. A efectos del presente aviso legal se entiende por Web, la informaci\u00f3n visualizada y\/o transmitida (incluyendo, a t\u00edtulo meramente enunciativo, textos, comentarios, noticias de prensa, v\u00eddeo, sonidos, clips de im\u00e1genes, im\u00e1genes, bases de datos, productos multimedia, fotograf\u00edas, interpretaciones o ejecuciones art\u00edsticas, producciones, y en general, aquellas otras creaciones o contenidos expresadas por cualquier medio y\/o soporte tangible o intangible, actualmente conocido o que se invente en el futuro, objeto o no, de protecci\u00f3n por el ordenamiento jur\u00eddico vigente en materia de propiedad intelectual, industrial o derechos an\u00e1logos \u2013 colectivamente consideradas como el \u201cContenido\u201d) que, por su selecci\u00f3n o disposici\u00f3n, constituye una creaci\u00f3n intelectual protegible de conformidad con el art\u00edculo 12 del Texto Refundido de la Ley de Propiedad Intelectual.<\/p>\n<p class=\"font_8\" style=\"text-align: justify;\">2.4. Cualquier entrada, uso o navegaci\u00f3n de la presente Web o de sus contenidos implicar\u00e1 la aceptaci\u00f3n de las presentes condiciones de uso. Solium Legal S.L.P podr\u00e1 modificar en cualquier momento las presentes condiciones de uso. Solium Legal S.L.P podr\u00e1 modificar esta p\u00e1gina web y sus contenidos en cualquier momento sin necesidad de preaviso y la actualizar\u00e1 regularmente.<\/p>\n<p class=\"font_8\" style=\"text-align: justify;\">2.5. El usuario acepta de forma expresa y sin excepciones que el acceso y la utilizaci\u00f3n del presente Web y de los Contenidos del mismo se hace bajo su \u00fanica y exclusiva responsabilidad frente a Solium Legal S.L.P y cualquier tercero.<\/p>\n<p class=\"font_8\" style=\"text-align: justify;\">2.6. El acceso a esta Web tiene car\u00e1cter libre, excepto las \u00e1reas de acceso restringido, y gratuito y su visualizaci\u00f3n y uso no requiere previa suscripci\u00f3n, registro o contrataci\u00f3n previa.<\/p>\n<p class=\"font_8\" style=\"text-align: justify;\">2.7. El Usuario se obliga a usar la Web de forma diligente y correcta. Asimismo, el Usuario se compromete a no utilizarla: (i) para la realizaci\u00f3n de actividades contrarias a la ley, a la moral, a las buenas costumbres aceptadas o al orden p\u00fablico establecido y (ii) con fines o efectos il\u00edcitos, prohibidos o lesivos de derechos e intereses de terceros, declinando Solium Legal S.L.P cualquier responsabilidad que de todo lo anterior se pudiera derivar.<\/p>\n<p class=\"font_8\" style=\"text-align: justify;\">2.8. Solium Legal S.L.P no se hace responsable de las opiniones expresadas por terceros a trav\u00e9s de las herramientas que a tal efecto dispone o disponga en el futuro en su Web, ni se hace responsable del Contenido de los sitios web enlazados a trav\u00e9s de dichas herramientas.<\/p>\n<p class=\"font_8\" style=\"text-align: justify;\">2.9. Solium Legal S.L.P velar\u00e1 para que los contenidos de este Web no tengan car\u00e1cter pornogr\u00e1fico, xen\u00f3fobo, discriminatorio, racista o que no fomenten la violencia.<\/p>\n<p class=\"font_8\" style=\"text-align: justify;\">2.10. Queda prohibida la alteraci\u00f3n de esta web por parte del usuario en todo lo que pueda afectar a su contenido, tales como v\u00ednculos, links o similares.<\/p>\n<p class=\"font_8\" style=\"text-align: justify;\">2.11. El Usuario reconoce que Solium Legal S.L.P no cede ni transfiere al Usuario ning\u00fan derecho sobre la Web o el Contenido as\u00ed como sobre las Marcas Registradas que aparezcan en el mismo, incluyendo, cualesquiera propiedades de terceras partes. Solium Legal S.L.P\u00a0s\u00f3lo autoriza al Usuario el acceso y uso de los mismos de conformidad con los t\u00e9rminos indicados en este aviso legal. En concreto, Solium Legal S.L.P autoriza a los Usuarios a acceder y navegar en la Web y a acceder a los Contenidos que en la misma se incorporen.<\/p>\n<p class=\"font_8\" style=\"text-align: justify;\">2.12. Los Usuarios no estar\u00e1n autorizados para copiar, distribuir (incluyendo correos electr\u00f3nicos e Internet), transmitir, comunicar, modificar, alterar, transformar, ceder o, en cualquier otra forma desplegar actividades que conlleven el uso comercial o il\u00edcito de la Web o de los Contenidos o elementos que lo integran, ya sea con car\u00e1cter parcial o total.<\/p>\n<p class=\"font_8\" style=\"text-align: justify;\">2.13. La informaci\u00f3n que se difunde por este medio se hace \u00fanicamente a t\u00edtulo informativo, reserv\u00e1ndose Solium Legal S.L.P el derecho de eliminar o suspender su difusi\u00f3n, de manera total o parcial, y de modificar la estructura y contenido del portal sin aviso previo, pudiendo incluso limitar o no permitir el acceso a dicha informaci\u00f3n. El objetivo es mantener la calidad y actualizaci\u00f3n de esta informaci\u00f3n y evitar y minimizar posibles errores causados por fallos t\u00e9cnicos. No obstante, Solium Legal S.L.P no garantiza que este el acceso no pueda ser interrumpido o afectado por esos fallos. Solium Legal S.L.P se reserva la facultad de efectuar, en cualquier momento y sin necesidad de previo aviso, modificaciones y actualizaciones la informaci\u00f3n contenida en este sitio web o en la configuraci\u00f3n y presentaci\u00f3n del mismo.<\/p>\n<p class=\"font_8\"><strong>3. Enlaces<\/strong>.<\/p>\n<p class=\"font_8\" style=\"text-align: justify;\">3.1. La presente Web puede contener v\u00ednculos o enlaces con otros portales o sitios web no gestionados por Solium Legal S.L.P. Solium Legal S.L.P\u00a0manifiesta que no ejerce control alguno sobre dichos portales o sitios web, ni es responsable del contenido de los mismos. Los links que esta web pudiera contener se ofrecer\u00e1n, \u00fanicamente, a modo de referencias informativas, cuya finalidad es facilitar el acceso a otros contenidos que se consideran de inter\u00e9s.<\/p>\n<p class=\"font_8\" style=\"text-align: justify;\">3.2. Solium Legal S.L.P no asume ning\u00fan tipo de responsabilidad directa ni indirecta en relaci\u00f3n con la licitud, veracidad, utilidad, calidad o fiabilidad de los contenidos que no est\u00e9n directamente gestionados o controlados por \u00e9stos, aunque puedan ser accesibles a trav\u00e9s de la Web.<\/p>\n<p class=\"font_8\"><strong>4. Propiedad Intelectual e Industrial.<\/strong><\/p>\n<p class=\"font_8\" style=\"text-align: justify;\">4.1. Solium Legal S.L.P se reserva los derechos de propiedad Intelectual de la Web en cuanto a aquellos elementos que conforman la apariencia visual, imagen gr\u00e1fica y otros est\u00edmulos sensoriales de las p\u00e1ginas web que conforman la Web; la arquitectura de navegaci\u00f3n; los c\u00f3digos fuente de las p\u00e1ginas web; fotograf\u00edas, grabaciones, programas de ordenador (en lo sucesivo, el \u201cSoftware\u201d), base de datos, tecnolog\u00eda, know-how, marcas, signos distintivos y logos.<\/p>\n<p class=\"font_8\" style=\"text-align: justify;\">4.2. Los contenidos propios y las obras reproducidas en esta web propiedad de Solium Legal S.L.P est\u00e1n protegido por la normativa sobre propiedad intelectual. Queda prohibida su reproducci\u00f3n total o parcial excepto en los supuestos y con los l\u00edmites que expresamente se autoricen.<\/p>\n<p class=\"font_8\" style=\"text-align: justify;\">As\u00ed, el uso de todos los contenidos propios de la web est\u00e1 sujeto a las siguientes condiciones: (i) \u00danicamente se autoriza el uso personal y no comercial de los contenidos propiedad de Solium Legal S.L.P para fines informativos y relativos al ejercicio profesional. Se incluyen expresamente la docencia, la investigaci\u00f3n predoctoral y posdoctoral, y la cr\u00edtica, siempre que no vayan destinadas a la publicaci\u00f3n y difusi\u00f3n comercial. Los usuarios deber\u00e1n en todo caso citar el autor y la fuente de los materiales utilizados para el uso personal y educativo autorizado, con expresa menci\u00f3n a la direcci\u00f3n URL de esta p\u00e1gina web. El uso de esta p\u00e1gina y de sus contenidos, tal como se autoriza aqu\u00ed es gratuito; (ii) Los usuarios est\u00e1n expresamente autorizados a ver la informaci\u00f3n y elementos que contiene, y a descargarla o reproducirla privadamente en sus sistemas inform\u00e1ticos, salvo cuando expresamente se indique otra cosa (iii) Los usuarios que accedan a esta web no est\u00e1n autorizados a ceder, distribuir o difundir por ning\u00fan medio, ni en todo ni en parte, elementos propiedad de Solium Legal S.L.P contenidos en esta p\u00e1gina web, ni a enviarlos por correo electr\u00f3nico con fines distintos a los autorizados en este aviso legal, ni a modificarlos o alterarlos en modo alguno. (iv) Solium Legal S.L.P pondr\u00e1 los medios materiales y legales necesarios para evitar la inclusi\u00f3n no deseada en esta p\u00e1gina web de elementos que pudieran ser introducidos en ella por terceros ajenos a Solium Legal S.L.P en contra de este aviso legal y sus usos autorizados; (v)Solium Legal S.L.P podr\u00e1 negar el acceso a esta p\u00e1gina a cualquier usuario que introduzca en la misma contenidos no autorizados, ilegales o susceptibles de serlo, y se reserva el derecho a ejercitar adem\u00e1s en ese caso las acciones legales pertinentes, incluida su retirada previa, a posteriori o su moderaci\u00f3n y\/o edici\u00f3n. Solium Legal S.L.P cooperar\u00e1 en todo caso con las autoridades en identificar a quienes pudieran introducir o intentar introducir tales contenidos; (vi) Solium Legal S.L.P responde \u00fanica y exclusivamente del contenido de esta web que tenga su origen en el mismo Solium Legal S.L.P, y en ning\u00fan caso de contenidos que pudieran haber sido introducidos por terceros no autorizados; (vii) Solium Legal S.L.P se reserva el ejercicio exclusivo de los derechos de explotaci\u00f3n de su propiedad intelectual sobre esta p\u00e1gina web, en cualquiera de sus formas, y en especial los derechos de reproducci\u00f3n, distribuci\u00f3n, comunicaci\u00f3n p\u00fablica y transformaci\u00f3n, sin perjuicio de los derechos que puedan corresponder a los autores de las obras que se reproduzcan en esta p\u00e1gina.<\/p>\n<p class=\"font_8\" style=\"text-align: justify;\">4.3. Respecto a las citas de productos y\/o servicios de terceros, Solium Legal S.L.P reconoce a favor de sus titulares los correspondientes derechos de propiedad industrial e intelectual, no implicando su sola menci\u00f3n o aparici\u00f3n en la Web la existencia de derechos ni de responsabilidad alguna sobre los mismos, como tampoco respaldo, patrocinio o recomendaci\u00f3n, a no ser que expresamente as\u00ed se especifique.<\/p>\n<p class=\"font_8\" style=\"text-align: justify;\">4.4. El Usuario reconoce y acepta que en la Web, los derechos se encuentran protegidos por la legislaci\u00f3n aplicable en materia de propiedad intelectual, industrial, derechos de explotaci\u00f3n del valor comercial y publicitario de la imagen y otros derechos an\u00e1logos.<\/p>\n<p class=\"font_8\" style=\"text-align: justify;\">4.5. La utilizaci\u00f3n no autorizada de la informaci\u00f3n contenida en este sitio web, as\u00ed como la lesi\u00f3n de los derechos de Propiedad Intelectual o Industrial de Solium Legal S.L.P, dar\u00e1 lugar a las responsabilidades legalmente establecidas.<\/p>\n<p class=\"font_8\" style=\"text-align: justify;\">4.6. Corresponde a Solium Legal S.L.P el ejercicio exclusivo de los derechos de explotaci\u00f3n de los mismos en cualquier forma y, en especial, los derechos de reproducci\u00f3n, distribuci\u00f3n, comunicaci\u00f3n p\u00fablica (en cualquiera de sus modalidades) y transformaci\u00f3n de aquellos contenidos que sean de su propiedad.<\/p>\n<p class=\"font_8\"><strong>5. Limitaci\u00f3n de Responsabilidad.<\/strong><\/p>\n<p class=\"font_8\" style=\"text-align: justify;\">5.1. Solium Legal S.L.P asume responsabilidad alguna derivada de la conexi\u00f3n o contenidos de los enlaces de terceros o\/y realizados por terceros a los que se hace referencia en la Web.<\/p>\n<p class=\"font_8\" style=\"text-align: justify;\">5.2. Tanto el acceso a esta Web como el uso que pueda hacerse de la informaci\u00f3n contenida en el mismo es de la exclusiva responsabilidad de quien lo realiza. Hay determinadas partes de la p\u00e1gina web cuyo acceso est\u00e1 reservado a los colegiados, mediante un identificador de usuario y una contrase\u00f1a. Los usuarios no colegiados pueden visitar las secciones p\u00fablicas del portal, no debiendo intentar nunca el acceso a las secciones de acceso restringido, salvo que le haya sido autorizado mediante la asignaci\u00f3n de un identificador de usuario y una contrase\u00f1a. El usuario ser\u00e1 responsable de todas las acciones que realice en la navegaci\u00f3n que hiciere en el mismo as\u00ed como de la\u00a0 custodia de sus claves de acceso.<\/p>\n<p class=\"font_8\" style=\"text-align: justify;\">5.3. Solium Legal S.L.P no se hace responsable de los posibles errores de seguridad que se puedan producir ni de los posibles da\u00f1os que puedan causarse al sistema inform\u00e1tico del usuario (hardware y software), los ficheros o documentos almacenados en el mismo, como consecuencia de la presencia de virus en el ordenador del usuario utilizado para la conexi\u00f3n a los contenidos de la Web, de un mal funcionamiento del navegador o del uso de versiones no actualizadas del mismo. Solium Legal S.L.P\u00a0no garantiza la inexistencia de errores en el acceso a este Web, en su contenido, ni que \u00e9ste se encuentre actualizado, aunque desarrollar\u00e1 sus mejores esfuerzos para, en su caso, evitarlos, subsanarlos o actualizarlos.<\/p>\n<p class=\"font_8\" style=\"text-align: justify;\">5.4. Solium Legal S.L.P no se hace responsable de los da\u00f1os y\/o perjuicios de cualquier naturaleza que pudiera sufrir el usuario o un tercero derivados de: (i) la falta de disponibilidad, mantenimiento o efectivo funcionamiento de la Web o de sus contenidos; (ii) de la falta de utilidad, veracidad, adecuaci\u00f3n o validez de la Web o de sus contenidos para satisfacer las necesidades o expectativas del usuario; (iii) de que un tercero, quebrantando las medidas de seguridad establecidas, utilice la Web, sus contenidos para la remisi\u00f3n de virus, o acceda a realizar un tratamiento no autorizado de los datos almacenados; (iv) ni, en general, de cualquier uso de la Web y o contenidos que pudiera realizar el usuario o un tercero, en contra de las condiciones de acceso y uso de los mismos aqu\u00ed establecidas.<\/p>\n<p class=\"font_8\"><strong>6.\u00a0 Cookies.<\/strong><\/p>\n<p class=\"font_8\" style=\"text-align: justify;\">6.1. Las Cookies, en funci\u00f3n de quien las sirve, pueden dividirse entre cookies propias, servidas por esta p\u00e1gina, y cookies de terceros, servidas por otras webs o servicios. A continuaci\u00f3n informamos de las cookies servidas por esta p\u00e1gina y el modo de deshabilitarlas, y las consecuencias de esta acci\u00f3n.<\/p>\n<p class=\"font_8\">6.2. Cookies del sitio<\/p>\n<p class=\"font_8\" style=\"text-align: justify;\">Cookies de sesi\u00f3n: Permiten conocer la experiencia de navegaci\u00f3n y expiran cuando el Usuario cierra el navegador. No se guarda dato personal alguno.<\/p>\n<p class=\"font_8\">Cookies de registro: Las Cookies de registro se generan una vez que el Usuario se ha registrado o posteriormente ha abierto su sesi\u00f3n y se utilizan para identificarle en los Servicios con los siguientes objetivos:<\/p>\n<ul class=\"font_8\">\n<li>\n<p class=\"font_8\">Mantener al Usuario identificado.<\/p>\n<\/li>\n<li>\n<p class=\"font_8\">Comprobar si el Usuario est\u00e1 autorizado para acceder a ciertos Servicios<\/p>\n<\/li>\n<\/ul>\n<p class=\"font_8\">6.3. Cookies de terceros<\/p>\n<p class=\"font_8\" style=\"text-align: justify;\">Cookies usadas por complementos externos de contenido: Esta web hace uso de Google Maps y Google Analytics\u00a0para visualizar ubicaciones geogr\u00e1ficas (nuestras oficinas). Su uso implica la remisi\u00f3n de dos cookies (PREF y NID) gestionadas enteramente por Google.<\/p>\n<p class=\"font_8\">6.4. C\u00f3mo deshabilitar las cookies<\/p>\n<p class=\"font_8\" style=\"text-align: justify;\">Como garant\u00eda adicional a las arriba expuestas, el registro de nuestras cookies podr\u00e1 estar sujeto a la aceptaci\u00f3n de cookies por parte del usuario durante la instalaci\u00f3n o puesta al d\u00eda del navegador usado, y esta aceptaci\u00f3n puede en todo momento ser revocada mediante las opciones de configuraci\u00f3n de contenidos y privacidad disponibles.<\/p>\n<p class=\"font_8\" style=\"text-align: justify;\">Normalmente es posible dejar de aceptar las Cookies del navegador, o dejar de aceptar las Cookies de un Servicio en particular. Todos los navegadores modernos permiten cambiar la configuraci\u00f3n de Cookies. Estos ajustes normalmente se encuentran en las \u2018opciones\u2019 o \u2018Preferencias\u2019 del men\u00fa de su navegador.<\/p>\n<p class=\"font_8\" style=\"text-align: justify;\">El Usuario encontrar\u00e1 los pasos para acceder al men\u00fa de configuraci\u00f3n de las cookies y, en su caso, de la navegaci\u00f3n privada en cada uno de los navegadores principales en siguientes instrucciones y URLs:<\/p>\n<ul class=\"font_8\">\n<li>\n<p class=\"font_8\">Internet Explorer: Herramientas -&gt; Opciones de Internet -&gt; Privacidad -&gt; Configuraci\u00f3n.\u00a0 Para m\u00e1s informaci\u00f3n, puede consultar el soporte de Microsoft o la Ayuda del navegador.<\/p>\n<\/li>\n<li>\n<p class=\"font_8\">Firefox: Herramientas -&gt; Opciones -&gt; Privacidad -&gt; Historial -&gt; Configuraci\u00f3n Personalizada. Para m\u00e1s informaci\u00f3n, puede consultar el soporte de Mozilla o la Ayuda del navegador.<\/p>\n<\/li>\n<li>\n<p class=\"font_8\">Chrome: Configuraci\u00f3n -&gt; Mostrar opciones avanzadas -&gt; Privacidad -&gt; Configuraci\u00f3n de contenido. Para m\u00e1s informaci\u00f3n, puede consultar el soporte de Google o la Ayuda del navegador.<\/p>\n<\/li>\n<li>\n<p class=\"font_8\">Safari: Preferencias -&gt; Seguridad. Para m\u00e1s informaci\u00f3n, puede consultar el soporte de Apple o la Ayuda del navegador.<\/p>\n<\/li>\n<\/ul>\n<p class=\"font_8\"><strong>7. Ley aplicable y jurisdicci\u00f3n.<\/strong><\/p>\n<p class=\"font_8\">Las presentes Condiciones Generales se rigen por la Ley espa\u00f1ola.<\/p>\n<p class=\"font_8\" style=\"text-align: justify;\">Para la resoluci\u00f3n de todas las controversias o cuestiones relacionadas con el presente web o de las actividades en \u00e9l desarrolladas, Solium Legal S.L.P y el Usuario, con renuncia expresa a cualquier otro fuero, aceptan como legislaci\u00f3n rectora de las presentes condiciones la espa\u00f1ola, y para la resoluci\u00f3n de cuantas controversias o litigios pudieran derivarse acuerdan someterse a la jurisdicci\u00f3n de los Juzgados y Tribunales de Madrid capital (Espa\u00f1a).<\/p>\n<h6 class=\"font_6\"><\/h6>\n<\/div>\n\n\t<div class=\"clearboth\"><\/div>\n<\/div>\n\n\t<\/div>\n<\/div>\n\t<\/div>\n\n","protected":false},"excerpt":{"rendered":"Aviso Legal &nbsp; 1. Identificaci\u00f3n del titular de la Web. De conformidad con lo prevenido en la Ley de Servicios de la Sociedad de la Informaci\u00f3n, Solium Legal S.L.P, con NIF B87572004, titular de la web https:\/\/solium.legal, le informa de que su domicilio se encuentra en Calle Castell\u00f3 82, 2\u00ba Derecha - 28006 Madrid. Para [...]","protected":false},"author":2,"featured_media":0,"parent":0,"menu_order":0,"comment_status":"closed","ping_status":"closed","template":"","meta":{"footnotes":""},"class_list":["post-828","page","type-page","status-publish","hentry"],"_links":{"self":[{"href":"https:\/\/solium.legal\/es_es\/wp-json\/wp\/v2\/pages\/828","targetHints":{"allow":["GET"]}}],"collection":[{"href":"https:\/\/solium.legal\/es_es\/wp-json\/wp\/v2\/pages"}],"about":[{"href":"https:\/\/solium.legal\/es_es\/wp-json\/wp\/v2\/types\/page"}],"author":[{"embeddable":true,"href":"https:\/\/solium.legal\/es_es\/wp-json\/wp\/v2\/users\/2"}],"replies":[{"embeddable":true,"href":"https:\/\/solium.legal\/es_es\/wp-json\/wp\/v2\/comments?post=828"}],"version-history":[{"count":15,"href":"https:\/\/solium.legal\/es_es\/wp-json\/wp\/v2\/pages\/828\/revisions"}],"predecessor-version":[{"id":3089,"href":"https:\/\/solium.legal\/es_es\/wp-json\/wp\/v2\/pages\/828\/revisions\/3089"}],"wp:attachment":[{"href":"https:\/\/solium.legal\/es_es\/wp-json\/wp\/v2\/media?parent=828"}],"curies":[{"name":"wp","href":"https:\/\/api.w.org\/{rel}","templated":true}]}}